{"id":35932,"date":"2023-05-28T02:53:16","date_gmt":"2023-05-28T00:53:16","guid":{"rendered":"https:\/\/sextoysproductstore.com\/store\/uncategorized\/silicone-double-penis-ring-delay-ejaculation-cock-rings-male-dick-erection-erotic-cockrings-multi-wearing-ways-sex-toys-for-men\/"},"modified":"2026-04-10T04:22:06","modified_gmt":"2026-04-10T02:22:06","slug":"ooeey-erotic-multi-wearing-cock-ring-for-better-erection-and-ejaculation-delay","status":"publish","type":"product","link":"https:\/\/sextoysproductstore.com\/fr\/store\/cock-rings\/ooeey-erotic-multi-wearing-cock-ring-for-better-erection-and-ejaculation-delay\/","title":{"rendered":"OOEEY Anneau \u00e9rotique pour une meilleure \u00e9rection et un retardement de l'\u00e9jaculation"},"content":{"rendered":"<div><\/div>","protected":false},"excerpt":{"rendered":"<p>Cet anneau double s'\u00e9tire confortablement autour de la base du p\u00e9nis et des testicules et contribue \u00e0 am\u00e9liorer l'\u00e9rection et le plaisir. <span style=\"font-family: -apple-system, BlinkMacSystemFont, 'Segoe UI', Roboto, Oxygen-Sans, Ubuntu, Cantarell, 'Helvetica Neue', sans-serif;\">Avec plus de sang engorgeant votre \u00e9rection, vous \u00eates plus \u00e9tendu et plus large, ce qui vous apporte, ainsi qu'\u00e0 votre partenaire, une satisfaction consid\u00e9rablement accrue.<\/span><\/p>","protected":false},"featured_media":36029,"comment_status":"open","ping_status":"closed","template":"","meta":{"_seopress_robots_primary_cat":"","_seopress_titles_title":"","_seopress_titles_desc":"This double ring stretches comfortably around the base of the penis, and testicles help enhance erections and pleasure. OOEEY Erotic Multi-Wearing Cock Ring.","_seopress_robots_index":""},"store":[],"product_brand":[],"product_cat":[3352],"product_tag":[],"class_list":{"0":"post-35932","1":"product","2":"type-product","3":"status-publish","4":"has-post-thumbnail","6":"product_cat-cock-rings","8":"first","9":"instock","10":"taxable","11":"shipping-taxable","12":"product-type-variable"},"_links":{"self":[{"href":"https:\/\/sextoysproductstore.com\/fr\/wp-json\/wp\/v2\/product\/35932","targetHints":{"allow":["GET"]}}],"collection":[{"href":"https:\/\/sextoysproductstore.com\/fr\/wp-json\/wp\/v2\/product"}],"about":[{"href":"https:\/\/sextoysproductstore.com\/fr\/wp-json\/wp\/v2\/types\/product"}],"replies":[{"embeddable":true,"href":"https:\/\/sextoysproductstore.com\/fr\/wp-json\/wp\/v2\/comments?post=35932"}],"version-history":[{"count":0,"href":"https:\/\/sextoysproductstore.com\/fr\/wp-json\/wp\/v2\/product\/35932\/revisions"}],"wp:featuredmedia":[{"embeddable":true,"href":"https:\/\/sextoysproductstore.com\/fr\/wp-json\/wp\/v2\/media\/36029"}],"wp:attachment":[{"href":"https:\/\/sextoysproductstore.com\/fr\/wp-json\/wp\/v2\/media?parent=35932"}],"wp:term":[{"taxonomy":"store","embeddable":true,"href":"https:\/\/sextoysproductstore.com\/fr\/wp-json\/wp\/v2\/store?post=35932"},{"taxonomy":"product_brand","embeddable":true,"href":"https:\/\/sextoysproductstore.com\/fr\/wp-json\/wp\/v2\/product_brand?post=35932"},{"taxonomy":"product_cat","embeddable":true,"href":"https:\/\/sextoysproductstore.com\/fr\/wp-json\/wp\/v2\/product_cat?post=35932"},{"taxonomy":"product_tag","embeddable":true,"href":"https:\/\/sextoysproductstore.com\/fr\/wp-json\/wp\/v2\/product_tag?post=35932"}],"curies":[{"name":"wp","href":"https:\/\/api.w.org\/{rel}","templated":true}]}}