{"id":34309,"date":"2022-07-12T04:38:36","date_gmt":"2022-07-12T02:38:36","guid":{"rendered":"https:\/\/sextoysproductstore.com\/store\/uncategorized\/tenga-aero-reusable-masturbator-cup-sex-toy-sucking-pocket-pussy-reusable-realistic-transparent-vagina-vacuum-cup\/"},"modified":"2026-04-10T04:18:17","modified_gmt":"2026-04-10T02:18:17","slug":"tenga-aero-reusable-realistic-vagina-vacuum-masturbator","status":"publish","type":"product","link":"https:\/\/sextoysproductstore.com\/fr\/store\/male-masturbators\/tenga-aero-reusable-realistic-vagina-vacuum-masturbator\/","title":{"rendered":"TENGA AERO Masturbateur r\u00e9aliste r\u00e9utilisable avec aspiration du vagin."},"content":{"rendered":"","protected":false},"excerpt":{"rendered":"<p><strong>Bague en argent - Stimuler<\/strong><br \/>\nParoi int\u00e9rieure lisse, plus excitante<\/p>\n<p><strong>Anneau de cobalt (bleu) - doux<\/strong><br \/>\nLa douce paroi int\u00e9rieure de la peluche se sent \u00e9troitement aspir\u00e9e !<\/p>\n<ul>\n<li class=\"p1\">Vide cyclique<\/li>\n<li class=\"p1\">10 niveaux de force d'aspiration<\/li>\n<li class=\"p1\">R\u00e9glage pr\u00e9cis<\/li>\n<\/ul>","protected":false},"featured_media":34389,"comment_status":"open","ping_status":"closed","template":"","meta":{"_seopress_robots_primary_cat":"","_seopress_titles_title":"","_seopress_titles_desc":"TENGA AERO Masturbator. Silver Ring - Stimulate, Smooth inner wall, more exciting. Cobalt Ring (Bleu) - Soft, The soft inner wall of fluffy feels Tightly sucked!","_seopress_robots_index":""},"store":[4025],"product_brand":[],"product_cat":[3450],"product_tag":[3935],"class_list":{"0":"post-34309","1":"product","2":"type-product","3":"status-publish","4":"has-post-thumbnail","6":"store-tenga","7":"product_cat-male-masturbators","8":"product_tag-for-men","10":"first","11":"outofstock","12":"taxable","13":"shipping-taxable","14":"product-type-variable"},"_links":{"self":[{"href":"https:\/\/sextoysproductstore.com\/fr\/wp-json\/wp\/v2\/product\/34309","targetHints":{"allow":["GET"]}}],"collection":[{"href":"https:\/\/sextoysproductstore.com\/fr\/wp-json\/wp\/v2\/product"}],"about":[{"href":"https:\/\/sextoysproductstore.com\/fr\/wp-json\/wp\/v2\/types\/product"}],"replies":[{"embeddable":true,"href":"https:\/\/sextoysproductstore.com\/fr\/wp-json\/wp\/v2\/comments?post=34309"}],"version-history":[{"count":0,"href":"https:\/\/sextoysproductstore.com\/fr\/wp-json\/wp\/v2\/product\/34309\/revisions"}],"wp:featuredmedia":[{"embeddable":true,"href":"https:\/\/sextoysproductstore.com\/fr\/wp-json\/wp\/v2\/media\/34389"}],"wp:attachment":[{"href":"https:\/\/sextoysproductstore.com\/fr\/wp-json\/wp\/v2\/media?parent=34309"}],"wp:term":[{"taxonomy":"store","embeddable":true,"href":"https:\/\/sextoysproductstore.com\/fr\/wp-json\/wp\/v2\/store?post=34309"},{"taxonomy":"product_brand","embeddable":true,"href":"https:\/\/sextoysproductstore.com\/fr\/wp-json\/wp\/v2\/product_brand?post=34309"},{"taxonomy":"product_cat","embeddable":true,"href":"https:\/\/sextoysproductstore.com\/fr\/wp-json\/wp\/v2\/product_cat?post=34309"},{"taxonomy":"product_tag","embeddable":true,"href":"https:\/\/sextoysproductstore.com\/fr\/wp-json\/wp\/v2\/product_tag?post=34309"}],"curies":[{"name":"wp","href":"https:\/\/api.w.org\/{rel}","templated":true}]}}