{"id":33588,"date":"2022-07-09T01:29:44","date_gmt":"2022-07-08T23:29:44","guid":{"rendered":"https:\/\/sextoysproductstore.com\/store\/uncategorized\/men-penis-ring-silicone-cock-rings-male-lock-ejaculation-scrotal-ball-stretcher-anillo-hombre-cockring-sex-toys-for-men\/"},"modified":"2026-04-10T04:03:12","modified_gmt":"2026-04-10T02:03:12","slug":"levett-cock-ring-lock-ejaculation-scrotal-ball-stretcher","status":"publish","type":"product","link":"https:\/\/sextoysproductstore.com\/fr\/store\/cock-rings\/levett-cock-ring-lock-ejaculation-scrotal-ball-stretcher\/","title":{"rendered":"Levett Cock Ring Lock Ejaculation Scrotal Ball Stretcher"},"content":{"rendered":"","protected":false},"excerpt":{"rendered":"<p>Contrairement \u00e0 d'autres produits bon march\u00e9, les produits Levett sont fabriqu\u00e9s en silicone de premi\u00e8re qualit\u00e9, non toxique et tr\u00e8s s\u00fbr pour vos parties intimes. La qualit\u00e9 avant tout, tel est l'objectif de LEVETT.<\/p>\n<ul>\n<li>La partie blanche de l'anneau p\u00e9nien peut briller dans le noir.<\/li>\n<li>Disigne \u00e9pais. Plus confortable et plus efficace que les autres anneaux pour p\u00e9nis fins<\/li>\n<li>Extensible et \u00e9lastique pour toutes les tailles.<\/li>\n<li>Inhibe efficacement l'\u00e9jaculation, aide physiquement \u00e0 l'\u00e9rection.<\/li>\n<li>Pour le traitement de la dysfonction \u00e9rectile.<\/li>\n<li>Mat\u00e9riau : Silicone m\u00e9dical.<\/li>\n<\/ul>","protected":false},"featured_media":34606,"comment_status":"open","ping_status":"closed","template":"","meta":{"_seopress_robots_primary_cat":"","_seopress_titles_title":"","_seopress_titles_desc":"Unlike other cheap products, Levett products are top-grade silicone, non-toxic, and very safe for your private parts. Quality first is LEVETT's purpose.","_seopress_robots_index":""},"store":[4242],"product_brand":[],"product_cat":[3352],"product_tag":[3935],"class_list":{"0":"post-33588","1":"product","2":"type-product","3":"status-publish","4":"has-post-thumbnail","6":"store-levett","7":"product_cat-cock-rings","8":"product_tag-for-men","10":"first","11":"outofstock","12":"sale","13":"featured","14":"taxable","15":"shipping-taxable","16":"purchasable","17":"product-type-variable"},"_links":{"self":[{"href":"https:\/\/sextoysproductstore.com\/fr\/wp-json\/wp\/v2\/product\/33588","targetHints":{"allow":["GET"]}}],"collection":[{"href":"https:\/\/sextoysproductstore.com\/fr\/wp-json\/wp\/v2\/product"}],"about":[{"href":"https:\/\/sextoysproductstore.com\/fr\/wp-json\/wp\/v2\/types\/product"}],"replies":[{"embeddable":true,"href":"https:\/\/sextoysproductstore.com\/fr\/wp-json\/wp\/v2\/comments?post=33588"}],"version-history":[{"count":0,"href":"https:\/\/sextoysproductstore.com\/fr\/wp-json\/wp\/v2\/product\/33588\/revisions"}],"wp:featuredmedia":[{"embeddable":true,"href":"https:\/\/sextoysproductstore.com\/fr\/wp-json\/wp\/v2\/media\/34606"}],"wp:attachment":[{"href":"https:\/\/sextoysproductstore.com\/fr\/wp-json\/wp\/v2\/media?parent=33588"}],"wp:term":[{"taxonomy":"store","embeddable":true,"href":"https:\/\/sextoysproductstore.com\/fr\/wp-json\/wp\/v2\/store?post=33588"},{"taxonomy":"product_brand","embeddable":true,"href":"https:\/\/sextoysproductstore.com\/fr\/wp-json\/wp\/v2\/product_brand?post=33588"},{"taxonomy":"product_cat","embeddable":true,"href":"https:\/\/sextoysproductstore.com\/fr\/wp-json\/wp\/v2\/product_cat?post=33588"},{"taxonomy":"product_tag","embeddable":true,"href":"https:\/\/sextoysproductstore.com\/fr\/wp-json\/wp\/v2\/product_tag?post=33588"}],"curies":[{"name":"wp","href":"https:\/\/api.w.org\/{rel}","templated":true}]}}