{"id":33213,"date":"2022-05-25T06:12:00","date_gmt":"2022-05-25T04:12:00","guid":{"rendered":"https:\/\/sextoysproductstore.com\/store\/uncategorized\/wireless-app-sucking-vibrators-sex-toys-for-women-sucker-g-spot-clitoris-stimulator-vibrating-dildo-oral-licking-masturbator-toy\/"},"modified":"2026-04-10T04:03:03","modified_gmt":"2026-04-10T02:03:03","slug":"levett-wireless-app-sucking-vibrator-sucker-g-spot-clitoris-stimulator","status":"publish","type":"product","link":"https:\/\/sextoysproductstore.com\/fr\/store\/wireless-sex-toys\/levett-wireless-app-sucking-vibrator-sucker-g-spot-clitoris-stimulator\/","title":{"rendered":"Levett Wireless APP Sucking Vibrator Sucker Sucker G-Spot Clitoris Stimulator"},"content":{"rendered":"<p class=\"detail-desc-decorate-content\" align=\"start\">Fonction de version de contr\u00f4le APP :<\/p>\n<ol>\n<li class=\"detail-desc-decorate-content\">Mode classique : 6 fr\u00e9quences de vibration et 6 fr\u00e9quences de succion ;<\/li>\n<li class=\"detail-desc-decorate-content\">Mode musique : Vous pouvez \u00e9couter de la musique tout en utilisant les jouets. La fr\u00e9quence de vibration sera modifi\u00e9e par la m\u00e9lodie de la musique ;<\/li>\n<li class=\"detail-desc-decorate-content\">Mode secousse : En secouant votre t\u00e9l\u00e9phone, vous pouvez contr\u00f4ler la fr\u00e9quence et l'intensit\u00e9 des vibrations ;<\/li>\n<li class=\"detail-desc-decorate-content\">Mode tactile : En glissant votre doigt sur l'\u00e9cran du t\u00e9l\u00e9phone, vous pouvez contr\u00f4ler la fr\u00e9quence et l'intensit\u00e9 des vibrations ;<\/li>\n<li class=\"detail-desc-decorate-content\">Mode interactif : Ajoutez des amis pour contr\u00f4ler les vibrateurs des autres et faites des appels vid\u00e9o. Vous vous amuserez encore plus !<\/li>\n<\/ol>","protected":false},"excerpt":{"rendered":"<ul>\n<li class=\"detail-desc-decorate-content\">Fonction : 6 modes de vibration et 6 modes de succion<\/li>\n<li class=\"detail-desc-decorate-content\">Mat\u00e9riau : Silicone m\u00e9dicale et ABS<\/li>\n<li class=\"detail-desc-decorate-content\">Caract\u00e9ristiques : Imperm\u00e9able, sans phtalate<\/li>\n<li class=\"detail-desc-decorate-content\">Taille : 100mm*77mm*70mm<\/li>\n<li class=\"detail-desc-decorate-content\">Batterie : Chargement magn\u00e9tique USB<\/li>\n<\/ul>","protected":false},"featured_media":33237,"comment_status":"open","ping_status":"closed","template":"","meta":{"_seopress_robots_primary_cat":"","_seopress_titles_title":"","_seopress_titles_desc":"","_seopress_robots_index":""},"store":[4242],"product_brand":[],"product_cat":[4228],"product_tag":[3936],"class_list":{"0":"post-33213","1":"product","2":"type-product","3":"status-publish","4":"has-post-thumbnail","6":"store-levett","7":"product_cat-wireless-sex-toys","8":"product_tag-for-women","10":"first","11":"outofstock","12":"taxable","13":"shipping-taxable","14":"product-type-variable"},"_links":{"self":[{"href":"https:\/\/sextoysproductstore.com\/fr\/wp-json\/wp\/v2\/product\/33213","targetHints":{"allow":["GET"]}}],"collection":[{"href":"https:\/\/sextoysproductstore.com\/fr\/wp-json\/wp\/v2\/product"}],"about":[{"href":"https:\/\/sextoysproductstore.com\/fr\/wp-json\/wp\/v2\/types\/product"}],"replies":[{"embeddable":true,"href":"https:\/\/sextoysproductstore.com\/fr\/wp-json\/wp\/v2\/comments?post=33213"}],"version-history":[{"count":0,"href":"https:\/\/sextoysproductstore.com\/fr\/wp-json\/wp\/v2\/product\/33213\/revisions"}],"wp:featuredmedia":[{"embeddable":true,"href":"https:\/\/sextoysproductstore.com\/fr\/wp-json\/wp\/v2\/media\/33237"}],"wp:attachment":[{"href":"https:\/\/sextoysproductstore.com\/fr\/wp-json\/wp\/v2\/media?parent=33213"}],"wp:term":[{"taxonomy":"store","embeddable":true,"href":"https:\/\/sextoysproductstore.com\/fr\/wp-json\/wp\/v2\/store?post=33213"},{"taxonomy":"product_brand","embeddable":true,"href":"https:\/\/sextoysproductstore.com\/fr\/wp-json\/wp\/v2\/product_brand?post=33213"},{"taxonomy":"product_cat","embeddable":true,"href":"https:\/\/sextoysproductstore.com\/fr\/wp-json\/wp\/v2\/product_cat?post=33213"},{"taxonomy":"product_tag","embeddable":true,"href":"https:\/\/sextoysproductstore.com\/fr\/wp-json\/wp\/v2\/product_tag?post=33213"}],"curies":[{"name":"wp","href":"https:\/\/api.w.org\/{rel}","templated":true}]}}