{"id":33094,"date":"2022-05-25T04:27:52","date_gmt":"2022-05-25T02:27:52","guid":{"rendered":"https:\/\/sextoysproductstore.com\/store\/uncategorized\/wireless-app-control-vibrating-egg-vibrator-wearable-panties-vibrators-g-spot-stimulator-vaginal-kegel-ball-sex-toy-for-women\/"},"modified":"2026-04-10T04:01:47","modified_gmt":"2026-04-10T02:01:47","slug":"levett-wireless-app-control-vibrating-egg-g-spot-stimulator-kegel-ball","status":"publish","type":"product","link":"https:\/\/sextoysproductstore.com\/fr\/store\/wireless-sex-toys\/levett-wireless-app-control-vibrating-egg-g-spot-stimulator-kegel-ball\/","title":{"rendered":"LEVETT Oeuf vibrant sans fil avec contr\u00f4le APP Stimulateur du point G Boule de Kegel"},"content":{"rendered":"<p>Version APP :<\/p>\n<ol>\n<li>Mode classique : 9 fr\u00e9quences de vibration<\/li>\n<li>Mode musique : Vous pouvez \u00e9couter de la musique tout en utilisant les jouets. La fr\u00e9quence de vibration sera modifi\u00e9e par la m\u00e9lodie de la musique.<\/li>\n<li>Mode secouage : En secouant votre t\u00e9l\u00e9phone, vous pouvez contr\u00f4ler la fr\u00e9quence et l'intensit\u00e9 des vibrations.<\/li>\n<li>Mode interactif : Ajoutez des amis pour contr\u00f4ler les vibrateurs des uns et des autres et pouvez faire des appels vid\u00e9o. Cela rendra le jeu encore plus amusant !<\/li>\n<\/ol>","protected":false},"excerpt":{"rendered":"<p>Aucune limite de distance ! Peut contr\u00f4ler dans une autre ville. Amusez-vous davantage !<\/p>\n<ul>\n<li>Caract\u00e9ristiques : \u00c9tanche, sans phtalate, charge magn\u00e9tique.<\/li>\n<li>Mat\u00e9riau : Silicone m\u00e9dicale<\/li>\n<li>Modes : 16 fr\u00e9quences de vibration diff\u00e9rentes<\/li>\n<li>Taille : 180*38mm<\/li>\n<li>Alimentation : Chargement magn\u00e9tique USB<\/li>\n<li>Temps de charge : 2-3 heures<\/li>\n<li>Dur\u00e9e d'utilisation : 1,5-2 heures<\/li>\n<li>Distance \u00e0 distance : 10 m\u00e8tres<\/li>\n<\/ul>","protected":false},"featured_media":33147,"comment_status":"open","ping_status":"closed","template":"","meta":{"_seopress_robots_primary_cat":"","_seopress_titles_title":"","_seopress_titles_desc":"","_seopress_robots_index":""},"store":[4242],"product_brand":[],"product_cat":[4228],"product_tag":[3936],"class_list":{"0":"post-33094","1":"product","2":"type-product","3":"status-publish","4":"has-post-thumbnail","6":"store-levett","7":"product_cat-wireless-sex-toys","8":"product_tag-for-women","10":"first","11":"instock","12":"sale","13":"taxable","14":"shipping-taxable","15":"purchasable","16":"product-type-variable"},"_links":{"self":[{"href":"https:\/\/sextoysproductstore.com\/fr\/wp-json\/wp\/v2\/product\/33094","targetHints":{"allow":["GET"]}}],"collection":[{"href":"https:\/\/sextoysproductstore.com\/fr\/wp-json\/wp\/v2\/product"}],"about":[{"href":"https:\/\/sextoysproductstore.com\/fr\/wp-json\/wp\/v2\/types\/product"}],"replies":[{"embeddable":true,"href":"https:\/\/sextoysproductstore.com\/fr\/wp-json\/wp\/v2\/comments?post=33094"}],"version-history":[{"count":0,"href":"https:\/\/sextoysproductstore.com\/fr\/wp-json\/wp\/v2\/product\/33094\/revisions"}],"wp:featuredmedia":[{"embeddable":true,"href":"https:\/\/sextoysproductstore.com\/fr\/wp-json\/wp\/v2\/media\/33147"}],"wp:attachment":[{"href":"https:\/\/sextoysproductstore.com\/fr\/wp-json\/wp\/v2\/media?parent=33094"}],"wp:term":[{"taxonomy":"store","embeddable":true,"href":"https:\/\/sextoysproductstore.com\/fr\/wp-json\/wp\/v2\/store?post=33094"},{"taxonomy":"product_brand","embeddable":true,"href":"https:\/\/sextoysproductstore.com\/fr\/wp-json\/wp\/v2\/product_brand?post=33094"},{"taxonomy":"product_cat","embeddable":true,"href":"https:\/\/sextoysproductstore.com\/fr\/wp-json\/wp\/v2\/product_cat?post=33094"},{"taxonomy":"product_tag","embeddable":true,"href":"https:\/\/sextoysproductstore.com\/fr\/wp-json\/wp\/v2\/product_tag?post=33094"}],"curies":[{"name":"wp","href":"https:\/\/api.w.org\/{rel}","templated":true}]}}