{"id":32829,"date":"2022-05-22T16:08:21","date_gmt":"2022-05-22T14:08:21","guid":{"rendered":"https:\/\/sextoysproductstore.com\/store\/uncategorized\/app-control-egg-vibrators-vibrating-vaginal-vibrator-g-spot-clitoris-stimulator-vaginal-kegel-balls-sexshop-sex-toys-for-women\/"},"modified":"2026-04-10T04:01:15","modified_gmt":"2026-04-10T02:01:15","slug":"levett-app-control-vibrating-kegel-balls-vaginal-g-spot-clitoris-stimulator","status":"publish","type":"product","link":"https:\/\/sextoysproductstore.com\/fr\/store\/wireless-sex-toys\/levett-app-control-vibrating-kegel-balls-vaginal-g-spot-clitoris-stimulator\/","title":{"rendered":"LEVETT APP Control Vibrating Kegel Balls Vaginal G Spot Clitoris Stimulator"},"content":{"rendered":"<p>Fonction de version de contr\u00f4le APP :<\/p>\n<ol>\n<li>Mode classique : 9 fr\u00e9quences de vibration<\/li>\n<li>Mode musique : Vous pouvez \u00e9couter de la musique tout en utilisant les jouets. La m\u00e9lodie change la fr\u00e9quence des vibrations.<\/li>\n<li>Mode secouage : En secouant votre t\u00e9l\u00e9phone, vous pouvez contr\u00f4ler la fr\u00e9quence et l'intensit\u00e9 des vibrations.<\/li>\n<li>Mode interactif : Ajoutez des amis pour contr\u00f4ler les vibrateurs des uns et des autres et vous pouvez passer des appels vid\u00e9o. Cela rendra le jeu encore plus amusant !<\/li>\n<\/ol>","protected":false},"excerpt":{"rendered":"<p>T\u00e9l\u00e9commande sans fil Version :<\/p>\n<ul>\n<li>Modes : 16 fr\u00e9quences de vibration diff\u00e9rentes<\/li>\n<li>Caract\u00e9ristiques : Imperm\u00e9able et sans phtalate<\/li>\n<li>Mat\u00e9riau : Silicone m\u00e9dicale<\/li>\n<li>Taille : 180*30mm<\/li>\n<li>Alimentation : Chargement magn\u00e9tique USB<\/li>\n<li>Temps de charge : 2-3 heures<\/li>\n<li>Temps d'utilisation : &gt;2 heures<\/li>\n<li>Distance de la t\u00e9l\u00e9commande : 10 m\u00e8tres<\/li>\n<\/ul>","protected":false},"featured_media":33010,"comment_status":"open","ping_status":"closed","template":"","meta":{"_seopress_robots_primary_cat":"","_seopress_titles_title":"","_seopress_titles_desc":"","_seopress_robots_index":""},"store":[4242],"product_brand":[],"product_cat":[4228],"product_tag":[3936],"class_list":{"0":"post-32829","1":"product","2":"type-product","3":"status-publish","4":"has-post-thumbnail","6":"store-levett","7":"product_cat-wireless-sex-toys","8":"product_tag-for-women","10":"first","11":"instock","12":"taxable","13":"shipping-taxable","14":"product-type-variable"},"_links":{"self":[{"href":"https:\/\/sextoysproductstore.com\/fr\/wp-json\/wp\/v2\/product\/32829","targetHints":{"allow":["GET"]}}],"collection":[{"href":"https:\/\/sextoysproductstore.com\/fr\/wp-json\/wp\/v2\/product"}],"about":[{"href":"https:\/\/sextoysproductstore.com\/fr\/wp-json\/wp\/v2\/types\/product"}],"replies":[{"embeddable":true,"href":"https:\/\/sextoysproductstore.com\/fr\/wp-json\/wp\/v2\/comments?post=32829"}],"version-history":[{"count":0,"href":"https:\/\/sextoysproductstore.com\/fr\/wp-json\/wp\/v2\/product\/32829\/revisions"}],"wp:featuredmedia":[{"embeddable":true,"href":"https:\/\/sextoysproductstore.com\/fr\/wp-json\/wp\/v2\/media\/33010"}],"wp:attachment":[{"href":"https:\/\/sextoysproductstore.com\/fr\/wp-json\/wp\/v2\/media?parent=32829"}],"wp:term":[{"taxonomy":"store","embeddable":true,"href":"https:\/\/sextoysproductstore.com\/fr\/wp-json\/wp\/v2\/store?post=32829"},{"taxonomy":"product_brand","embeddable":true,"href":"https:\/\/sextoysproductstore.com\/fr\/wp-json\/wp\/v2\/product_brand?post=32829"},{"taxonomy":"product_cat","embeddable":true,"href":"https:\/\/sextoysproductstore.com\/fr\/wp-json\/wp\/v2\/product_cat?post=32829"},{"taxonomy":"product_tag","embeddable":true,"href":"https:\/\/sextoysproductstore.com\/fr\/wp-json\/wp\/v2\/product_tag?post=32829"}],"curies":[{"name":"wp","href":"https:\/\/api.w.org\/{rel}","templated":true}]}}