{"id":32824,"date":"2022-05-22T16:08:05","date_gmt":"2022-05-22T14:08:05","guid":{"rendered":"https:\/\/sextoysproductstore.com\/store\/uncategorized\/levett-male-prostate-massager-vibrator-man-vibrating-dildo-buttplug-adult-erotic-sex-toys-for-men-wireless-remote-butt-anal-plug\/"},"modified":"2026-04-10T04:00:48","modified_gmt":"2026-04-10T02:00:48","slug":"levett-wireless-remote-vibrating-prostate-massager-buttplug-vibrator","status":"publish","type":"product","link":"https:\/\/sextoysproductstore.com\/fr\/store\/wireless-sex-toys\/levett-wireless-remote-vibrating-prostate-massager-buttplug-vibrator\/","title":{"rendered":"LEVETT Vibromasseur de la prostate \u00e0 distance sans fil Vibromasseur de bouchon de culotte"},"content":{"rendered":"","protected":false},"excerpt":{"rendered":"<ul>\n<li>Type : Vibrateur anal<\/li>\n<li>Fonction : 2 moteurs, 11+11 modes de vibration<\/li>\n<li>Caract\u00e9ristiques : Imperm\u00e9able et sans phtalate<\/li>\n<li>Mat\u00e9riau : Silicone de qualit\u00e9 m\u00e9dicale et ABS<\/li>\n<li>Batterie : Chargement par USB<\/li>\n<\/ul>","protected":false},"featured_media":33057,"comment_status":"open","ping_status":"closed","template":"","meta":{"_seopress_robots_primary_cat":"","_seopress_titles_title":"","_seopress_titles_desc":"","_seopress_robots_index":""},"store":[4242],"product_brand":[],"product_cat":[4228],"product_tag":[3935],"class_list":{"0":"post-32824","1":"product","2":"type-product","3":"status-publish","4":"has-post-thumbnail","6":"store-levett","7":"product_cat-wireless-sex-toys","8":"product_tag-for-men","10":"first","11":"outofstock","12":"taxable","13":"shipping-taxable","14":"purchasable","15":"product-type-variable"},"_links":{"self":[{"href":"https:\/\/sextoysproductstore.com\/fr\/wp-json\/wp\/v2\/product\/32824","targetHints":{"allow":["GET"]}}],"collection":[{"href":"https:\/\/sextoysproductstore.com\/fr\/wp-json\/wp\/v2\/product"}],"about":[{"href":"https:\/\/sextoysproductstore.com\/fr\/wp-json\/wp\/v2\/types\/product"}],"replies":[{"embeddable":true,"href":"https:\/\/sextoysproductstore.com\/fr\/wp-json\/wp\/v2\/comments?post=32824"}],"version-history":[{"count":0,"href":"https:\/\/sextoysproductstore.com\/fr\/wp-json\/wp\/v2\/product\/32824\/revisions"}],"wp:featuredmedia":[{"embeddable":true,"href":"https:\/\/sextoysproductstore.com\/fr\/wp-json\/wp\/v2\/media\/33057"}],"wp:attachment":[{"href":"https:\/\/sextoysproductstore.com\/fr\/wp-json\/wp\/v2\/media?parent=32824"}],"wp:term":[{"taxonomy":"store","embeddable":true,"href":"https:\/\/sextoysproductstore.com\/fr\/wp-json\/wp\/v2\/store?post=32824"},{"taxonomy":"product_brand","embeddable":true,"href":"https:\/\/sextoysproductstore.com\/fr\/wp-json\/wp\/v2\/product_brand?post=32824"},{"taxonomy":"product_cat","embeddable":true,"href":"https:\/\/sextoysproductstore.com\/fr\/wp-json\/wp\/v2\/product_cat?post=32824"},{"taxonomy":"product_tag","embeddable":true,"href":"https:\/\/sextoysproductstore.com\/fr\/wp-json\/wp\/v2\/product_tag?post=32824"}],"curies":[{"name":"wp","href":"https:\/\/api.w.org\/{rel}","templated":true}]}}