{"id":32803,"date":"2022-05-22T16:07:53","date_gmt":"2022-05-22T14:07:53","guid":{"rendered":"https:\/\/sextoysproductstore.com\/store\/uncategorized\/clitoral-sucking-vibrator-app-control-sex-toys-for-women-clit-sucker-dildo-vibrator-g-spot-nipple-vacuum-stimulator-sex-products\/"},"modified":"2026-04-10T03:59:42","modified_gmt":"2026-04-10T01:59:42","slug":"levett-app-control-clitoral-sucking-dildo-g-spot-vacuum-stimulator","status":"publish","type":"product","link":"https:\/\/sextoysproductstore.com\/fr\/store\/wireless-sex-toys\/levett-app-control-clitoral-sucking-dildo-g-spot-vacuum-stimulator\/","title":{"rendered":"LEVETT App Control Clitoral Sucer Dildo G Spot Vacuum Stimulator"},"content":{"rendered":"<p class=\"detail-desc-decorate-content\" align=\"start\">Fonction de version de contr\u00f4le APP :<\/p>\n<ol>\n<li class=\"detail-desc-decorate-content\">Mode classique : 6 fr\u00e9quences de vibration et 6 fr\u00e9quences de succion<\/li>\n<li class=\"detail-desc-decorate-content\">Mode musique : Vous pouvez \u00e9couter de la musique tout en utilisant les jouets. La m\u00e9lodie change la fr\u00e9quence des vibrations.<\/li>\n<li class=\"detail-desc-decorate-content\">Mode secouage : En secouant votre t\u00e9l\u00e9phone, vous pouvez contr\u00f4ler la fr\u00e9quence et l'intensit\u00e9 des vibrations.<\/li>\n<li class=\"detail-desc-decorate-content\" data-spm-anchor-id=\"a2g0o.detail.1000023.i0.51bad361OlbpZm\">Mode tactile : Le glissement du doigt sur l'\u00e9cran du t\u00e9l\u00e9phone permet de contr\u00f4ler la fr\u00e9quence et l'intensit\u00e9 des vibrations.<\/li>\n<li class=\"detail-desc-decorate-content\" data-spm-anchor-id=\"a2g0o.detail.1000023.i0.51bad361OlbpZm\">Mode interactif : Ajoutez des amis pour contr\u00f4ler les vibrateurs des uns et des autres et vous pouvez passer des appels vid\u00e9o. Cela rendra le jeu encore plus amusant !<\/li>\n<\/ol>","protected":false},"excerpt":{"rendered":"<ul>\n<li class=\"detail-desc-decorate-content\">Type : Vibrateur de stimulation de succion<\/li>\n<li class=\"detail-desc-decorate-content\">Fonction : 6 modes de vibration et 6 modes de succion<\/li>\n<li class=\"detail-desc-decorate-content\">Mat\u00e9riau : Silicone m\u00e9dicale et ABS<\/li>\n<li class=\"detail-desc-decorate-content\">Caract\u00e9ristiques : Imperm\u00e9able et sans phtalate<\/li>\n<li class=\"detail-desc-decorate-content\">Taille : 100mm*77mm*70mm<\/li>\n<li class=\"detail-desc-decorate-content\">Batterie : Chargement magn\u00e9tique USB<\/li>\n<\/ul>","protected":false},"featured_media":33014,"comment_status":"open","ping_status":"closed","template":"","meta":{"_seopress_robots_primary_cat":"","_seopress_titles_title":"","_seopress_titles_desc":"","_seopress_robots_index":""},"store":[4242],"product_brand":[],"product_cat":[4228],"product_tag":[3936],"class_list":{"0":"post-32803","1":"product","2":"type-product","3":"status-publish","4":"has-post-thumbnail","6":"store-levett","7":"product_cat-wireless-sex-toys","8":"product_tag-for-women","10":"first","11":"outofstock","12":"taxable","13":"shipping-taxable","14":"product-type-variable"},"_links":{"self":[{"href":"https:\/\/sextoysproductstore.com\/fr\/wp-json\/wp\/v2\/product\/32803","targetHints":{"allow":["GET"]}}],"collection":[{"href":"https:\/\/sextoysproductstore.com\/fr\/wp-json\/wp\/v2\/product"}],"about":[{"href":"https:\/\/sextoysproductstore.com\/fr\/wp-json\/wp\/v2\/types\/product"}],"replies":[{"embeddable":true,"href":"https:\/\/sextoysproductstore.com\/fr\/wp-json\/wp\/v2\/comments?post=32803"}],"version-history":[{"count":0,"href":"https:\/\/sextoysproductstore.com\/fr\/wp-json\/wp\/v2\/product\/32803\/revisions"}],"wp:featuredmedia":[{"embeddable":true,"href":"https:\/\/sextoysproductstore.com\/fr\/wp-json\/wp\/v2\/media\/33014"}],"wp:attachment":[{"href":"https:\/\/sextoysproductstore.com\/fr\/wp-json\/wp\/v2\/media?parent=32803"}],"wp:term":[{"taxonomy":"store","embeddable":true,"href":"https:\/\/sextoysproductstore.com\/fr\/wp-json\/wp\/v2\/store?post=32803"},{"taxonomy":"product_brand","embeddable":true,"href":"https:\/\/sextoysproductstore.com\/fr\/wp-json\/wp\/v2\/product_brand?post=32803"},{"taxonomy":"product_cat","embeddable":true,"href":"https:\/\/sextoysproductstore.com\/fr\/wp-json\/wp\/v2\/product_cat?post=32803"},{"taxonomy":"product_tag","embeddable":true,"href":"https:\/\/sextoysproductstore.com\/fr\/wp-json\/wp\/v2\/product_tag?post=32803"}],"curies":[{"name":"wp","href":"https:\/\/api.w.org\/{rel}","templated":true}]}}