{"id":32795,"date":"2022-05-22T16:07:50","date_gmt":"2022-05-22T14:07:50","guid":{"rendered":"https:\/\/sextoysproductstore.com\/store\/uncategorized\/electric-shock-pulse-man-prostate-massage-vibrators-sex-toy-for-men-wireless-rotation-male-anal-butt-plug-stimulator-masturbator\/"},"modified":"2026-04-10T03:59:17","modified_gmt":"2026-04-10T01:59:17","slug":"levett-wireless-rotation-electric-pulse-prostate-massager-butt-plug-masturbator","status":"publish","type":"product","link":"https:\/\/sextoysproductstore.com\/fr\/store\/wireless-sex-toys\/levett-wireless-rotation-electric-pulse-prostate-massager-butt-plug-masturbator\/","title":{"rendered":"LEVETT Wireless Rotation Electric Pulse Prostate Massager Butt Plug Masturbator (anglais)"},"content":{"rendered":"<p align=\"start\">Fonction de la version APP (pas pour la version du contr\u00f4leur) :<\/p>\n<ol>\n<li>Mode classique : 9 fr\u00e9quences de vibration<\/li>\n<li>Mode musique : Vous pouvez \u00e9couter de la musique tout en utilisant les jouets. La m\u00e9lodie change la fr\u00e9quence des vibrations.<\/li>\n<li data-spm-anchor-id=\"a2g0o.detail.1000023.i0.5ab71530HPdtkU\">Mode tactile :  Le glissement du doigt sur l'\u00e9cran du t\u00e9l\u00e9phone permet de contr\u00f4ler la fr\u00e9quence et l'intensit\u00e9 des vibrations.<\/li>\n<li data-spm-anchor-id=\"a2g0o.detail.1000023.i0.5ab71530HPdtkU\">Mode secouage : En secouant votre t\u00e9l\u00e9phone, vous pouvez contr\u00f4ler la fr\u00e9quence et l'intensit\u00e9 des vibrations.<\/li>\n<li data-spm-anchor-id=\"a2g0o.detail.1000023.i0.5ab71530HPdtkU\">Mode interactif : Ajoutez des amis pour contr\u00f4ler les vibrateurs des uns et des autres et vous pouvez passer des appels vid\u00e9o. Vous vous amuserez encore plus !<\/li>\n<\/ol>","protected":false},"excerpt":{"rendered":"<ul>\n<li class=\"detail-desc-decorate-content\">Fonction : 2 moteurs, 3 rotations \/ 16 modes de vibration (version App 9 modes de vibration) \/ 16 modes de stimulation \u00e9lectrique \/ Chauffage<\/li>\n<li class=\"detail-desc-decorate-content\">Mat\u00e9riau : Silicone de qualit\u00e9 m\u00e9dicale, ABS et m\u00e9tal<\/li>\n<li class=\"detail-desc-decorate-content\">Caract\u00e9ristiques : Imperm\u00e9able et sans phtalate<\/li>\n<li class=\"detail-desc-decorate-content\">Batterie : Chargement par USB<\/li>\n<li class=\"detail-desc-decorate-content\">Couleur : Noir<\/li>\n<\/ul>","protected":false},"featured_media":33015,"comment_status":"open","ping_status":"closed","template":"","meta":{"_seopress_robots_primary_cat":"","_seopress_titles_title":"","_seopress_titles_desc":"","_seopress_robots_index":""},"store":[4242],"product_brand":[],"product_cat":[4228],"product_tag":[3935],"class_list":{"0":"post-32795","1":"product","2":"type-product","3":"status-publish","4":"has-post-thumbnail","6":"store-levett","7":"product_cat-wireless-sex-toys","8":"product_tag-for-men","10":"first","11":"outofstock","12":"taxable","13":"shipping-taxable","14":"product-type-variable"},"_links":{"self":[{"href":"https:\/\/sextoysproductstore.com\/fr\/wp-json\/wp\/v2\/product\/32795","targetHints":{"allow":["GET"]}}],"collection":[{"href":"https:\/\/sextoysproductstore.com\/fr\/wp-json\/wp\/v2\/product"}],"about":[{"href":"https:\/\/sextoysproductstore.com\/fr\/wp-json\/wp\/v2\/types\/product"}],"replies":[{"embeddable":true,"href":"https:\/\/sextoysproductstore.com\/fr\/wp-json\/wp\/v2\/comments?post=32795"}],"version-history":[{"count":0,"href":"https:\/\/sextoysproductstore.com\/fr\/wp-json\/wp\/v2\/product\/32795\/revisions"}],"wp:featuredmedia":[{"embeddable":true,"href":"https:\/\/sextoysproductstore.com\/fr\/wp-json\/wp\/v2\/media\/33015"}],"wp:attachment":[{"href":"https:\/\/sextoysproductstore.com\/fr\/wp-json\/wp\/v2\/media?parent=32795"}],"wp:term":[{"taxonomy":"store","embeddable":true,"href":"https:\/\/sextoysproductstore.com\/fr\/wp-json\/wp\/v2\/store?post=32795"},{"taxonomy":"product_brand","embeddable":true,"href":"https:\/\/sextoysproductstore.com\/fr\/wp-json\/wp\/v2\/product_brand?post=32795"},{"taxonomy":"product_cat","embeddable":true,"href":"https:\/\/sextoysproductstore.com\/fr\/wp-json\/wp\/v2\/product_cat?post=32795"},{"taxonomy":"product_tag","embeddable":true,"href":"https:\/\/sextoysproductstore.com\/fr\/wp-json\/wp\/v2\/product_tag?post=32795"}],"curies":[{"name":"wp","href":"https:\/\/api.w.org\/{rel}","templated":true}]}}