{"id":32790,"date":"2022-05-22T16:07:46","date_gmt":"2022-05-22T14:07:46","guid":{"rendered":"https:\/\/sextoysproductstore.com\/store\/uncategorized\/kegel-balls-vibrator-geisha-ball-wireless-vibrating-egg-sex-toys-for-women-ben-wa-weight-ball-tighten-exercise-vaginal-balls\/"},"modified":"2026-04-10T03:58:57","modified_gmt":"2026-04-10T01:58:57","slug":"levett-wireless-vibrating-geisha-kegel-balls-tighten-exercise-vaginal-vibrator","status":"publish","type":"product","link":"https:\/\/sextoysproductstore.com\/fr\/store\/wireless-sex-toys\/levett-wireless-vibrating-geisha-kegel-balls-tighten-exercise-vaginal-vibrator\/","title":{"rendered":"LEVETT Vibrant sans fil Geisha Kegel Balls Tighten Exercise Vaginal Vibrator"},"content":{"rendered":"","protected":false},"excerpt":{"rendered":"<p>Vibrateur \u00e0 boules de kegel sans fil avec t\u00e9l\u00e9commande et charge magn\u00e9tique + 4 boules de kegel sans fonction vibrante.<\/p>\n<ul>\n<li>Modes : 16 fr\u00e9quences de vibration diff\u00e9rentes<\/li>\n<li>Caract\u00e9ristiques : Imperm\u00e9able, sans phtalate<\/li>\n<li>Mat\u00e9riau : Silicone m\u00e9dicale et ABS<\/li>\n<li>Taille : 132*35mm 175*35mm<\/li>\n<li>Poids : 20g (fonction vibrante), 32g, 41g, 52g, 65g.<\/li>\n<li>Alimentation : Chargement magn\u00e9tique USB<\/li>\n<li>Temps de charge : 2-3 heures<\/li>\n<li>Dur\u00e9e d'utilisation : 1,5-2 heures<\/li>\n<li>Distance de la t\u00e9l\u00e9commande : 10 m\u00e8tres<\/li>\n<\/ul>","protected":false},"featured_media":33016,"comment_status":"open","ping_status":"closed","template":"","meta":{"_seopress_robots_primary_cat":"","_seopress_titles_title":"","_seopress_titles_desc":"","_seopress_robots_index":""},"store":[4242],"product_brand":[],"product_cat":[4228],"product_tag":[3936],"class_list":{"0":"post-32790","1":"product","2":"type-product","3":"status-publish","4":"has-post-thumbnail","6":"store-levett","7":"product_cat-wireless-sex-toys","8":"product_tag-for-women","10":"first","11":"instock","12":"taxable","13":"shipping-taxable","14":"product-type-variable"},"_links":{"self":[{"href":"https:\/\/sextoysproductstore.com\/fr\/wp-json\/wp\/v2\/product\/32790","targetHints":{"allow":["GET"]}}],"collection":[{"href":"https:\/\/sextoysproductstore.com\/fr\/wp-json\/wp\/v2\/product"}],"about":[{"href":"https:\/\/sextoysproductstore.com\/fr\/wp-json\/wp\/v2\/types\/product"}],"replies":[{"embeddable":true,"href":"https:\/\/sextoysproductstore.com\/fr\/wp-json\/wp\/v2\/comments?post=32790"}],"version-history":[{"count":0,"href":"https:\/\/sextoysproductstore.com\/fr\/wp-json\/wp\/v2\/product\/32790\/revisions"}],"wp:featuredmedia":[{"embeddable":true,"href":"https:\/\/sextoysproductstore.com\/fr\/wp-json\/wp\/v2\/media\/33016"}],"wp:attachment":[{"href":"https:\/\/sextoysproductstore.com\/fr\/wp-json\/wp\/v2\/media?parent=32790"}],"wp:term":[{"taxonomy":"store","embeddable":true,"href":"https:\/\/sextoysproductstore.com\/fr\/wp-json\/wp\/v2\/store?post=32790"},{"taxonomy":"product_brand","embeddable":true,"href":"https:\/\/sextoysproductstore.com\/fr\/wp-json\/wp\/v2\/product_brand?post=32790"},{"taxonomy":"product_cat","embeddable":true,"href":"https:\/\/sextoysproductstore.com\/fr\/wp-json\/wp\/v2\/product_cat?post=32790"},{"taxonomy":"product_tag","embeddable":true,"href":"https:\/\/sextoysproductstore.com\/fr\/wp-json\/wp\/v2\/product_tag?post=32790"}],"curies":[{"name":"wp","href":"https:\/\/api.w.org\/{rel}","templated":true}]}}