{"id":32554,"date":"2022-05-17T17:42:33","date_gmt":"2022-05-17T15:42:33","guid":{"rendered":"https:\/\/sextoysproductstore.com\/store\/uncategorized\/powerful-magic-wand-bf-vibrator-sex-toys-for-woman-vaginal-irritation-sex-shop-toys-for-adults-g-spot-vibrating-dildo-for-woman\/"},"modified":"2026-04-10T03:58:48","modified_gmt":"2026-04-10T01:58:48","slug":"safiman-powerful-magic-wand-low-noise-vibrator","status":"publish","type":"product","link":"https:\/\/sextoysproductstore.com\/fr\/store\/magic-wand\/safiman-powerful-magic-wand-low-noise-vibrator\/","title":{"rendered":"Safiman Baguette magique puissante Vibrateur \u00e0 faible bruit"},"content":{"rendered":"","protected":false},"excerpt":{"rendered":"<p>Extr\u00eamement silencieux, profitez de votre plaisir sexuel en priv\u00e9, en toute tranquillit\u00e9.<\/p>\n<ul>\n<li>20 types de modes de vibration puissants<\/li>\n<li>Muet extr\u00eame<\/li>\n<li>Faible bruit<\/li>\n<li>Mat\u00e9riau souple et \u00e9conomique<\/li>\n<li>Chargement par USB<\/li>\n<li>100% Imperm\u00e9able<\/li>\n<\/ul>","protected":false},"featured_media":32583,"comment_status":"open","ping_status":"closed","template":"","meta":{"_seopress_robots_primary_cat":"","_seopress_titles_title":"","_seopress_titles_desc":"","_seopress_robots_index":""},"store":[4032],"product_brand":[],"product_cat":[3373],"product_tag":[3936],"class_list":{"0":"post-32554","1":"product","2":"type-product","3":"status-publish","4":"has-post-thumbnail","6":"store-safiman","7":"product_cat-magic-wand","8":"product_tag-for-women","10":"first","11":"instock","12":"sale","13":"taxable","14":"shipping-taxable","15":"purchasable","16":"product-type-variable"},"_links":{"self":[{"href":"https:\/\/sextoysproductstore.com\/fr\/wp-json\/wp\/v2\/product\/32554","targetHints":{"allow":["GET"]}}],"collection":[{"href":"https:\/\/sextoysproductstore.com\/fr\/wp-json\/wp\/v2\/product"}],"about":[{"href":"https:\/\/sextoysproductstore.com\/fr\/wp-json\/wp\/v2\/types\/product"}],"replies":[{"embeddable":true,"href":"https:\/\/sextoysproductstore.com\/fr\/wp-json\/wp\/v2\/comments?post=32554"}],"version-history":[{"count":0,"href":"https:\/\/sextoysproductstore.com\/fr\/wp-json\/wp\/v2\/product\/32554\/revisions"}],"wp:featuredmedia":[{"embeddable":true,"href":"https:\/\/sextoysproductstore.com\/fr\/wp-json\/wp\/v2\/media\/32583"}],"wp:attachment":[{"href":"https:\/\/sextoysproductstore.com\/fr\/wp-json\/wp\/v2\/media?parent=32554"}],"wp:term":[{"taxonomy":"store","embeddable":true,"href":"https:\/\/sextoysproductstore.com\/fr\/wp-json\/wp\/v2\/store?post=32554"},{"taxonomy":"product_brand","embeddable":true,"href":"https:\/\/sextoysproductstore.com\/fr\/wp-json\/wp\/v2\/product_brand?post=32554"},{"taxonomy":"product_cat","embeddable":true,"href":"https:\/\/sextoysproductstore.com\/fr\/wp-json\/wp\/v2\/product_cat?post=32554"},{"taxonomy":"product_tag","embeddable":true,"href":"https:\/\/sextoysproductstore.com\/fr\/wp-json\/wp\/v2\/product_tag?post=32554"}],"curies":[{"name":"wp","href":"https:\/\/api.w.org\/{rel}","templated":true}]}}