{"id":30708,"date":"2021-10-23T17:42:19","date_gmt":"2021-10-23T15:42:19","guid":{"rendered":"https:\/\/sextoysproductstore.com\/store\/uncategorized\/air-pump-penis-masturbator-for-men-blowjob-machine-automatic-vacuum-vibrating-male-masturbator-penis-pump-oral-sex-toys-for-men\/"},"modified":"2026-04-10T03:47:45","modified_gmt":"2026-04-10T01:47:45","slug":"otouch-ninja2-squeeze-vibration-masturbator","status":"publish","type":"product","link":"https:\/\/sextoysproductstore.com\/fr\/store\/male-masturbators\/otouch-ninja2-squeeze-vibration-masturbator\/","title":{"rendered":"OTOUCH NINJA2 - Masturbateur \u00e0 vibrations \u00e0 presser"},"content":{"rendered":"","protected":false},"excerpt":{"rendered":"<p>Le serrage tout en vibrant peut \u00eatre contr\u00f4l\u00e9 manuellement. Gr\u00e2ce aux vibrations multifr\u00e9quences, la sensation de d\u00e9tente est \u00e9vidente.<\/p>\n<ul>\n<li class=\"p1\">Vibrations puissantes et modes de massage multiples<\/li>\n<li class=\"p1\">L'extrusion en silicone souple permet d'ajuster automatiquement la taille et de profiter pleinement de la sensation d'\u00eatre envelopp\u00e9.<\/li>\n<li class=\"p1\">Vibrations du moteur lat\u00e9ral<\/li>\n<li class=\"p1\">Adapt\u00e9 \u00e0 diff\u00e9rentes tailles<\/li>\n<li class=\"p1\">Le gonflage manuel dans la cavit\u00e9, quelle que soit sa taille, peut toujours se contr\u00f4ler.<\/li>\n<li class=\"p1\">Performances \u00e9lev\u00e9es, chargement pratique par USB<\/li>\n<\/ul>","protected":false},"featured_media":30777,"comment_status":"open","ping_status":"closed","template":"","meta":{"_seopress_robots_primary_cat":"","_seopress_titles_title":"","_seopress_titles_desc":"","_seopress_robots_index":""},"store":[3948],"product_brand":[],"product_cat":[3450],"product_tag":[],"class_list":{"0":"post-30708","1":"product","2":"type-product","3":"status-publish","4":"has-post-thumbnail","6":"store-otouch","7":"product_cat-male-masturbators","9":"first","10":"outofstock","11":"taxable","12":"shipping-taxable","13":"product-type-variable"},"_links":{"self":[{"href":"https:\/\/sextoysproductstore.com\/fr\/wp-json\/wp\/v2\/product\/30708","targetHints":{"allow":["GET"]}}],"collection":[{"href":"https:\/\/sextoysproductstore.com\/fr\/wp-json\/wp\/v2\/product"}],"about":[{"href":"https:\/\/sextoysproductstore.com\/fr\/wp-json\/wp\/v2\/types\/product"}],"replies":[{"embeddable":true,"href":"https:\/\/sextoysproductstore.com\/fr\/wp-json\/wp\/v2\/comments?post=30708"}],"version-history":[{"count":0,"href":"https:\/\/sextoysproductstore.com\/fr\/wp-json\/wp\/v2\/product\/30708\/revisions"}],"wp:featuredmedia":[{"embeddable":true,"href":"https:\/\/sextoysproductstore.com\/fr\/wp-json\/wp\/v2\/media\/30777"}],"wp:attachment":[{"href":"https:\/\/sextoysproductstore.com\/fr\/wp-json\/wp\/v2\/media?parent=30708"}],"wp:term":[{"taxonomy":"store","embeddable":true,"href":"https:\/\/sextoysproductstore.com\/fr\/wp-json\/wp\/v2\/store?post=30708"},{"taxonomy":"product_brand","embeddable":true,"href":"https:\/\/sextoysproductstore.com\/fr\/wp-json\/wp\/v2\/product_brand?post=30708"},{"taxonomy":"product_cat","embeddable":true,"href":"https:\/\/sextoysproductstore.com\/fr\/wp-json\/wp\/v2\/product_cat?post=30708"},{"taxonomy":"product_tag","embeddable":true,"href":"https:\/\/sextoysproductstore.com\/fr\/wp-json\/wp\/v2\/product_tag?post=30708"}],"curies":[{"name":"wp","href":"https:\/\/api.w.org\/{rel}","templated":true}]}}