{"id":30579,"date":"2021-10-23T14:06:53","date_gmt":"2021-10-23T12:06:53","guid":{"rendered":"https:\/\/sextoysproductstore.com\/store\/uncategorized\/kegel-balls-vibrator-vaginal-tighten-exercise-ben-wa-ball-silicone-wireless-control-16-speeds-vibrating-eggs-sex-toy-for-women\/"},"modified":"2026-04-10T03:46:23","modified_gmt":"2026-04-10T01:46:23","slug":"levett-16-speed-wireless-vibrating-ben-wa-kegel-ball-eggs-vibrator","status":"publish","type":"product","link":"https:\/\/sextoysproductstore.com\/fr\/store\/wireless-sex-toys\/levett-16-speed-wireless-vibrating-ben-wa-kegel-ball-eggs-vibrator\/","title":{"rendered":"LEVETT 16 Speed Wireless Vibrating Ben Wa Kegel Ball Eggs Vibrator"},"content":{"rendered":"<p>Pourquoi notre ensemble de boules de Kegel est-il particulier pour vous ?<\/p>\n<ul>\n<li>Un m\u00e9decin faisant autorit\u00e9 recommande notre boule de Kegel pour vous rendre fiable, digne de confiance et digne de confiance.<\/li>\n<li>Chaque ballon de musculation est \u00e9quip\u00e9 d'un cordon en silicone qui vous permet de l'utiliser et de faire des exercices plus accessibles et plus propres.<\/li>\n<li>La distance de la t\u00e9l\u00e9commande sans fil peut atteindre 10 m\u00e8tres, ce qui permet d'en profiter \u00e0 tout moment et en tout lieu.<\/li>\n<li>Un design subtil et des caract\u00e9ristiques d'\u00e9tanch\u00e9it\u00e9 avanc\u00e9es vous permettent de profiter de la salle de bain, de la douche et de la piscine sans vous soucier des secrets.<\/li>\n<li>Que vous soyez jeune, d'\u00e2ge moyen ou \u00e2g\u00e9, enceinte ou en convalescence, vous avez besoin de notre balle kegel ben wa, qui est toujours un espace d'am\u00e9lioration.<\/li>\n<\/ul>\n<p>\u00c9tapes de l'utilisation<\/p>\n<ul>\n<li>Niveau 1 : Balle simple 45g, 30 minutes, convient pour 1-2 semaines<\/li>\n<li>Niveau 2 : Une seule balle 55g\/65g (vibrante) par jour, 30 minutes, 2-3 semaines<\/li>\n<li>Niveau 3 : Double balle 80g, 30 minutes par jour, 1 mois<\/li>\n<li>Boules de massage, vibrateur \u00e0 16 vitesses, massage du plancher pelvien f\u00e9minin<\/li>\n<\/ul>","protected":false},"excerpt":{"rendered":"<p>Caract\u00e9ristiques du produit<\/p>\n<ul>\n<li>Mod\u00e8le : 16 vibrations diff\u00e9rentes<\/li>\n<li>5 boules de poids de Kegel diff\u00e9rentes<\/li>\n<li>Mat\u00e9riau : Silicone m\u00e9dicale<\/li>\n<li>Bruit maximal : \u226450db<\/li>\n<li>Couleur : rose vif<\/li>\n<li>R\u00e9sistance \u00e0 l'eau : IPX7<\/li>\n<\/ul>\n<p>Les avantages de choisir notre balle de Kegel<\/p>\n<ul>\n<li>Faites des exercices de Kegel et pesez 30 minutes par jour. Vous pouvez obtenir des r\u00e9sultats satisfaisants<\/li>\n<li>Plus solide, plus compacte, elle \u00e9vite les \u00e9tirements et les fuites.<\/li>\n<\/ul>","protected":false},"featured_media":30678,"comment_status":"open","ping_status":"closed","template":"","meta":{"_seopress_robots_primary_cat":"","_seopress_titles_title":"","_seopress_titles_desc":"","_seopress_robots_index":""},"store":[4242],"product_brand":[],"product_cat":[4228],"product_tag":[3936],"class_list":{"0":"post-30579","1":"product","2":"type-product","3":"status-publish","4":"has-post-thumbnail","6":"store-levett","7":"product_cat-wireless-sex-toys","8":"product_tag-for-women","10":"first","11":"outofstock","12":"sale","13":"taxable","14":"shipping-taxable","15":"purchasable","16":"product-type-variable"},"_links":{"self":[{"href":"https:\/\/sextoysproductstore.com\/fr\/wp-json\/wp\/v2\/product\/30579","targetHints":{"allow":["GET"]}}],"collection":[{"href":"https:\/\/sextoysproductstore.com\/fr\/wp-json\/wp\/v2\/product"}],"about":[{"href":"https:\/\/sextoysproductstore.com\/fr\/wp-json\/wp\/v2\/types\/product"}],"replies":[{"embeddable":true,"href":"https:\/\/sextoysproductstore.com\/fr\/wp-json\/wp\/v2\/comments?post=30579"}],"version-history":[{"count":0,"href":"https:\/\/sextoysproductstore.com\/fr\/wp-json\/wp\/v2\/product\/30579\/revisions"}],"wp:featuredmedia":[{"embeddable":true,"href":"https:\/\/sextoysproductstore.com\/fr\/wp-json\/wp\/v2\/media\/30678"}],"wp:attachment":[{"href":"https:\/\/sextoysproductstore.com\/fr\/wp-json\/wp\/v2\/media?parent=30579"}],"wp:term":[{"taxonomy":"store","embeddable":true,"href":"https:\/\/sextoysproductstore.com\/fr\/wp-json\/wp\/v2\/store?post=30579"},{"taxonomy":"product_brand","embeddable":true,"href":"https:\/\/sextoysproductstore.com\/fr\/wp-json\/wp\/v2\/product_brand?post=30579"},{"taxonomy":"product_cat","embeddable":true,"href":"https:\/\/sextoysproductstore.com\/fr\/wp-json\/wp\/v2\/product_cat?post=30579"},{"taxonomy":"product_tag","embeddable":true,"href":"https:\/\/sextoysproductstore.com\/fr\/wp-json\/wp\/v2\/product_tag?post=30579"}],"curies":[{"name":"wp","href":"https:\/\/api.w.org\/{rel}","templated":true}]}}