{"id":30575,"date":"2021-10-23T14:06:48","date_gmt":"2021-10-23T12:06:48","guid":{"rendered":"https:\/\/sextoysproductstore.com\/store\/uncategorized\/electric-shock-vibrating-egg-vibrators-for-women-wireless-g-spot-clitoris-stimulator-sex-toy-massager-vagina-exercise-kegel-ball\/"},"modified":"2026-04-10T03:45:56","modified_gmt":"2026-04-10T01:45:56","slug":"levett-pulse-shock-g-spot-clitoris-stimulator-kegel-ball-egg-vibrator","status":"publish","type":"product","link":"https:\/\/sextoysproductstore.com\/fr\/store\/wireless-sex-toys\/levett-pulse-shock-g-spot-clitoris-stimulator-kegel-ball-egg-vibrator\/","title":{"rendered":"LEVETT Pulse Shock G Spot Clitoris Stimulator Kegel Ball Egg Vibrator"},"content":{"rendered":"<p>Pourquoi choisir notre vibromasseur Kegel Ball Egg ?<\/p>\n<ol>\n<li>Une impulsion de fr\u00e9quence de faible intensit\u00e9 peut favoriser la gu\u00e9rison des nerfs l\u00e9s\u00e9s, r\u00e9duire la douleur et avoir un effet th\u00e9rapeutique sur la r\u00e9cup\u00e9ration de la fonction de conduction. De nombreuses femmes, en particulier celles qui viennent d'accoucher, ont un probl\u00e8me de relaxation vaginale. Notre ballon de kegel permet de r\u00e9soudre ce probl\u00e8me gr\u00e2ce \u00e0 l'exercice physique.<\/li>\n<li>Utilisez notre vibromasseur \u00e0 \u0153uf pour d\u00e9tendre les muscles vaginaux et augmenter la lubrification vaginale, ce qui facilite l'atteinte de l'orgasme. La stimulation \u00e9lectrique am\u00e9liore la circulation sanguine dans le vagin et le resserre.<\/li>\n<li>Le vibrateur est fabriqu\u00e9 en silicone m\u00e9dical de haute qualit\u00e9. Ce vibromasseur est id\u00e9al pour la stimulation externe et peut \u00eatre port\u00e9 \u00e0 l'int\u00e9rieur.<\/li>\n<li>Pourquoi ne pas essayer de porter cet \u0153uf stimulant pendant les pr\u00e9liminaires avec votre partenaire ? Les 16 vitesses de vibration et les chocs \u00e9lectriques qui envoient des sensations intenses dans tout le corps sont parfaits pour un premier jouet.<\/li>\n<\/ol>","protected":false},"excerpt":{"rendered":"<ul>\n<li>Caract\u00e9ristiques : Imperm\u00e9able, sans phtalate<\/li>\n<li>Alimentation : Chargement magn\u00e9tique USB<\/li>\n<li>Mat\u00e9riau : Silicone m\u00e9dicale<\/li>\n<li>Modes : 16 fr\u00e9quences de vibration diff\u00e9rentes<\/li>\n<li>Taille : 180*30mm<\/li>\n<li>Temps de charge : 2-3 heures<\/li>\n<li>Temps d'utilisation : &gt;2 heures<\/li>\n<li>Distance de la t\u00e9l\u00e9commande : 10 m\u00e8tres<\/li>\n<\/ul>","protected":false},"featured_media":30679,"comment_status":"open","ping_status":"closed","template":"","meta":{"_seopress_robots_primary_cat":"","_seopress_titles_title":"","_seopress_titles_desc":"","_seopress_robots_index":""},"store":[4242],"product_brand":[],"product_cat":[4228],"product_tag":[3936],"class_list":{"0":"post-30575","1":"product","2":"type-product","3":"status-publish","4":"has-post-thumbnail","6":"store-levett","7":"product_cat-wireless-sex-toys","8":"product_tag-for-women","10":"first","11":"outofstock","12":"sale","13":"taxable","14":"shipping-taxable","15":"purchasable","16":"product-type-variable"},"_links":{"self":[{"href":"https:\/\/sextoysproductstore.com\/fr\/wp-json\/wp\/v2\/product\/30575","targetHints":{"allow":["GET"]}}],"collection":[{"href":"https:\/\/sextoysproductstore.com\/fr\/wp-json\/wp\/v2\/product"}],"about":[{"href":"https:\/\/sextoysproductstore.com\/fr\/wp-json\/wp\/v2\/types\/product"}],"replies":[{"embeddable":true,"href":"https:\/\/sextoysproductstore.com\/fr\/wp-json\/wp\/v2\/comments?post=30575"}],"version-history":[{"count":0,"href":"https:\/\/sextoysproductstore.com\/fr\/wp-json\/wp\/v2\/product\/30575\/revisions"}],"wp:featuredmedia":[{"embeddable":true,"href":"https:\/\/sextoysproductstore.com\/fr\/wp-json\/wp\/v2\/media\/30679"}],"wp:attachment":[{"href":"https:\/\/sextoysproductstore.com\/fr\/wp-json\/wp\/v2\/media?parent=30575"}],"wp:term":[{"taxonomy":"store","embeddable":true,"href":"https:\/\/sextoysproductstore.com\/fr\/wp-json\/wp\/v2\/store?post=30575"},{"taxonomy":"product_brand","embeddable":true,"href":"https:\/\/sextoysproductstore.com\/fr\/wp-json\/wp\/v2\/product_brand?post=30575"},{"taxonomy":"product_cat","embeddable":true,"href":"https:\/\/sextoysproductstore.com\/fr\/wp-json\/wp\/v2\/product_cat?post=30575"},{"taxonomy":"product_tag","embeddable":true,"href":"https:\/\/sextoysproductstore.com\/fr\/wp-json\/wp\/v2\/product_tag?post=30575"}],"curies":[{"name":"wp","href":"https:\/\/api.w.org\/{rel}","templated":true}]}}