{"id":30534,"date":"2021-10-16T02:19:41","date_gmt":"2021-10-16T00:19:41","guid":{"rendered":"https:\/\/sextoysproductstore.com\/store\/uncategorized\/male-penis-ring-cock-rings-silicone-lock-ejaculation-sex-toys-for-men-adult-ball-stretcher-anillo-hombre-cockring-sex-products\/"},"modified":"2026-04-10T03:45:32","modified_gmt":"2026-04-10T01:45:32","slug":"levett-penis-cock-ring-from-top-grade-quality-silicone","status":"publish","type":"product","link":"https:\/\/sextoysproductstore.com\/fr\/store\/cock-rings\/levett-penis-cock-ring-from-top-grade-quality-silicone\/","title":{"rendered":"LEVETT Penis Cock Ring en silicone de qualit\u00e9 sup\u00e9rieure"},"content":{"rendered":"","protected":false},"excerpt":{"rendered":"<p>Contrairement \u00e0 d'autres produits bon march\u00e9, les produits LEVETT sont fabriqu\u00e9s en silicone de qualit\u00e9 sup\u00e9rieure, non toxique et sans danger pour vos parties intimes. La qualit\u00e9 avant tout, c'est l'objectif de LEVETT.<\/p>\n<ul>\n<li>Conception \u00e9paisse. Plus confortable et plus efficace que les autres anneaux de p\u00e9nis minces.<\/li>\n<li>Extensible et \u00e9lastique pour toutes les tailles.<\/li>\n<li>Inhibe efficacement l'\u00e9jaculation, aide physiquement \u00e0 l'\u00e9rection.<\/li>\n<li>Pour le traitement ou le contr\u00f4le de la dysfonction \u00e9rectile et de l'impuissance.<\/li>\n<li>Mat\u00e9riau : Silicone m\u00e9dical.<\/li>\n<\/ul>","protected":false},"featured_media":30680,"comment_status":"open","ping_status":"closed","template":"","meta":{"_seopress_robots_primary_cat":"","_seopress_titles_title":"","_seopress_titles_desc":"","_seopress_robots_index":""},"store":[4242],"product_brand":[],"product_cat":[3352],"product_tag":[3935],"class_list":{"0":"post-30534","1":"product","2":"type-product","3":"status-publish","4":"has-post-thumbnail","6":"store-levett","7":"product_cat-cock-rings","8":"product_tag-for-men","10":"first","11":"outofstock","12":"sale","13":"taxable","14":"shipping-taxable","15":"purchasable","16":"product-type-variable"},"_links":{"self":[{"href":"https:\/\/sextoysproductstore.com\/fr\/wp-json\/wp\/v2\/product\/30534","targetHints":{"allow":["GET"]}}],"collection":[{"href":"https:\/\/sextoysproductstore.com\/fr\/wp-json\/wp\/v2\/product"}],"about":[{"href":"https:\/\/sextoysproductstore.com\/fr\/wp-json\/wp\/v2\/types\/product"}],"replies":[{"embeddable":true,"href":"https:\/\/sextoysproductstore.com\/fr\/wp-json\/wp\/v2\/comments?post=30534"}],"version-history":[{"count":0,"href":"https:\/\/sextoysproductstore.com\/fr\/wp-json\/wp\/v2\/product\/30534\/revisions"}],"wp:featuredmedia":[{"embeddable":true,"href":"https:\/\/sextoysproductstore.com\/fr\/wp-json\/wp\/v2\/media\/30680"}],"wp:attachment":[{"href":"https:\/\/sextoysproductstore.com\/fr\/wp-json\/wp\/v2\/media?parent=30534"}],"wp:term":[{"taxonomy":"store","embeddable":true,"href":"https:\/\/sextoysproductstore.com\/fr\/wp-json\/wp\/v2\/store?post=30534"},{"taxonomy":"product_brand","embeddable":true,"href":"https:\/\/sextoysproductstore.com\/fr\/wp-json\/wp\/v2\/product_brand?post=30534"},{"taxonomy":"product_cat","embeddable":true,"href":"https:\/\/sextoysproductstore.com\/fr\/wp-json\/wp\/v2\/product_cat?post=30534"},{"taxonomy":"product_tag","embeddable":true,"href":"https:\/\/sextoysproductstore.com\/fr\/wp-json\/wp\/v2\/product_tag?post=30534"}],"curies":[{"name":"wp","href":"https:\/\/api.w.org\/{rel}","templated":true}]}}