{"id":29624,"date":"2021-06-11T05:43:53","date_gmt":"2021-06-11T03:43:53","guid":{"rendered":"https:\/\/sextoysproductstore.com\/store\/uncategorized\/rotation-6-speed-rabbit-vibrators-realistic-dildo-clitoris-stimulator-erotic-sex-toys-g-spot-vibrators-adult-sex-toys-for-women\/"},"modified":"2026-04-10T03:44:00","modified_gmt":"2026-04-10T01:44:00","slug":"yafei-rabbit-vibrator-6-rotation-speed-clitoris-g-spot-stimulator","status":"publish","type":"product","link":"https:\/\/sextoysproductstore.com\/fr\/store\/vibrators\/rabbit-vibrators\/yafei-rabbit-vibrator-6-rotation-speed-clitoris-g-spot-stimulator\/","title":{"rendered":"Yafei Rabbit Vibrator 6 Rotation Speed Clitoris G Spot Stimulator"},"content":{"rendered":"","protected":false},"excerpt":{"rendered":"<p>Vibrateurs \u00e9cologiques de haute qualit\u00e9. Sans odeur, s\u00fbrs et fiables.<\/p>\n<ul>\n<li>6 vitesses t\u00e9lescopiques Vibration et 2 modes de rotation<\/li>\n<li>Couleur : rose, violet, dor\u00e9<\/li>\n<li>Taille du produit : L260*D35 mm<\/li>\n<li>4 piles AAA (non incluses)<\/li>\n<\/ul>","protected":false},"featured_media":29892,"comment_status":"open","ping_status":"closed","template":"","meta":{"_seopress_robots_primary_cat":"","_seopress_titles_title":"","_seopress_titles_desc":"","_seopress_robots_index":""},"store":[4215],"product_brand":[],"product_cat":[3607,3305],"product_tag":[],"class_list":{"0":"post-29624","1":"product","2":"type-product","3":"status-publish","4":"has-post-thumbnail","6":"store-yafei","7":"product_cat-rabbit-vibrators","8":"product_cat-vibrators","10":"first","11":"outofstock","12":"taxable","13":"shipping-taxable","14":"product-type-variable"},"_links":{"self":[{"href":"https:\/\/sextoysproductstore.com\/fr\/wp-json\/wp\/v2\/product\/29624","targetHints":{"allow":["GET"]}}],"collection":[{"href":"https:\/\/sextoysproductstore.com\/fr\/wp-json\/wp\/v2\/product"}],"about":[{"href":"https:\/\/sextoysproductstore.com\/fr\/wp-json\/wp\/v2\/types\/product"}],"replies":[{"embeddable":true,"href":"https:\/\/sextoysproductstore.com\/fr\/wp-json\/wp\/v2\/comments?post=29624"}],"version-history":[{"count":0,"href":"https:\/\/sextoysproductstore.com\/fr\/wp-json\/wp\/v2\/product\/29624\/revisions"}],"wp:featuredmedia":[{"embeddable":true,"href":"https:\/\/sextoysproductstore.com\/fr\/wp-json\/wp\/v2\/media\/29892"}],"wp:attachment":[{"href":"https:\/\/sextoysproductstore.com\/fr\/wp-json\/wp\/v2\/media?parent=29624"}],"wp:term":[{"taxonomy":"store","embeddable":true,"href":"https:\/\/sextoysproductstore.com\/fr\/wp-json\/wp\/v2\/store?post=29624"},{"taxonomy":"product_brand","embeddable":true,"href":"https:\/\/sextoysproductstore.com\/fr\/wp-json\/wp\/v2\/product_brand?post=29624"},{"taxonomy":"product_cat","embeddable":true,"href":"https:\/\/sextoysproductstore.com\/fr\/wp-json\/wp\/v2\/product_cat?post=29624"},{"taxonomy":"product_tag","embeddable":true,"href":"https:\/\/sextoysproductstore.com\/fr\/wp-json\/wp\/v2\/product_tag?post=29624"}],"curies":[{"name":"wp","href":"https:\/\/api.w.org\/{rel}","templated":true}]}}