{"id":29349,"date":"2021-06-11T04:15:18","date_gmt":"2021-06-11T02:15:18","guid":{"rendered":"https:\/\/sextoysproductstore.com\/store\/uncategorized\/new-app-control-vibrating-egg-vibrators-sex-toys-for-women-wireless-g-spot-stimulator-panties-vibrator-ben-wa-vaginal-kegel-ball\/"},"modified":"2026-04-10T03:38:00","modified_gmt":"2026-04-10T01:38:00","slug":"levett-app-control-waterproof-ben-wa-kegel-ball-g-spot-vibrator","status":"publish","type":"product","link":"https:\/\/sextoysproductstore.com\/fr\/store\/wireless-sex-toys\/levett-app-control-waterproof-ben-wa-kegel-ball-g-spot-vibrator\/","title":{"rendered":"LEVETT App Control Ben Wa Kegel Ball G Spot Vibrator"},"content":{"rendered":"<p>Fonction APP : Interface de fonctionnement simple<\/p>\n<ol>\n<li>Mode classique : 9 fr\u00e9quences de vibration<\/li>\n<li>Mode musique : Vous pouvez \u00e9couter de la musique tout en utilisant les jouets. La m\u00e9lodie change la fr\u00e9quence des vibrations.<\/li>\n<li>Mode secouage : En secouant votre t\u00e9l\u00e9phone, vous pouvez contr\u00f4ler la fr\u00e9quence et l'intensit\u00e9 des vibrations.<\/li>\n<li>Mode interactif : Ajoutez des amis pour contr\u00f4ler les vibrateurs des uns et des autres et vous pouvez passer des appels vid\u00e9o. Vous vous amuserez encore plus !<\/li>\n<\/ol>","protected":false},"excerpt":{"rendered":"<ul>\n<li>Type : Vibrateur sex toy \u00e0 chargement magn\u00e9tique avec contr\u00f4le par application<\/li>\n<li>Modes : 9 fr\u00e9quences de vibration diff\u00e9rentes<\/li>\n<li>Caract\u00e9ristiques : Imperm\u00e9able, sans phtalate<\/li>\n<li>Mat\u00e9riau : Silicone m\u00e9dicale<\/li>\n<li>Taille : 180*30mm<\/li>\n<li>Alimentation : Chargement par USB<\/li>\n<li>Temps de charge : 2-3 heures<\/li>\n<li>Temps d'utilisation : &gt;2 heures<\/li>\n<\/ul>","protected":false},"featured_media":30683,"comment_status":"open","ping_status":"closed","template":"","meta":{"_seopress_robots_primary_cat":"","_seopress_titles_title":"","_seopress_titles_desc":"LEVETT 9 vibration frequency Ben Wa Kegel Ball G Spot Vibrator with App Control. Add friends to control each other's vibrators.","_seopress_robots_index":""},"store":[4242],"product_brand":[],"product_cat":[4228],"product_tag":[3936],"class_list":{"0":"post-29349","1":"product","2":"type-product","3":"status-publish","4":"has-post-thumbnail","6":"store-levett","7":"product_cat-wireless-sex-toys","8":"product_tag-for-women","10":"first","11":"outofstock","12":"sale","13":"taxable","14":"shipping-taxable","15":"purchasable","16":"product-type-variable"},"_links":{"self":[{"href":"https:\/\/sextoysproductstore.com\/fr\/wp-json\/wp\/v2\/product\/29349","targetHints":{"allow":["GET"]}}],"collection":[{"href":"https:\/\/sextoysproductstore.com\/fr\/wp-json\/wp\/v2\/product"}],"about":[{"href":"https:\/\/sextoysproductstore.com\/fr\/wp-json\/wp\/v2\/types\/product"}],"replies":[{"embeddable":true,"href":"https:\/\/sextoysproductstore.com\/fr\/wp-json\/wp\/v2\/comments?post=29349"}],"version-history":[{"count":0,"href":"https:\/\/sextoysproductstore.com\/fr\/wp-json\/wp\/v2\/product\/29349\/revisions"}],"wp:featuredmedia":[{"embeddable":true,"href":"https:\/\/sextoysproductstore.com\/fr\/wp-json\/wp\/v2\/media\/30683"}],"wp:attachment":[{"href":"https:\/\/sextoysproductstore.com\/fr\/wp-json\/wp\/v2\/media?parent=29349"}],"wp:term":[{"taxonomy":"store","embeddable":true,"href":"https:\/\/sextoysproductstore.com\/fr\/wp-json\/wp\/v2\/store?post=29349"},{"taxonomy":"product_brand","embeddable":true,"href":"https:\/\/sextoysproductstore.com\/fr\/wp-json\/wp\/v2\/product_brand?post=29349"},{"taxonomy":"product_cat","embeddable":true,"href":"https:\/\/sextoysproductstore.com\/fr\/wp-json\/wp\/v2\/product_cat?post=29349"},{"taxonomy":"product_tag","embeddable":true,"href":"https:\/\/sextoysproductstore.com\/fr\/wp-json\/wp\/v2\/product_tag?post=29349"}],"curies":[{"name":"wp","href":"https:\/\/api.w.org\/{rel}","templated":true}]}}