{"id":28052,"date":"2021-02-15T11:17:31","date_gmt":"2021-02-15T10:17:31","guid":{"rendered":"https:\/\/sextoysproductstore.com\/store\/uncategorized\/sucking-vibrator-clit-nipple-sucker-for-women-men-dildo-clitoris-stimulator-pussy-oral-blowjob-etotic-sex-toys-for-adult-couple\/"},"modified":"2026-04-10T03:20:12","modified_gmt":"2026-04-10T01:20:12","slug":"safiman-sucking-clit-nipple-vibrator-clitoris-stimulator","status":"publish","type":"product","link":"https:\/\/sextoysproductstore.com\/fr\/store\/vibrators\/clitoral-vibrators\/safiman-sucking-clit-nipple-vibrator-clitoris-stimulator\/","title":{"rendered":"Safiman Sucer Clito T\u00e9ton Vibrateur Stimulateur de Clitoris"},"content":{"rendered":"<ul>\n<li>ASPIRATION DU CLIT : Le masseur par aspiration est con\u00e7u pour simuler un plaisir oral r\u00e9aliste, il aspire et fait vibrer le clitoris ou les mamelons avec 10 modes diff\u00e9rents, de doux \u00e0 sauvage, pour vous permettre de vivre une nouvelle exp\u00e9rience d'orgasme.<\/li>\n<li>100% BODY SAFE, EASY TO CLEAN : Nous n'utilisons que du silicone haut de gamme, doux et soyeux, approuv\u00e9 par la FDA dans tous nos produits, il est hypoallerg\u00e9nique, hygi\u00e9nique, soyeux, sain, inodore et facile \u00e0 nettoyer.<\/li>\n<li>RECHARGEABLE : Il est livr\u00e9 avec un c\u00e2ble de charge USB pour que vous puissiez le charger n'importe o\u00f9. Une seule charge dure plus d'une heure !<\/li>\n<\/ul>","protected":false},"excerpt":{"rendered":"<ul>\n<li>Mode de fonctionnement : 10 fr\u00e9quences<\/li>\n<li>Couleur : rouge ros\u00e9, violet, chair<\/li>\n<li>Mat\u00e9riau du produit : Silicone<\/li>\n<li>Niveau de bruit : &lt;50 db<\/li>\n<li>Alimentation : Batterie int\u00e9gr\u00e9e, rechargeable par USB<\/li>\n<\/ul>","protected":false},"featured_media":28151,"comment_status":"open","ping_status":"closed","template":"","meta":{"_seopress_robots_primary_cat":"","_seopress_titles_title":"","_seopress_titles_desc":"","_seopress_robots_index":""},"store":[4032],"product_brand":[],"product_cat":[3788,3305],"product_tag":[3936],"class_list":{"0":"post-28052","1":"product","2":"type-product","3":"status-publish","4":"has-post-thumbnail","6":"store-safiman","7":"product_cat-clitoral-vibrators","8":"product_cat-vibrators","9":"product_tag-for-women","11":"first","12":"outofstock","13":"sale","14":"taxable","15":"shipping-taxable","16":"purchasable","17":"product-type-simple"},"_links":{"self":[{"href":"https:\/\/sextoysproductstore.com\/fr\/wp-json\/wp\/v2\/product\/28052","targetHints":{"allow":["GET"]}}],"collection":[{"href":"https:\/\/sextoysproductstore.com\/fr\/wp-json\/wp\/v2\/product"}],"about":[{"href":"https:\/\/sextoysproductstore.com\/fr\/wp-json\/wp\/v2\/types\/product"}],"replies":[{"embeddable":true,"href":"https:\/\/sextoysproductstore.com\/fr\/wp-json\/wp\/v2\/comments?post=28052"}],"version-history":[{"count":0,"href":"https:\/\/sextoysproductstore.com\/fr\/wp-json\/wp\/v2\/product\/28052\/revisions"}],"wp:featuredmedia":[{"embeddable":true,"href":"https:\/\/sextoysproductstore.com\/fr\/wp-json\/wp\/v2\/media\/28151"}],"wp:attachment":[{"href":"https:\/\/sextoysproductstore.com\/fr\/wp-json\/wp\/v2\/media?parent=28052"}],"wp:term":[{"taxonomy":"store","embeddable":true,"href":"https:\/\/sextoysproductstore.com\/fr\/wp-json\/wp\/v2\/store?post=28052"},{"taxonomy":"product_brand","embeddable":true,"href":"https:\/\/sextoysproductstore.com\/fr\/wp-json\/wp\/v2\/product_brand?post=28052"},{"taxonomy":"product_cat","embeddable":true,"href":"https:\/\/sextoysproductstore.com\/fr\/wp-json\/wp\/v2\/product_cat?post=28052"},{"taxonomy":"product_tag","embeddable":true,"href":"https:\/\/sextoysproductstore.com\/fr\/wp-json\/wp\/v2\/product_tag?post=28052"}],"curies":[{"name":"wp","href":"https:\/\/api.w.org\/{rel}","templated":true}]}}