{"id":26755,"date":"2021-02-09T19:44:32","date_gmt":"2021-02-09T18:44:32","guid":{"rendered":"https:\/\/sextoysproductstore.com\/store\/uncategorized\/soft-silicone-anal-butt-plug-prostate-massager-adult-gay-products-anal-plug-mini-erotic-bullet-vibrator-sex-toys-for-women-men-2\/"},"modified":"2026-04-24T00:26:10","modified_gmt":"2026-04-23T22:26:10","slug":"safiman-soft-silicone-anal-butt-plug-prostate-massager-black","status":"publish","type":"product","link":"https:\/\/sextoysproductstore.com\/fr\/store\/anal-butt-plugs\/safiman-soft-silicone-anal-butt-plug-prostate-massager-black\/","title":{"rendered":"Safiman Soft Silicone Anal Butt Plug Prostate Massager Noir"},"content":{"rendered":"","protected":false},"excerpt":{"rendered":"<p>Les plugs anaux sont fabriqu\u00e9s en silicone souple, toucher doux, confortable et s\u00fbr. Les trois tailles de plugs conviennent aussi bien aux d\u00e9butants qu'aux joueurs confirm\u00e9s. La taille mini se met dans la poche pour en profiter partout.<\/p>\n<ul>\n<li>Fr\u00e9quence du vibreur : 10 vitesses<\/li>\n<li>Puissant mais silencieux pour pr\u00e9server l'intimit\u00e9<\/li>\n<li>Imperm\u00e9able \u00e0 l'eau<\/li>\n<li>Mat\u00e9riau : Silicone + ABS<\/li>\n<li>Taille de la prise anale : S \/ M \/ L<\/li>\n<li>Taille du vibrateur : 1,8 * 9 cm<\/li>\n<li>Inclus : Bouchon anal ou vibrateur anal selon votre choix.<\/li>\n<\/ul>\n<div id=\"gtx-trans\" style=\"position: absolute; left: -23px; top: -8px;\">\n<div class=\"gtx-trans-icon\"><\/div>\n<\/div>","protected":false},"featured_media":27347,"comment_status":"open","ping_status":"closed","template":"","meta":{"_seopress_robots_primary_cat":"","_seopress_titles_title":"","_seopress_titles_desc":"","_seopress_robots_index":""},"store":[4032],"product_brand":[],"product_cat":[3685],"product_tag":[3935,3936],"class_list":{"0":"post-26755","1":"product","2":"type-product","3":"status-publish","4":"has-post-thumbnail","6":"store-safiman","7":"product_cat-anal-butt-plugs","8":"product_tag-for-men","9":"product_tag-for-women","11":"first","12":"instock","13":"taxable","14":"shipping-taxable","15":"product-type-variable"},"_links":{"self":[{"href":"https:\/\/sextoysproductstore.com\/fr\/wp-json\/wp\/v2\/product\/26755","targetHints":{"allow":["GET"]}}],"collection":[{"href":"https:\/\/sextoysproductstore.com\/fr\/wp-json\/wp\/v2\/product"}],"about":[{"href":"https:\/\/sextoysproductstore.com\/fr\/wp-json\/wp\/v2\/types\/product"}],"replies":[{"embeddable":true,"href":"https:\/\/sextoysproductstore.com\/fr\/wp-json\/wp\/v2\/comments?post=26755"}],"version-history":[{"count":0,"href":"https:\/\/sextoysproductstore.com\/fr\/wp-json\/wp\/v2\/product\/26755\/revisions"}],"wp:featuredmedia":[{"embeddable":true,"href":"https:\/\/sextoysproductstore.com\/fr\/wp-json\/wp\/v2\/media\/27347"}],"wp:attachment":[{"href":"https:\/\/sextoysproductstore.com\/fr\/wp-json\/wp\/v2\/media?parent=26755"}],"wp:term":[{"taxonomy":"store","embeddable":true,"href":"https:\/\/sextoysproductstore.com\/fr\/wp-json\/wp\/v2\/store?post=26755"},{"taxonomy":"product_brand","embeddable":true,"href":"https:\/\/sextoysproductstore.com\/fr\/wp-json\/wp\/v2\/product_brand?post=26755"},{"taxonomy":"product_cat","embeddable":true,"href":"https:\/\/sextoysproductstore.com\/fr\/wp-json\/wp\/v2\/product_cat?post=26755"},{"taxonomy":"product_tag","embeddable":true,"href":"https:\/\/sextoysproductstore.com\/fr\/wp-json\/wp\/v2\/product_tag?post=26755"}],"curies":[{"name":"wp","href":"https:\/\/api.w.org\/{rel}","templated":true}]}}