{"id":15283,"date":"2020-08-18T00:40:02","date_gmt":"2020-08-18T00:40:02","guid":{"rendered":"https:\/\/sextoysproductstore.com\/product\/double-dildo-strap-on-harness-sex-toy-realistic-g-spot-men-penis-ladies-lesbian-gay-couples-dong-strapon-dildos-for-women\/"},"modified":"2026-04-11T08:51:30","modified_gmt":"2026-04-11T06:51:30","slug":"baile-double-dildo-strap-on-harness","status":"publish","type":"product","link":"https:\/\/sextoysproductstore.com\/fr\/store\/strap-on-dildos\/baile-double-dildo-strap-on-harness\/","title":{"rendered":"Baile Double Dildo Strap On Harnais"},"content":{"rendered":"<p><strong>Utilisation :<\/strong><\/p>\n<ol>\n<li>Note : Ce dispositif est exclusivement destin\u00e9 aux particuliers.<\/li>\n<li>Avant de l'utiliser, frottez l'appareil avec 75% d'alcool m\u00e9dical pour le d\u00e9sinfecter et le nettoyer compl\u00e8tement.<\/li>\n<li>Il est conseill\u00e9 de l'utiliser avec un pr\u00e9servatif<\/li>\n<li>Lors de l'utilisation, il est possible d'appliquer un lubrifiant.<\/li>\n<li>Lorsque le produit est nettoy\u00e9 apr\u00e8s utilisation, la partie du circuit doit \u00eatre maintenue \u00e0 l'\u00e9cart de l'eau.<\/li>\n<\/ol>","protected":false},"excerpt":{"rendered":"<p><strong>Fonction<\/strong><\/p>\n<ul>\n<li>Fabriqu\u00e9 en TPR non toxique et s\u00fbr, sans mauvaise odeur, en nylon et en cuir PU.<\/li>\n<li>Sous-v\u00eatements r\u00e9glables et \u00e9lastiques<\/li>\n<li>Godes d\u00e9tachables \u00e0 la texture dure et flexible<\/li>\n<li>2 godemich\u00e9s pour stimuler le vagin ou l'anus de votre partenaire<\/li>\n<li>Produit sp\u00e9cialis\u00e9 pour permettre aux lesbiennes d'avoir des rapports homosexuels. Godes d\u00e9tachables, conception \u00e9tanche pour un nettoyage facile.<\/li>\n<\/ul>\n<p><strong>Description :<\/strong><\/p>\n<ul>\n<li>Taille : Grand gode 180*35mm Petit gode 125*25mm<\/li>\n<li>Mat\u00e9riau : TPR, \u00e9galement connu sous le nom de caoutchouc thermoplastique<\/li>\n<\/ul>","protected":false},"featured_media":15377,"comment_status":"open","ping_status":"closed","template":"","meta":{"_seopress_robots_primary_cat":"","_seopress_titles_title":"","_seopress_titles_desc":"","_seopress_robots_index":""},"store":[3849],"product_brand":[],"product_cat":[3661],"product_tag":[],"class_list":{"0":"post-15283","1":"product","2":"type-product","3":"status-publish","4":"has-post-thumbnail","6":"store-baile","7":"product_cat-strap-on-dildos","9":"first","10":"outofstock","11":"sale","12":"taxable","13":"shipping-taxable","14":"purchasable","15":"product-type-variable"},"_links":{"self":[{"href":"https:\/\/sextoysproductstore.com\/fr\/wp-json\/wp\/v2\/product\/15283","targetHints":{"allow":["GET"]}}],"collection":[{"href":"https:\/\/sextoysproductstore.com\/fr\/wp-json\/wp\/v2\/product"}],"about":[{"href":"https:\/\/sextoysproductstore.com\/fr\/wp-json\/wp\/v2\/types\/product"}],"replies":[{"embeddable":true,"href":"https:\/\/sextoysproductstore.com\/fr\/wp-json\/wp\/v2\/comments?post=15283"}],"version-history":[{"count":0,"href":"https:\/\/sextoysproductstore.com\/fr\/wp-json\/wp\/v2\/product\/15283\/revisions"}],"wp:featuredmedia":[{"embeddable":true,"href":"https:\/\/sextoysproductstore.com\/fr\/wp-json\/wp\/v2\/media\/15377"}],"wp:attachment":[{"href":"https:\/\/sextoysproductstore.com\/fr\/wp-json\/wp\/v2\/media?parent=15283"}],"wp:term":[{"taxonomy":"store","embeddable":true,"href":"https:\/\/sextoysproductstore.com\/fr\/wp-json\/wp\/v2\/store?post=15283"},{"taxonomy":"product_brand","embeddable":true,"href":"https:\/\/sextoysproductstore.com\/fr\/wp-json\/wp\/v2\/product_brand?post=15283"},{"taxonomy":"product_cat","embeddable":true,"href":"https:\/\/sextoysproductstore.com\/fr\/wp-json\/wp\/v2\/product_cat?post=15283"},{"taxonomy":"product_tag","embeddable":true,"href":"https:\/\/sextoysproductstore.com\/fr\/wp-json\/wp\/v2\/product_tag?post=15283"}],"curies":[{"name":"wp","href":"https:\/\/api.w.org\/{rel}","templated":true}]}}