{"id":15276,"date":"2020-08-18T00:39:59","date_gmt":"2020-08-18T00:39:59","guid":{"rendered":"https:\/\/sextoysproductstore.com\/product\/unisex-big-dildos-huge-strap-on-realistic-dildo-pants-harness-adjustable-8-5-penis-anal-sex-toy-for-woman-couples-lesbian\/"},"modified":"2026-04-11T08:48:37","modified_gmt":"2026-04-11T06:48:37","slug":"lovetoy-rodeo-unisex-huge-realistic-strap-on-dildo-penis","status":"publish","type":"product","link":"https:\/\/sextoysproductstore.com\/fr\/store\/strap-on-dildos\/lovetoy-rodeo-unisex-huge-realistic-strap-on-dildo-penis\/","title":{"rendered":"Lovetoy Rodeo 8 Inch and 8.5 Inch Unisex Realistic Strap-on Dildo Penis"},"content":{"rendered":"<p>Le gode en silicone Stap-On le plus r\u00e9aliste du march\u00e9. Ce sex-toy est r\u00e9volutionnaire et fonctionnel, avec une tige de p\u00e9nis incroyablement r\u00e9aliste et un gland de p\u00e9nis super lisse qui cr\u00e9ent une sensation authentique pour chaque compagnon. Il est con\u00e7u pour offrir la satisfaction la plus authentique possible.<\/p>\n<p>Le strap-on en silicone creux soutient votre \u00e9rection en fin de compte. Ce strap-on \u00e0 trous est parfait pour les personnes souffrant de troubles de l'\u00e9rection et pour celles qui cherchent \u00e0 am\u00e9liorer la taille de leur \u00e9rection sur-le-champ. En revanche, ses suggestions en silicone moelleux font plaisir \u00e0 votre compagne en lui procurant des sensations pratiques.<\/p>\n<p>Les tailles de la ceinture Comfiest Waistband sont de 24 \u00e0 48 pouces et conviennent aux femmes et aux hommes. Elles sont con\u00e7ues pour s'adapter aux femmes et aux hommes (tours de taille 24\u2033-48\u2033) ayant des physiques et des tailles diff\u00e9rents.<\/p>\n<p>La ceinture \u00e9lastique de type jock en fait le strap-on le plus confortable qui soit. Les dix attaches de la sangle, les c\u00f4t\u00e9s ajustables en velcro lisse et la sangle extensible cr\u00e9ent une combinaison id\u00e9ale.<\/p>","protected":false},"excerpt":{"rendered":"<p>Lovetoy Rodeo est le meilleur gode de sangle \u00e0 trou r\u00e9aliste qui existe. Ils sont con\u00e7us pour offrir la satisfaction la plus r\u00e9aliste possible.<\/p>\n<ul>\n<li>R\u00e9aliste, confortable, suffisamment doux<\/li>\n<li>Le gland tr\u00e8s souple et le d\u00e9partement de la tige relativement rigide se combinent parfaitement.<\/li>\n<li>Une exp\u00e9rience tr\u00e8s r\u00e9aliste avec ce gode \u00e0 lani\u00e8res qui vaut son pesant d'or.<\/li>\n<li>Le gode creux est fabriqu\u00e9 en silicone<\/li>\n<li>LV415001 Longueur : 8 pouces, Longueur ins\u00e9rable : 7.5 pouces, Largeur ext\u00e9rieure : 1.75 pouces, Largeur int\u00e9rieure : 1.25 pouces<\/li>\n<li>LV415002 Longueur : 8,5 pouces, Longueur ins\u00e9rable : 8 pouces, Largeur ext\u00e9rieure : 2 pouces, Largeur int\u00e9rieure : 1,45 pouce<\/li>\n<li>La ceinture est en polyester, avec une largeur de 2 pouces, et est con\u00e7ue pour s'adapter aux hommes et aux femmes (tour de taille de 24 \u00e0 48 pouces). La ceinture \u00e9lastique de type jock en fait le strap-on le plus confortable du march\u00e9.<\/li>\n<li>Dix fermetures \u00e0 la taille, des c\u00f4t\u00e9s r\u00e9glables en velcro souple et des sangles extensibles pour un ajustement parfait.<\/li>\n<\/ul>","protected":false},"featured_media":20518,"comment_status":"open","ping_status":"closed","template":"","meta":{"_seopress_robots_primary_cat":"","_seopress_titles_title":"Lovetoy Rodeo Unisex Huge Realistic Strap-on Dildo Penis","_seopress_titles_desc":"Lovetoy Rodeo the finest Lifelike Hole strap-on, dildo out there. They are designed to deliver essentially the most lifelike satisfaction.","_seopress_robots_index":""},"store":[3847],"product_brand":[],"product_cat":[3661],"product_tag":[],"class_list":{"0":"post-15276","1":"product","2":"type-product","3":"status-publish","4":"has-post-thumbnail","6":"store-lovetoy","7":"product_cat-strap-on-dildos","9":"first","10":"outofstock","11":"sale","12":"taxable","13":"shipping-taxable","14":"purchasable","15":"product-type-variable"},"_links":{"self":[{"href":"https:\/\/sextoysproductstore.com\/fr\/wp-json\/wp\/v2\/product\/15276","targetHints":{"allow":["GET"]}}],"collection":[{"href":"https:\/\/sextoysproductstore.com\/fr\/wp-json\/wp\/v2\/product"}],"about":[{"href":"https:\/\/sextoysproductstore.com\/fr\/wp-json\/wp\/v2\/types\/product"}],"replies":[{"embeddable":true,"href":"https:\/\/sextoysproductstore.com\/fr\/wp-json\/wp\/v2\/comments?post=15276"}],"version-history":[{"count":0,"href":"https:\/\/sextoysproductstore.com\/fr\/wp-json\/wp\/v2\/product\/15276\/revisions"}],"wp:featuredmedia":[{"embeddable":true,"href":"https:\/\/sextoysproductstore.com\/fr\/wp-json\/wp\/v2\/media\/20518"}],"wp:attachment":[{"href":"https:\/\/sextoysproductstore.com\/fr\/wp-json\/wp\/v2\/media?parent=15276"}],"wp:term":[{"taxonomy":"store","embeddable":true,"href":"https:\/\/sextoysproductstore.com\/fr\/wp-json\/wp\/v2\/store?post=15276"},{"taxonomy":"product_brand","embeddable":true,"href":"https:\/\/sextoysproductstore.com\/fr\/wp-json\/wp\/v2\/product_brand?post=15276"},{"taxonomy":"product_cat","embeddable":true,"href":"https:\/\/sextoysproductstore.com\/fr\/wp-json\/wp\/v2\/product_cat?post=15276"},{"taxonomy":"product_tag","embeddable":true,"href":"https:\/\/sextoysproductstore.com\/fr\/wp-json\/wp\/v2\/product_tag?post=15276"}],"curies":[{"name":"wp","href":"https:\/\/api.w.org\/{rel}","templated":true}]}}