{"id":14797,"date":"2020-08-17T17:30:42","date_gmt":"2020-08-17T17:30:42","guid":{"rendered":"https:\/\/sextoysproductstore.com\/product\/8-inch-realistic-dick-dual-density-body-safe-liquid-silicone-dildo-soft-bendable-lifelike-penis-with-strong-suction-cup\/"},"modified":"2026-01-16T03:55:05","modified_gmt":"2026-01-16T02:55:05","slug":"lovetoy-8-inch-realistic-dual-density-soft-bendable-dildo-penis","status":"publish","type":"product","link":"https:\/\/sextoysproductstore.com\/fr\/store\/realistic-dildo-penis\/lovetoy-8-inch-realistic-dual-density-soft-bendable-dildo-penis\/","title":{"rendered":"Lovetoy 8 Inch Realistic Dual Density Soft Bendable Dildo Penis"},"content":{"rendered":"<p>Construit pour offrir une satisfaction des plus r\u00e9alistes.<\/p>\n<p>Love Toy Dual. layered silicone natural cock est incroyablement r\u00e9aliste avec une tige \u00e0 double couche, une t\u00eate bomb\u00e9e et des boules textur\u00e9es qui cr\u00e9ent une sensation authentique \u00e0 l'int\u00e9rieur et \u00e0 l'ext\u00e9rieur.<\/p>\n<p>Vous adorerez la sensation naturelle contre votre corps, qui se vante d'une douceur incroyablement r\u00e9aliste avec un noyau interne ferme qui ressemble \u00e0 une v\u00e9ritable \u00e9rection.<\/p>\n<p>While its rounded lifelike head and veined shaft takes care of business internally. The suction base make him perfect for hands free play, with or without a harness.<\/p>","protected":false},"excerpt":{"rendered":"<p>Lovetoy 8 Inch the most lifelike satisfaction, the dual-layered silicone natural cock is an incredibly lifelike bulging head and textured balls.<\/p>\n<ul>\n<li>Fi\u00e8rement fabriqu\u00e9 en silicone liquide \u00e0 double couche<\/li>\n<li>Silicone ferme \u00e0 l'int\u00e9rieur, silicone ultra souple \u00e0 l'ext\u00e9rieur<\/li>\n<li>Une exp\u00e9rience super r\u00e9elle avec ce gode en silicone qui vaut chaque centim\u00e8tre.<\/li>\n<li>Un gode de qualit\u00e9 sup\u00e9rieure con\u00e7u pour donner du plaisir \u00e0 vie.<\/li>\n<li>Mat\u00e9riau : silicone liquide, sans phtalate, sans latex.<\/li>\n<li>Taille moyenne du coq : 20,5*3,6CM (y compris la base d'aspiration)<\/li>\n<li>6,5 cm de diam\u00e8tre pour la base d'aspiration en silicone.<\/li>\n<\/ul>","protected":false},"featured_media":20800,"comment_status":"open","ping_status":"closed","template":"","meta":{"_seopress_robots_primary_cat":"","_seopress_titles_title":"","_seopress_titles_desc":"Lovetoy 8 Inch the most lifelike satisfaction, the dual-layered silicone natural cock is an incredibly lifelike bulging head and textured balls.","_seopress_robots_index":""},"store":[3847],"product_brand":[],"product_cat":[3621],"product_tag":[3936],"class_list":{"0":"post-14797","1":"product","2":"type-product","3":"status-publish","4":"has-post-thumbnail","6":"store-lovetoy","7":"product_cat-realistic-dildo-penis","8":"product_tag-for-women","10":"first","11":"outofstock","12":"sale","13":"taxable","14":"shipping-taxable","15":"purchasable","16":"product-type-variable"},"_links":{"self":[{"href":"https:\/\/sextoysproductstore.com\/fr\/wp-json\/wp\/v2\/product\/14797","targetHints":{"allow":["GET"]}}],"collection":[{"href":"https:\/\/sextoysproductstore.com\/fr\/wp-json\/wp\/v2\/product"}],"about":[{"href":"https:\/\/sextoysproductstore.com\/fr\/wp-json\/wp\/v2\/types\/product"}],"replies":[{"embeddable":true,"href":"https:\/\/sextoysproductstore.com\/fr\/wp-json\/wp\/v2\/comments?post=14797"}],"version-history":[{"count":0,"href":"https:\/\/sextoysproductstore.com\/fr\/wp-json\/wp\/v2\/product\/14797\/revisions"}],"wp:featuredmedia":[{"embeddable":true,"href":"https:\/\/sextoysproductstore.com\/fr\/wp-json\/wp\/v2\/media\/20800"}],"wp:attachment":[{"href":"https:\/\/sextoysproductstore.com\/fr\/wp-json\/wp\/v2\/media?parent=14797"}],"wp:term":[{"taxonomy":"store","embeddable":true,"href":"https:\/\/sextoysproductstore.com\/fr\/wp-json\/wp\/v2\/store?post=14797"},{"taxonomy":"product_brand","embeddable":true,"href":"https:\/\/sextoysproductstore.com\/fr\/wp-json\/wp\/v2\/product_brand?post=14797"},{"taxonomy":"product_cat","embeddable":true,"href":"https:\/\/sextoysproductstore.com\/fr\/wp-json\/wp\/v2\/product_cat?post=14797"},{"taxonomy":"product_tag","embeddable":true,"href":"https:\/\/sextoysproductstore.com\/fr\/wp-json\/wp\/v2\/product_tag?post=14797"}],"curies":[{"name":"wp","href":"https:\/\/api.w.org\/{rel}","templated":true}]}}