{"id":14773,"date":"2020-08-17T17:30:35","date_gmt":"2020-08-17T17:30:35","guid":{"rendered":"https:\/\/sextoysproductstore.com\/product\/lovetoy-magic-hand-13-5-realistic-arm-fingers-fist-butt-plug-sex-toy-big-hands-dildo-for-women-men\/"},"modified":"2026-01-15T03:52:25","modified_gmt":"2026-01-15T02:52:25","slug":"lovetoy-13-5-inch-king-size-realistic-magic-arm-hand-fingers","status":"publish","type":"product","link":"https:\/\/sextoysproductstore.com\/fr\/store\/realistic-dildo-penis\/lovetoy-13-5-inch-king-size-realistic-magic-arm-hand-fingers\/","title":{"rendered":"Lovetoy 13.5 Inch King Size R\u00e9aliste Bras Magique Main Doigts"},"content":{"rendered":"","protected":false},"excerpt":{"rendered":"<ul>\n<li>gode \u00e0 poing avec doigts effil\u00e9s<\/li>\n<li>Fa\u00e7onn\u00e9 \u00e0 partir d'une vraie main pour un jeu extra-r\u00e9aliste<\/li>\n<li>Forme gradu\u00e9e des doigts pour une insertion plus facile<\/li>\n<li>Bords souples et l\u00e9g\u00e8re flexibilit\u00e9 pour un confort total<\/li>\n<li>Mat\u00e9riau PVC sans phtalate pour une exp\u00e9rience r\u00e9aliste.<\/li>\n<li>Taille : 13,5\" de longueur x 3\u2033-3,5\" de largeur.<\/li>\n<\/ul>","protected":false},"featured_media":14967,"comment_status":"open","ping_status":"closed","template":"","meta":{"_seopress_robots_primary_cat":"","_seopress_titles_title":"","_seopress_titles_desc":"","_seopress_robots_index":""},"store":[3847],"product_brand":[],"product_cat":[3621],"product_tag":[3936],"class_list":{"0":"post-14773","1":"product","2":"type-product","3":"status-publish","4":"has-post-thumbnail","6":"store-lovetoy","7":"product_cat-realistic-dildo-penis","8":"product_tag-for-women","10":"first","11":"outofstock","12":"sale","13":"taxable","14":"shipping-taxable","15":"purchasable","16":"product-type-simple"},"_links":{"self":[{"href":"https:\/\/sextoysproductstore.com\/fr\/wp-json\/wp\/v2\/product\/14773","targetHints":{"allow":["GET"]}}],"collection":[{"href":"https:\/\/sextoysproductstore.com\/fr\/wp-json\/wp\/v2\/product"}],"about":[{"href":"https:\/\/sextoysproductstore.com\/fr\/wp-json\/wp\/v2\/types\/product"}],"replies":[{"embeddable":true,"href":"https:\/\/sextoysproductstore.com\/fr\/wp-json\/wp\/v2\/comments?post=14773"}],"version-history":[{"count":0,"href":"https:\/\/sextoysproductstore.com\/fr\/wp-json\/wp\/v2\/product\/14773\/revisions"}],"wp:featuredmedia":[{"embeddable":true,"href":"https:\/\/sextoysproductstore.com\/fr\/wp-json\/wp\/v2\/media\/14967"}],"wp:attachment":[{"href":"https:\/\/sextoysproductstore.com\/fr\/wp-json\/wp\/v2\/media?parent=14773"}],"wp:term":[{"taxonomy":"store","embeddable":true,"href":"https:\/\/sextoysproductstore.com\/fr\/wp-json\/wp\/v2\/store?post=14773"},{"taxonomy":"product_brand","embeddable":true,"href":"https:\/\/sextoysproductstore.com\/fr\/wp-json\/wp\/v2\/product_brand?post=14773"},{"taxonomy":"product_cat","embeddable":true,"href":"https:\/\/sextoysproductstore.com\/fr\/wp-json\/wp\/v2\/product_cat?post=14773"},{"taxonomy":"product_tag","embeddable":true,"href":"https:\/\/sextoysproductstore.com\/fr\/wp-json\/wp\/v2\/product_tag?post=14773"}],"curies":[{"name":"wp","href":"https:\/\/api.w.org\/{rel}","templated":true}]}}