{"id":14765,"date":"2020-08-17T17:30:29","date_gmt":"2020-08-17T17:30:29","guid":{"rendered":"https:\/\/sextoysproductstore.com\/product\/lovetoy-10-5-plus-size-penis-huge-dildos-legendary-king-sized-realistic-dildo-with-suction-cup-adult-toy-sex-toy-for-women\/"},"modified":"2026-01-15T03:52:19","modified_gmt":"2026-01-15T02:52:19","slug":"lovetoy-10-5-inch-legendary-king-sized-realistic-dildo","status":"publish","type":"product","link":"https:\/\/sextoysproductstore.com\/fr\/store\/realistic-dildo-penis\/lovetoy-10-5-inch-legendary-king-sized-realistic-dildo\/","title":{"rendered":"Lovetoy 10.5 Inch Legendary King Sized Dildo R\u00e9aliste"},"content":{"rendered":"<p>Explore every inch of the legendary king-sized realistic dildo From Love Toys.<\/p>\n<p>Satisfy yourself with every vein, curve, and bulge of this giant replica that looks and feels like your fantasies come to life.<\/p>\n<p>This high-quality, realistic king-sized dildo from Love Toys Legendary Realistic dildo Series has a blush-pink rounded tip for easy insertion and a sensationally veined shaft to enhance internal pleasure. They are flexing during use. The bendy stick works with your body to satisfy you, while the textured balls double your fun with incredible external stimulation.<\/p>\n<p>This king-sized huge dildo is so unique it is skin-like -significantly if warmed in warm water beforehand. You&#8217;re guaranteed a sensationally filling experience. This toy has a suction cup base you can attach to any smooth, hard surface for the hands-free ride of your sex Dreams.<\/p>\n<p>Use lashings of lube with this toy for the best and most\u00a0slippery experience.<\/p>","protected":false},"excerpt":{"rendered":"<p>Lovetoy 10.5 Inch King Sized Realistic Dildo will get to a steamy session with the most highly gentle actual pores and skin.<\/p>\n<ul>\n<li>Size: 10.5\u201d length\u00a0 X 2.2\u201d width<\/li>\n<li>Longueur et circonf\u00e9rence extra-sensorielles pour la stimulation du remplissage.<\/li>\n<li>Mat\u00e9riau PVC sans phtalate pour une exp\u00e9rience r\u00e9aliste<\/li>\n<li>Suction cup base for hands-free play<\/li>\n<li>Net weight: 1.1kg<\/li>\n<\/ul>","protected":false},"featured_media":20441,"comment_status":"open","ping_status":"closed","template":"","meta":{"_seopress_robots_primary_cat":"","_seopress_titles_title":"","_seopress_titles_desc":"Lovetoy 10.5 Inch King Sized Realistic Dildo will get to a steamy session with the most highly gentle actual pores and skin.","_seopress_robots_index":""},"store":[3847],"product_brand":[],"product_cat":[3621],"product_tag":[3936],"class_list":{"0":"post-14765","1":"product","2":"type-product","3":"status-publish","4":"has-post-thumbnail","6":"store-lovetoy","7":"product_cat-realistic-dildo-penis","8":"product_tag-for-women","10":"first","11":"outofstock","12":"sale","13":"taxable","14":"shipping-taxable","15":"purchasable","16":"product-type-simple"},"_links":{"self":[{"href":"https:\/\/sextoysproductstore.com\/fr\/wp-json\/wp\/v2\/product\/14765","targetHints":{"allow":["GET"]}}],"collection":[{"href":"https:\/\/sextoysproductstore.com\/fr\/wp-json\/wp\/v2\/product"}],"about":[{"href":"https:\/\/sextoysproductstore.com\/fr\/wp-json\/wp\/v2\/types\/product"}],"replies":[{"embeddable":true,"href":"https:\/\/sextoysproductstore.com\/fr\/wp-json\/wp\/v2\/comments?post=14765"}],"version-history":[{"count":0,"href":"https:\/\/sextoysproductstore.com\/fr\/wp-json\/wp\/v2\/product\/14765\/revisions"}],"wp:featuredmedia":[{"embeddable":true,"href":"https:\/\/sextoysproductstore.com\/fr\/wp-json\/wp\/v2\/media\/20441"}],"wp:attachment":[{"href":"https:\/\/sextoysproductstore.com\/fr\/wp-json\/wp\/v2\/media?parent=14765"}],"wp:term":[{"taxonomy":"store","embeddable":true,"href":"https:\/\/sextoysproductstore.com\/fr\/wp-json\/wp\/v2\/store?post=14765"},{"taxonomy":"product_brand","embeddable":true,"href":"https:\/\/sextoysproductstore.com\/fr\/wp-json\/wp\/v2\/product_brand?post=14765"},{"taxonomy":"product_cat","embeddable":true,"href":"https:\/\/sextoysproductstore.com\/fr\/wp-json\/wp\/v2\/product_cat?post=14765"},{"taxonomy":"product_tag","embeddable":true,"href":"https:\/\/sextoysproductstore.com\/fr\/wp-json\/wp\/v2\/product_tag?post=14765"}],"curies":[{"name":"wp","href":"https:\/\/api.w.org\/{rel}","templated":true}]}}