{"id":14764,"date":"2020-08-17T17:30:29","date_gmt":"2020-08-17T17:30:29","guid":{"rendered":"https:\/\/sextoysproductstore.com\/product\/9-dildo-tpe-realistic-suction-cup-female-sex-toy-g-spot-waterproof-penis-big-large-anal-butt-plug-gay-sex-products\/"},"modified":"2026-01-15T03:52:02","modified_gmt":"2026-01-15T02:52:02","slug":"lovetoy-9inch-the-ultra-soft-dude-realistic-dildo-penis","status":"publish","type":"product","link":"https:\/\/sextoysproductstore.com\/fr\/store\/realistic-dildo-penis\/lovetoy-9inch-the-ultra-soft-dude-realistic-dildo-penis\/","title":{"rendered":"Lovetoy 9 Inch The Ultra Soft Dude Realistic Dildo Penis"},"content":{"rendered":"<p>THE ULTRA SOFT DUDE est un groupe de godes luxueux con\u00e7us de mani\u00e8re experte par Love Toy.<\/p>\n<p>D\u00e9couvrez chaque centim\u00e8tre de The extremely Smooth dude dildo. Remplissez-vous de chaque veine, courbe et renflement de ce double pr\u00e9cis qui semble et appara\u00eet comme si vos fantasmes prenaient vie.<\/p>\n<p>Ce gode est le plus proche que vous puissiez obtenir d'une s\u00e9ance de vapeur avec probablement les pores et la peau les plus d\u00e9licats.<\/p>\n<p>Le tissu est tout \u00e0 fait semblable \u00e0 la peau, surtout s'il est pr\u00e9alablement r\u00e9chauff\u00e9 dans de l'eau chaude, ce qui vous garantit une exp\u00e9rience de remplissage sensationnelle.<\/p>\n<p>Ce jouet est dot\u00e9 d'une base \u00e0 ventouses que vous pouvez connecter \u00e0 n'importe quel sol facile et \u00e9puisant pour une exp\u00e9rience mains libres de vos objectifs.<\/p>\n<p>Il suffit d'enduire sa taille de lubrifiant \u00e0 base d'eau et de glisser dessus, en l'orientant de mani\u00e8re \u00e0 stimuler vos zones \u00e9rog\u00e8nes pour un plaisir inimaginable.<\/p>","protected":false},"excerpt":{"rendered":"<ul>\n<li>100% cyber peau douce<\/li>\n<li>Gode r\u00e9aliste \u00e0 peau douce avec base \u00e0 ventouse<\/li>\n<li>Taille : 9\" de long x 1,6\" de large<\/li>\n<li>Mat\u00e9riau : TPE<\/li>\n<\/ul>","protected":false},"featured_media":20506,"comment_status":"open","ping_status":"closed","template":"","meta":{"_seopress_robots_primary_cat":"","_seopress_titles_title":"","_seopress_titles_desc":"","_seopress_robots_index":""},"store":[3847],"product_brand":[],"product_cat":[3621],"product_tag":[3936],"class_list":{"0":"post-14764","1":"product","2":"type-product","3":"status-publish","4":"has-post-thumbnail","6":"store-lovetoy","7":"product_cat-realistic-dildo-penis","8":"product_tag-for-women","10":"first","11":"outofstock","12":"sale","13":"taxable","14":"shipping-taxable","15":"purchasable","16":"product-type-simple"},"_links":{"self":[{"href":"https:\/\/sextoysproductstore.com\/fr\/wp-json\/wp\/v2\/product\/14764","targetHints":{"allow":["GET"]}}],"collection":[{"href":"https:\/\/sextoysproductstore.com\/fr\/wp-json\/wp\/v2\/product"}],"about":[{"href":"https:\/\/sextoysproductstore.com\/fr\/wp-json\/wp\/v2\/types\/product"}],"replies":[{"embeddable":true,"href":"https:\/\/sextoysproductstore.com\/fr\/wp-json\/wp\/v2\/comments?post=14764"}],"version-history":[{"count":0,"href":"https:\/\/sextoysproductstore.com\/fr\/wp-json\/wp\/v2\/product\/14764\/revisions"}],"wp:featuredmedia":[{"embeddable":true,"href":"https:\/\/sextoysproductstore.com\/fr\/wp-json\/wp\/v2\/media\/20506"}],"wp:attachment":[{"href":"https:\/\/sextoysproductstore.com\/fr\/wp-json\/wp\/v2\/media?parent=14764"}],"wp:term":[{"taxonomy":"store","embeddable":true,"href":"https:\/\/sextoysproductstore.com\/fr\/wp-json\/wp\/v2\/store?post=14764"},{"taxonomy":"product_brand","embeddable":true,"href":"https:\/\/sextoysproductstore.com\/fr\/wp-json\/wp\/v2\/product_brand?post=14764"},{"taxonomy":"product_cat","embeddable":true,"href":"https:\/\/sextoysproductstore.com\/fr\/wp-json\/wp\/v2\/product_cat?post=14764"},{"taxonomy":"product_tag","embeddable":true,"href":"https:\/\/sextoysproductstore.com\/fr\/wp-json\/wp\/v2\/product_tag?post=14764"}],"curies":[{"name":"wp","href":"https:\/\/api.w.org\/{rel}","templated":true}]}}