{"id":14349,"date":"2020-08-17T01:13:52","date_gmt":"2020-08-17T01:13:52","guid":{"rendered":"https:\/\/sextoysproductstore.com\/product\/10-speed-magic-wand-massager-silicone-head-powerful-vibrator-g-spot-av-stick-full-body-massaging-for-legs-arms-vertebra-shoulder\/"},"modified":"2026-01-09T17:53:48","modified_gmt":"2026-01-09T16:53:48","slug":"10-speed-magic-wand-massager-silicone-head-powerful-vibrator","status":"publish","type":"product","link":"https:\/\/sextoysproductstore.com\/fr\/store\/magic-wand\/10-speed-magic-wand-massager-silicone-head-powerful-vibrator\/","title":{"rendered":"Baguette magique 10 vitesses Vibrateur puissant \u00e0 t\u00eate en silicone"},"content":{"rendered":"","protected":false},"excerpt":{"rendered":"<p>Plug and Play, facile \u00e0 utiliser. T\u00eate de massage en silicone souple et douce, permettant de plier facilement le cou.<br \/>\n10 La vitesse de vibration peut \u00eatre commut\u00e9e librement.<\/p>\n<ul>\n<li>Vibration \u00e0 10 vitesses<\/li>\n<li>Silicone souple et flexible<\/li>\n<li>Couleur : violet \/ blanc \/ noir \/ rose<\/li>\n<li>Voltage : AC 110-250V<\/li>\n<li>Fiche : Prise standard am\u00e9ricaine. (Pour les autres pays, veuillez demander un adaptateur).<\/li>\n<\/ul>","protected":false},"featured_media":14525,"comment_status":"open","ping_status":"closed","template":"","meta":{"_seopress_robots_primary_cat":"","_seopress_titles_title":"","_seopress_titles_desc":"","_seopress_robots_index":""},"store":[3846],"product_brand":[],"product_cat":[3373],"product_tag":[3936],"class_list":{"0":"post-14349","1":"product","2":"type-product","3":"status-publish","4":"has-post-thumbnail","6":"store-chialstar","7":"product_cat-magic-wand","8":"product_tag-for-women","10":"first","11":"outofstock","12":"sale","13":"taxable","14":"shipping-taxable","15":"purchasable","16":"product-type-simple"},"_links":{"self":[{"href":"https:\/\/sextoysproductstore.com\/fr\/wp-json\/wp\/v2\/product\/14349","targetHints":{"allow":["GET"]}}],"collection":[{"href":"https:\/\/sextoysproductstore.com\/fr\/wp-json\/wp\/v2\/product"}],"about":[{"href":"https:\/\/sextoysproductstore.com\/fr\/wp-json\/wp\/v2\/types\/product"}],"replies":[{"embeddable":true,"href":"https:\/\/sextoysproductstore.com\/fr\/wp-json\/wp\/v2\/comments?post=14349"}],"version-history":[{"count":0,"href":"https:\/\/sextoysproductstore.com\/fr\/wp-json\/wp\/v2\/product\/14349\/revisions"}],"wp:featuredmedia":[{"embeddable":true,"href":"https:\/\/sextoysproductstore.com\/fr\/wp-json\/wp\/v2\/media\/14525"}],"wp:attachment":[{"href":"https:\/\/sextoysproductstore.com\/fr\/wp-json\/wp\/v2\/media?parent=14349"}],"wp:term":[{"taxonomy":"store","embeddable":true,"href":"https:\/\/sextoysproductstore.com\/fr\/wp-json\/wp\/v2\/store?post=14349"},{"taxonomy":"product_brand","embeddable":true,"href":"https:\/\/sextoysproductstore.com\/fr\/wp-json\/wp\/v2\/product_brand?post=14349"},{"taxonomy":"product_cat","embeddable":true,"href":"https:\/\/sextoysproductstore.com\/fr\/wp-json\/wp\/v2\/product_cat?post=14349"},{"taxonomy":"product_tag","embeddable":true,"href":"https:\/\/sextoysproductstore.com\/fr\/wp-json\/wp\/v2\/product_tag?post=14349"}],"curies":[{"name":"wp","href":"https:\/\/api.w.org\/{rel}","templated":true}]}}