{"id":14323,"date":"2020-08-17T01:13:40","date_gmt":"2020-08-17T01:13:40","guid":{"rendered":"https:\/\/sextoysproductstore.com\/product\/12-speed-dual-head-vibrator-heating-av-massager-wand-women-g-spot-vagina-clitoris-stimulate-anal-dildo-vibrators-erotic-adult-se\/"},"modified":"2026-01-09T17:52:37","modified_gmt":"2026-01-09T16:52:37","slug":"12-speed-dual-head-magic-wand-vibrator-heating-av-massager","status":"publish","type":"product","link":"https:\/\/sextoysproductstore.com\/fr\/store\/magic-wand\/12-speed-dual-head-magic-wand-vibrator-heating-av-massager\/","title":{"rendered":"Baguette magique vibrante 12 vitesses \u00e0 deux t\u00eates, chauffante, masseur AV"},"content":{"rendered":"","protected":false},"excerpt":{"rendered":"<p>Haute qualit\u00e9, vibrations \u00e0 plusieurs vitesses, les meilleurs jouets sexuels pour stimuler vos parties sensibles.<\/p>\n<ul>\n<li>Mat\u00e9riau : Silicone<\/li>\n<li>Fonction : 12 modes de vibration, chauffage intelligent \u00e0 45 degr\u00e9s, vibration bidirectionnelle<\/li>\n<li>Alimentation : USB rechargeable<\/li>\n<li>Imperm\u00e9able : Oui<\/li>\n<li>Couleur : noir, rose, violet ou rose\/rose<\/li>\n<li>Bruit : moins de 40db<\/li>\n<\/ul>","protected":false},"featured_media":14442,"comment_status":"open","ping_status":"closed","template":"","meta":{"_seopress_robots_primary_cat":"","_seopress_titles_title":"","_seopress_titles_desc":"","_seopress_robots_index":""},"store":[],"product_brand":[],"product_cat":[3373],"product_tag":[3936],"class_list":{"0":"post-14323","1":"product","2":"type-product","3":"status-publish","4":"has-post-thumbnail","6":"product_cat-magic-wand","7":"product_tag-for-women","9":"first","10":"outofstock","11":"sale","12":"taxable","13":"shipping-taxable","14":"purchasable","15":"product-type-variable"},"_links":{"self":[{"href":"https:\/\/sextoysproductstore.com\/fr\/wp-json\/wp\/v2\/product\/14323","targetHints":{"allow":["GET"]}}],"collection":[{"href":"https:\/\/sextoysproductstore.com\/fr\/wp-json\/wp\/v2\/product"}],"about":[{"href":"https:\/\/sextoysproductstore.com\/fr\/wp-json\/wp\/v2\/types\/product"}],"replies":[{"embeddable":true,"href":"https:\/\/sextoysproductstore.com\/fr\/wp-json\/wp\/v2\/comments?post=14323"}],"version-history":[{"count":0,"href":"https:\/\/sextoysproductstore.com\/fr\/wp-json\/wp\/v2\/product\/14323\/revisions"}],"wp:featuredmedia":[{"embeddable":true,"href":"https:\/\/sextoysproductstore.com\/fr\/wp-json\/wp\/v2\/media\/14442"}],"wp:attachment":[{"href":"https:\/\/sextoysproductstore.com\/fr\/wp-json\/wp\/v2\/media?parent=14323"}],"wp:term":[{"taxonomy":"store","embeddable":true,"href":"https:\/\/sextoysproductstore.com\/fr\/wp-json\/wp\/v2\/store?post=14323"},{"taxonomy":"product_brand","embeddable":true,"href":"https:\/\/sextoysproductstore.com\/fr\/wp-json\/wp\/v2\/product_brand?post=14323"},{"taxonomy":"product_cat","embeddable":true,"href":"https:\/\/sextoysproductstore.com\/fr\/wp-json\/wp\/v2\/product_cat?post=14323"},{"taxonomy":"product_tag","embeddable":true,"href":"https:\/\/sextoysproductstore.com\/fr\/wp-json\/wp\/v2\/product_tag?post=14323"}],"curies":[{"name":"wp","href":"https:\/\/api.w.org\/{rel}","templated":true}]}}