{"id":14209,"date":"2020-08-17T01:07:20","date_gmt":"2020-08-17T01:07:20","guid":{"rendered":"https:\/\/sextoysproductstore.com\/product\/female-multispeed-thrusting-rabbit-dildos-vibrator-waterproof-g-spot-clitoral-dildo-massager-adult-sex-toys-for-women\/"},"modified":"2026-01-09T17:50:47","modified_gmt":"2026-01-09T16:50:47","slug":"rabbit-vibrator-36-modes-multispeed-waterproof-dildo-g-spot-clitoral-massager","status":"publish","type":"product","link":"https:\/\/sextoysproductstore.com\/fr\/store\/vibrators\/rabbit-vibrators\/rabbit-vibrator-36-modes-multispeed-waterproof-dildo-g-spot-clitoral-massager\/","title":{"rendered":"Rabbit Vibrator 36 Modes Multispeed Waterproof Dildo G-Spot Clitoral Massager"},"content":{"rendered":"","protected":false},"excerpt":{"rendered":"<p>36 vibrations \u00e0 plusieurs vitesses + rotation des deux c\u00f4t\u00e9s pour plus de stimulation ! Couleurs vives, design unique et points de stimulation multiples. Masseur de qualit\u00e9 sup\u00e9rieure avec vibrations silencieuses. Fabriqu\u00e9 en gel\u00e9e d\u00e9licieusement douce.<\/p>\n<ul>\n<li>Fr\u00e9quence : 36 modes de vibration silencieuse<\/li>\n<li>Rotation : Rotation de 360\u00b0 dans le sens horaire ou antihoraire<\/li>\n<li>Propri\u00e9t\u00e9 de la tige ins\u00e9rable : Non-toxique M\u00e9dical<\/li>\n<li>Piles : 4 AAA (non incluses)<\/li>\n<li>Propri\u00e9t\u00e9 imperm\u00e9able : Imperm\u00e9able \u00e0 l'eau<\/li>\n<li>Fonction : Vibration, rotation, perles de massage, stimulation du point G et du clitoris.<\/li>\n<\/ul>","protected":false},"featured_media":14268,"comment_status":"open","ping_status":"closed","template":"","meta":{"_seopress_robots_primary_cat":"","_seopress_titles_title":"","_seopress_titles_desc":"","_seopress_robots_index":""},"store":[3846],"product_brand":[],"product_cat":[3607],"product_tag":[3936],"class_list":{"0":"post-14209","1":"product","2":"type-product","3":"status-publish","4":"has-post-thumbnail","6":"store-chialstar","7":"product_cat-rabbit-vibrators","8":"product_tag-for-women","10":"first","11":"outofstock","12":"sale","13":"taxable","14":"shipping-taxable","15":"purchasable","16":"product-type-variable"},"_links":{"self":[{"href":"https:\/\/sextoysproductstore.com\/fr\/wp-json\/wp\/v2\/product\/14209","targetHints":{"allow":["GET"]}}],"collection":[{"href":"https:\/\/sextoysproductstore.com\/fr\/wp-json\/wp\/v2\/product"}],"about":[{"href":"https:\/\/sextoysproductstore.com\/fr\/wp-json\/wp\/v2\/types\/product"}],"replies":[{"embeddable":true,"href":"https:\/\/sextoysproductstore.com\/fr\/wp-json\/wp\/v2\/comments?post=14209"}],"version-history":[{"count":0,"href":"https:\/\/sextoysproductstore.com\/fr\/wp-json\/wp\/v2\/product\/14209\/revisions"}],"wp:featuredmedia":[{"embeddable":true,"href":"https:\/\/sextoysproductstore.com\/fr\/wp-json\/wp\/v2\/media\/14268"}],"wp:attachment":[{"href":"https:\/\/sextoysproductstore.com\/fr\/wp-json\/wp\/v2\/media?parent=14209"}],"wp:term":[{"taxonomy":"store","embeddable":true,"href":"https:\/\/sextoysproductstore.com\/fr\/wp-json\/wp\/v2\/store?post=14209"},{"taxonomy":"product_brand","embeddable":true,"href":"https:\/\/sextoysproductstore.com\/fr\/wp-json\/wp\/v2\/product_brand?post=14209"},{"taxonomy":"product_cat","embeddable":true,"href":"https:\/\/sextoysproductstore.com\/fr\/wp-json\/wp\/v2\/product_cat?post=14209"},{"taxonomy":"product_tag","embeddable":true,"href":"https:\/\/sextoysproductstore.com\/fr\/wp-json\/wp\/v2\/product_tag?post=14209"}],"curies":[{"name":"wp","href":"https:\/\/api.w.org\/{rel}","templated":true}]}}