{"id":13934,"date":"2020-08-16T22:24:11","date_gmt":"2020-08-16T22:24:11","guid":{"rendered":"https:\/\/sextoysproductstore.com\/product\/7-inches-multi-speed-vibrator-anal-butt-plug-battery-power-g-spot-stimulation-full-body-massage-sex-toy-for-couples-lovers\/"},"modified":"2026-01-09T17:49:30","modified_gmt":"2026-01-09T16:49:30","slug":"7-inches-multi-speed-vibrator-full-body-massager","status":"publish","type":"product","link":"https:\/\/sextoysproductstore.com\/fr\/store\/vibrators\/bullet-vibrators\/7-inches-multi-speed-vibrator-full-body-massager\/","title":{"rendered":"Vibrateur multi-vitesses de 7 pouces pour le massage du corps entier"},"content":{"rendered":"","protected":false},"excerpt":{"rendered":"<ul>\n<li>Les vitesses r\u00e9glables r\u00e9pondent \u00e0 vos diff\u00e9rents besoins et vous permettent de vivre diff\u00e9rentes passions.<\/li>\n<li>2 piles AA sont n\u00e9cessaires, l'appareil sans fil est portable pour les voyages et facile \u00e0 utiliser.<\/li>\n<li>Vous pouvez \u00e9galement l'utiliser pour masser tout le corps.<\/li>\n<li>Silencieux et puissant, il vous permet, \u00e0 vous et \u00e0 votre partenaire, de vivre des exp\u00e9riences sexuelles agr\u00e9ables.<\/li>\n<\/ul>","protected":false},"featured_media":14128,"comment_status":"open","ping_status":"closed","template":"","meta":{"_seopress_robots_primary_cat":"","_seopress_titles_title":"","_seopress_titles_desc":"","_seopress_robots_index":""},"store":[],"product_brand":[],"product_cat":[3306],"product_tag":[3936],"class_list":{"0":"post-13934","1":"product","2":"type-product","3":"status-publish","4":"has-post-thumbnail","6":"product_cat-bullet-vibrators","7":"product_tag-for-women","9":"first","10":"outofstock","11":"sale","12":"taxable","13":"shipping-taxable","14":"purchasable","15":"product-type-variable"},"_links":{"self":[{"href":"https:\/\/sextoysproductstore.com\/fr\/wp-json\/wp\/v2\/product\/13934","targetHints":{"allow":["GET"]}}],"collection":[{"href":"https:\/\/sextoysproductstore.com\/fr\/wp-json\/wp\/v2\/product"}],"about":[{"href":"https:\/\/sextoysproductstore.com\/fr\/wp-json\/wp\/v2\/types\/product"}],"replies":[{"embeddable":true,"href":"https:\/\/sextoysproductstore.com\/fr\/wp-json\/wp\/v2\/comments?post=13934"}],"version-history":[{"count":0,"href":"https:\/\/sextoysproductstore.com\/fr\/wp-json\/wp\/v2\/product\/13934\/revisions"}],"wp:featuredmedia":[{"embeddable":true,"href":"https:\/\/sextoysproductstore.com\/fr\/wp-json\/wp\/v2\/media\/14128"}],"wp:attachment":[{"href":"https:\/\/sextoysproductstore.com\/fr\/wp-json\/wp\/v2\/media?parent=13934"}],"wp:term":[{"taxonomy":"store","embeddable":true,"href":"https:\/\/sextoysproductstore.com\/fr\/wp-json\/wp\/v2\/store?post=13934"},{"taxonomy":"product_brand","embeddable":true,"href":"https:\/\/sextoysproductstore.com\/fr\/wp-json\/wp\/v2\/product_brand?post=13934"},{"taxonomy":"product_cat","embeddable":true,"href":"https:\/\/sextoysproductstore.com\/fr\/wp-json\/wp\/v2\/product_cat?post=13934"},{"taxonomy":"product_tag","embeddable":true,"href":"https:\/\/sextoysproductstore.com\/fr\/wp-json\/wp\/v2\/product_tag?post=13934"}],"curies":[{"name":"wp","href":"https:\/\/api.w.org\/{rel}","templated":true}]}}