{"id":13922,"date":"2020-08-16T22:24:05","date_gmt":"2020-08-16T22:24:05","guid":{"rendered":"https:\/\/sextoysproductstore.com\/product\/20pcs-hot-mini-secret-women-lipstick-vibrator-electric-vibrating-jump-egg-lip-bullet-massage-sex-toy-for-women\/"},"modified":"2026-01-09T17:48:37","modified_gmt":"2026-01-09T16:48:37","slug":"20pcs-mini-secret-lipstick-vibrating-jump-egg-lip-massage-vibrator","status":"publish","type":"product","link":"https:\/\/sextoysproductstore.com\/fr\/store\/vibrators\/bullet-vibrators\/20pcs-mini-secret-lipstick-vibrating-jump-egg-lip-massage-vibrator\/","title":{"rendered":"20 Pcs Mini Secret Lipstick Vibrating Jump Egg Lip Massage Vibrator"},"content":{"rendered":"","protected":false},"excerpt":{"rendered":"<p>Adorable design de rouge \u00e0 l\u00e8vres, facile \u00e0 emporter dans votre sac. Tr\u00e8s silencieux, il peut \u00eatre utilis\u00e9 partout.<\/p>\n<ul>\n<li>3 \u00e9tats : Ouvert\/marche\/arr\u00eat. Vous devez le faire fonctionner. Il est simple \u00e0 utiliser.<\/li>\n<li>Aliment\u00e9 par une pile AAA (non incluse)<\/li>\n<li>Mat\u00e9riau : ABS<\/li>\n<li>Couleur : Rouge, noir, violet, rose, argent<\/li>\n<\/ul>\n<p><strong>Contenu du paquet :<\/strong><\/p>\n<ul>\n<li>20 x Mini Vibrator Lipsticks<\/li>\n<\/ul>\n<p>Veuillez indiquer la couleur de l'article dans le message de commande. Sinon, il sera envoy\u00e9 dans des couleurs al\u00e9atoires !<\/p>","protected":false},"featured_media":14089,"comment_status":"open","ping_status":"closed","template":"","meta":{"_seopress_robots_primary_cat":"","_seopress_titles_title":"","_seopress_titles_desc":"","_seopress_robots_index":""},"store":[3320],"product_brand":[],"product_cat":[3306],"product_tag":[3936],"class_list":{"0":"post-13922","1":"product","2":"type-product","3":"status-publish","4":"has-post-thumbnail","6":"store-green-baby","7":"product_cat-bullet-vibrators","8":"product_tag-for-women","10":"first","11":"outofstock","12":"sale","13":"taxable","14":"shipping-taxable","15":"purchasable","16":"product-type-simple"},"_links":{"self":[{"href":"https:\/\/sextoysproductstore.com\/fr\/wp-json\/wp\/v2\/product\/13922","targetHints":{"allow":["GET"]}}],"collection":[{"href":"https:\/\/sextoysproductstore.com\/fr\/wp-json\/wp\/v2\/product"}],"about":[{"href":"https:\/\/sextoysproductstore.com\/fr\/wp-json\/wp\/v2\/types\/product"}],"replies":[{"embeddable":true,"href":"https:\/\/sextoysproductstore.com\/fr\/wp-json\/wp\/v2\/comments?post=13922"}],"version-history":[{"count":0,"href":"https:\/\/sextoysproductstore.com\/fr\/wp-json\/wp\/v2\/product\/13922\/revisions"}],"wp:featuredmedia":[{"embeddable":true,"href":"https:\/\/sextoysproductstore.com\/fr\/wp-json\/wp\/v2\/media\/14089"}],"wp:attachment":[{"href":"https:\/\/sextoysproductstore.com\/fr\/wp-json\/wp\/v2\/media?parent=13922"}],"wp:term":[{"taxonomy":"store","embeddable":true,"href":"https:\/\/sextoysproductstore.com\/fr\/wp-json\/wp\/v2\/store?post=13922"},{"taxonomy":"product_brand","embeddable":true,"href":"https:\/\/sextoysproductstore.com\/fr\/wp-json\/wp\/v2\/product_brand?post=13922"},{"taxonomy":"product_cat","embeddable":true,"href":"https:\/\/sextoysproductstore.com\/fr\/wp-json\/wp\/v2\/product_cat?post=13922"},{"taxonomy":"product_tag","embeddable":true,"href":"https:\/\/sextoysproductstore.com\/fr\/wp-json\/wp\/v2\/product_tag?post=13922"}],"curies":[{"name":"wp","href":"https:\/\/api.w.org\/{rel}","templated":true}]}}