{"id":13920,"date":"2020-08-16T22:24:03","date_gmt":"2020-08-16T22:24:03","guid":{"rendered":"https:\/\/sextoysproductstore.com\/product\/30-frequency-wireless-remote-control-c-type-massage-dual-vibrator-anal-butt-plug-sex-product-for-adult-masturbation\/"},"modified":"2026-01-09T17:48:23","modified_gmt":"2026-01-09T16:48:23","slug":"pretty-love-30-speed-vibration-mode-massage-dual-vibrator","status":"publish","type":"product","link":"https:\/\/sextoysproductstore.com\/fr\/store\/vibrators\/bullet-vibrators\/pretty-love-30-speed-vibration-mode-massage-dual-vibrator\/","title":{"rendered":"Pretty Love Vibrateur double \u00e0 30 vitesses et mode de vibration pour le massage"},"content":{"rendered":"","protected":false},"excerpt":{"rendered":"<ul>\n<li>La conception partag\u00e9e du couple<\/li>\n<li>Contr\u00f4le sans fil 20 m\u00e8tres<\/li>\n<li>Mode de vibration \u00e0 30 vitesses<\/li>\n<li>T\u00e9l\u00e9commande aliment\u00e9e par 2 piles AAA (non incluses)<\/li>\n<li data-spm-anchor-id=\"a2g0o.detail.1000023.i0.15a57dc6EXnWnA\">Vibrateur \u00e9tanche et rechargeable<\/li>\n<\/ul>","protected":false},"featured_media":14076,"comment_status":"open","ping_status":"closed","template":"","meta":{"_seopress_robots_primary_cat":"","_seopress_titles_title":"","_seopress_titles_desc":"","_seopress_robots_index":""},"store":[3848],"product_brand":[],"product_cat":[3306],"product_tag":[3936],"class_list":{"0":"post-13920","1":"product","2":"type-product","3":"status-publish","4":"has-post-thumbnail","6":"store-pretty-love","7":"product_cat-bullet-vibrators","8":"product_tag-for-women","10":"first","11":"outofstock","12":"sale","13":"taxable","14":"shipping-taxable","15":"purchasable","16":"product-type-simple"},"_links":{"self":[{"href":"https:\/\/sextoysproductstore.com\/fr\/wp-json\/wp\/v2\/product\/13920","targetHints":{"allow":["GET"]}}],"collection":[{"href":"https:\/\/sextoysproductstore.com\/fr\/wp-json\/wp\/v2\/product"}],"about":[{"href":"https:\/\/sextoysproductstore.com\/fr\/wp-json\/wp\/v2\/types\/product"}],"replies":[{"embeddable":true,"href":"https:\/\/sextoysproductstore.com\/fr\/wp-json\/wp\/v2\/comments?post=13920"}],"version-history":[{"count":0,"href":"https:\/\/sextoysproductstore.com\/fr\/wp-json\/wp\/v2\/product\/13920\/revisions"}],"wp:featuredmedia":[{"embeddable":true,"href":"https:\/\/sextoysproductstore.com\/fr\/wp-json\/wp\/v2\/media\/14076"}],"wp:attachment":[{"href":"https:\/\/sextoysproductstore.com\/fr\/wp-json\/wp\/v2\/media?parent=13920"}],"wp:term":[{"taxonomy":"store","embeddable":true,"href":"https:\/\/sextoysproductstore.com\/fr\/wp-json\/wp\/v2\/store?post=13920"},{"taxonomy":"product_brand","embeddable":true,"href":"https:\/\/sextoysproductstore.com\/fr\/wp-json\/wp\/v2\/product_brand?post=13920"},{"taxonomy":"product_cat","embeddable":true,"href":"https:\/\/sextoysproductstore.com\/fr\/wp-json\/wp\/v2\/product_cat?post=13920"},{"taxonomy":"product_tag","embeddable":true,"href":"https:\/\/sextoysproductstore.com\/fr\/wp-json\/wp\/v2\/product_tag?post=13920"}],"curies":[{"name":"wp","href":"https:\/\/api.w.org\/{rel}","templated":true}]}}