{"id":11253,"date":"2020-05-06T13:26:54","date_gmt":"2020-05-06T11:26:54","guid":{"rendered":"https:\/\/sextoysproductstore.com\/product\/silicone-penis-rings-wheel-cockring-adult-sex-products-delay-male-masturbation-fun-toys-for-men\/"},"modified":"2026-01-09T17:23:40","modified_gmt":"2026-01-09T16:23:40","slug":"silicone-penis-cockring-wheel-masturbation-delay","status":"publish","type":"product","link":"https:\/\/sextoysproductstore.com\/fr\/store\/cock-rings\/silicone-penis-cockring-wheel-masturbation-delay\/","title":{"rendered":"P\u00e9nis en silicone Cockring Roue Masturbation Delay"},"content":{"rendered":"","protected":false},"excerpt":{"rendered":"<ul>\n<li>Les anneaux de coq sont fabriqu\u00e9s en \u00e9lastom\u00e8re pour une s\u00e9curit\u00e9 et une hygi\u00e8ne sup\u00e9rieures.<\/li>\n<li>Prolonger le plaisir<\/li>\n<li>Anneaux de coqs standard<\/li>\n<li>Super extensible et solide<\/li>\n<li>Lisse<\/li>\n<li>Elastom\u00e8res thermoplastiques TPE<\/li>\n<\/ul>\n<p><strong>Caract\u00e9ristiques du produit :<\/strong><\/p>\n<ul>\n<li>Mat\u00e9riau : Silicone<\/li>\n<li>Couleur : Noir<\/li>\n<li>Taille : 4.5 * 1.2cm Diam\u00e8tre int\u00e9rieur : 3.6cm<\/li>\n<\/ul>","protected":false},"featured_media":11417,"comment_status":"open","ping_status":"closed","template":"","meta":{"_seopress_robots_primary_cat":"","_seopress_titles_title":"","_seopress_titles_desc":"","_seopress_robots_index":""},"store":[3320],"product_brand":[],"product_cat":[3352],"product_tag":[3935],"class_list":{"0":"post-11253","1":"product","2":"type-product","3":"status-publish","4":"has-post-thumbnail","6":"store-green-baby","7":"product_cat-cock-rings","8":"product_tag-for-men","10":"first","11":"outofstock","12":"taxable","13":"shipping-taxable","14":"purchasable","15":"product-type-simple"},"_links":{"self":[{"href":"https:\/\/sextoysproductstore.com\/fr\/wp-json\/wp\/v2\/product\/11253","targetHints":{"allow":["GET"]}}],"collection":[{"href":"https:\/\/sextoysproductstore.com\/fr\/wp-json\/wp\/v2\/product"}],"about":[{"href":"https:\/\/sextoysproductstore.com\/fr\/wp-json\/wp\/v2\/types\/product"}],"replies":[{"embeddable":true,"href":"https:\/\/sextoysproductstore.com\/fr\/wp-json\/wp\/v2\/comments?post=11253"}],"version-history":[{"count":0,"href":"https:\/\/sextoysproductstore.com\/fr\/wp-json\/wp\/v2\/product\/11253\/revisions"}],"wp:featuredmedia":[{"embeddable":true,"href":"https:\/\/sextoysproductstore.com\/fr\/wp-json\/wp\/v2\/media\/11417"}],"wp:attachment":[{"href":"https:\/\/sextoysproductstore.com\/fr\/wp-json\/wp\/v2\/media?parent=11253"}],"wp:term":[{"taxonomy":"store","embeddable":true,"href":"https:\/\/sextoysproductstore.com\/fr\/wp-json\/wp\/v2\/store?post=11253"},{"taxonomy":"product_brand","embeddable":true,"href":"https:\/\/sextoysproductstore.com\/fr\/wp-json\/wp\/v2\/product_brand?post=11253"},{"taxonomy":"product_cat","embeddable":true,"href":"https:\/\/sextoysproductstore.com\/fr\/wp-json\/wp\/v2\/product_cat?post=11253"},{"taxonomy":"product_tag","embeddable":true,"href":"https:\/\/sextoysproductstore.com\/fr\/wp-json\/wp\/v2\/product_tag?post=11253"}],"curies":[{"name":"wp","href":"https:\/\/api.w.org\/{rel}","templated":true}]}}