{"id":7563,"date":"2020-04-22T15:35:16","date_gmt":"2020-04-22T15:35:16","guid":{"rendered":"https:\/\/pricelikeit.com\/?page_id=7563"},"modified":"2022-12-21T06:01:12","modified_gmt":"2022-12-21T05:01:12","slug":"sitemap","status":"publish","type":"page","link":"https:\/\/sextoysproductstore.com\/fr\/sitemap\/","title":{"rendered":"Plan du site"},"content":{"rendered":"<div data-elementor-type=\"wp-page\" data-elementor-id=\"7563\" class=\"elementor elementor-7563\" data-elementor-post-type=\"page\">\n\t\t\t\t\t\t<section class=\"elementor-section elementor-top-section elementor-element elementor-element-cc436ac elementor-section-boxed elementor-section-height-default elementor-section-height-default\" data-id=\"cc436ac\" data-element_type=\"section\" data-e-type=\"section\">\n\t\t\t\t\t\t<div class=\"elementor-container elementor-column-gap-default\">\n\t\t\t\t\t<div class=\"elementor-column elementor-col-100 elementor-top-column elementor-element elementor-element-71ac5c5\" data-id=\"71ac5c5\" data-element_type=\"column\" data-e-type=\"column\">\n\t\t\t<div class=\"elementor-widget-wrap elementor-element-populated\">\n\t\t\t\t\t\t<div class=\"elementor-element elementor-element-728c0b9 elementor-widget elementor-widget-heading\" data-id=\"728c0b9\" data-element_type=\"widget\" data-e-type=\"widget\" data-widget_type=\"heading.default\">\n\t\t\t\t\t<h1 class=\"elementor-heading-title elementor-size-default\">Sitemap Sex Toys Product Store<\/h1>\t\t\t\t<\/div>\n\t\t\t\t<div class=\"elementor-element elementor-element-45378c8 elementor-widget elementor-widget-sitemap\" data-id=\"45378c8\" data-element_type=\"widget\" data-e-type=\"widget\" data-widget_type=\"sitemap.default\">\n\t\t\t\t\t<div class=\"elementor-sitemap-wrap\"><div class=\"elementor-sitemap-section\"><h2 class=\"elementor-sitemap-title elementor-sitemap-page-title\">Pages<\/h2><ul class=\"elementor-sitemap-list elementor-sitemap-page-list\"><li class=\"elementor-sitemap-item elementor-sitemap-item-page page_item page-item-14\"><a href=\"https:\/\/sextoysproductstore.com\/fr\/\">Boutique de produits Sex Toys<\/a><\/li><li class=\"elementor-sitemap-item elementor-sitemap-item-page page_item page-item-7560\"><a href=\"https:\/\/sextoysproductstore.com\/fr\/about-us\/\">A propos de nous<\/a><\/li><li class=\"elementor-sitemap-item elementor-sitemap-item-page page_item page-item-1089 current_page_parent\"><a href=\"https:\/\/sextoysproductstore.com\/fr\/blog\/\">Articles sur les Sex Toys<\/a><\/li><li class=\"elementor-sitemap-item elementor-sitemap-item-page page_item page-item-1087\"><a href=\"https:\/\/sextoysproductstore.com\/fr\/frequently-asked-questions\/\">Questions fr\u00e9quemment pos\u00e9es<\/a><\/li><li class=\"elementor-sitemap-item elementor-sitemap-item-page page_item page-item-880\"><a href=\"https:\/\/sextoysproductstore.com\/fr\/contact-information\/\">Informations de contact<\/a><\/li><li class=\"elementor-sitemap-item elementor-sitemap-item-page page_item page-item-44\"><a href=\"https:\/\/sextoysproductstore.com\/fr\/sextoys-store\/\">Magasin de jouets sexuels<\/a><\/li><li class=\"elementor-sitemap-item elementor-sitemap-item-page page_item page-item-27383\"><a href=\"https:\/\/sextoysproductstore.com\/fr\/sex-toys-for-women\/\">Sex Toys pour femmes<\/a><\/li><li class=\"elementor-sitemap-item elementor-sitemap-item-page page_item page-item-27378\"><a href=\"https:\/\/sextoysproductstore.com\/fr\/sex-toys-for-men\/\">Sex Toys pour hommes<\/a><\/li><li class=\"elementor-sitemap-item elementor-sitemap-item-page page_item page-item-1626\"><a href=\"https:\/\/sextoysproductstore.com\/fr\/popular-sex-toys\/\">Jouets sexuels populaires<\/a><\/li><li class=\"elementor-sitemap-item elementor-sitemap-item-page page_item page-item-1630\"><a href=\"https:\/\/sextoysproductstore.com\/fr\/featured-sex-toys\/\">Sex Toys en vedette<\/a><\/li><li class=\"elementor-sitemap-item elementor-sitemap-item-page page_item page-item-1628\"><a href=\"https:\/\/sextoysproductstore.com\/fr\/new-sex-toys\/\">Nouveaux jouets sexuels<\/a><\/li><li class=\"elementor-sitemap-item elementor-sitemap-item-page page_item page-item-17762\"><a href=\"https:\/\/sextoysproductstore.com\/fr\/sex-toys-price-deals\/\">Prix des Sex Toys<\/a><\/li><li class=\"elementor-sitemap-item elementor-sitemap-item-page page_item page-item-1590\"><a href=\"https:\/\/sextoysproductstore.com\/fr\/sex-toys-comparison\/\">Comparaison des sex toys<\/a><\/li><li class=\"elementor-sitemap-item elementor-sitemap-item-page page_item page-item-1599\"><a href=\"https:\/\/sextoysproductstore.com\/fr\/sex-toys-wishlist\/\">Liste de souhaits en mati\u00e8re de jouets sexuels<\/a><\/li><li class=\"elementor-sitemap-item elementor-sitemap-item-page page_item page-item-45\"><a href=\"https:\/\/sextoysproductstore.com\/fr\/shopping-cart\/\">Panier d'achat<\/a><\/li><li class=\"elementor-sitemap-item elementor-sitemap-item-page page_item page-item-46\"><a href=\"https:\/\/sextoysproductstore.com\/fr\/checkout\/\">Checkout<\/a><\/li><li class=\"elementor-sitemap-item elementor-sitemap-item-page page_item page-item-47\"><a href=\"https:\/\/sextoysproductstore.com\/fr\/my-account\/\">Mon compte<\/a><\/li><li class=\"elementor-sitemap-item elementor-sitemap-item-page page_item page-item-12776\"><a href=\"https:\/\/sextoysproductstore.com\/fr\/order-tracking\/\">Suivi des commandes<\/a><\/li><li class=\"elementor-sitemap-item elementor-sitemap-item-page page_item page-item-1666\"><a href=\"https:\/\/sextoysproductstore.com\/fr\/terms-and-conditions\/\">Modalit\u00e9s et conditions<\/a><\/li><li class=\"elementor-sitemap-item elementor-sitemap-item-page page_item page-item-3\"><a href=\"https:\/\/sextoysproductstore.com\/fr\/privacy-policy\/\">Politique de confidentialit\u00e9<\/a><\/li><li class=\"elementor-sitemap-item elementor-sitemap-item-page page_item page-item-1668\"><a href=\"https:\/\/sextoysproductstore.com\/fr\/disclaimer\/\">Avis de non-responsabilit\u00e9<\/a><\/li><li class=\"elementor-sitemap-item elementor-sitemap-item-page page_item page-item-7563\"><a href=\"https:\/\/sextoysproductstore.com\/fr\/sitemap\/\">Plan du site<\/a><\/li><\/ul><\/div><div class=\"elementor-sitemap-section\"><h2 class=\"elementor-sitemap-title elementor-sitemap-post-title\">Blog Posts<\/h2><ul class=\"elementor-sitemap-list elementor-sitemap-post-list\"><li class=\"elementor-sitemap-item elementor-sitemap-item-post page_item page-item-36137\"><a href=\"https:\/\/sextoysproductstore.com\/fr\/the-pleasure-with-the-power-of-cock-rings\/\">The Pleasure With The Power of Cock Rings<\/a><\/li><li class=\"elementor-sitemap-item elementor-sitemap-item-post page_item page-item-36428\"><a href=\"https:\/\/sextoysproductstore.com\/fr\/xplore-unmatched-pleasure-with-lovetoys-realistic-dildo-collection\/\">D\u00e9couvrez un plaisir in\u00e9gal\u00e9 avec la collection de godes r\u00e9alistes de Lovetoy<\/a><\/li><li class=\"elementor-sitemap-item elementor-sitemap-item-post page_item page-item-35876\"><a href=\"https:\/\/sextoysproductstore.com\/fr\/benefits-of-using-sex-toys\/\">Avantages de l'utilisation de jouets sexuels<\/a><\/li><li class=\"elementor-sitemap-item elementor-sitemap-item-post page_item page-item-34568\"><a href=\"https:\/\/sextoysproductstore.com\/fr\/lelo-sex-toys\/\">Jouets sexuels Lelo<\/a><\/li><li class=\"elementor-sitemap-item elementor-sitemap-item-post page_item page-item-31575\"><a href=\"https:\/\/sextoysproductstore.com\/fr\/the-realistic-dildo-penis\/\">Le p\u00e9nis godemich\u00e9 r\u00e9aliste<\/a><\/li><li class=\"elementor-sitemap-item elementor-sitemap-item-post page_item page-item-22984\"><a href=\"https:\/\/sextoysproductstore.com\/fr\/sex-toys-in-all-shapes-and-sizes\/\">Sex Toys de toutes formes et de toutes tailles<\/a><\/li><li class=\"elementor-sitemap-item elementor-sitemap-item-post page_item page-item-25630\"><a href=\"https:\/\/sextoysproductstore.com\/fr\/lovetoy-sex-toys-products\/\">Lovetoy Sex Toys Produits<\/a><\/li><li class=\"elementor-sitemap-item elementor-sitemap-item-post page_item page-item-25238\"><a href=\"https:\/\/sextoysproductstore.com\/fr\/sex-toys-brand-tenga-adult-sex-toys\/\">Sex Toys Marque Tenga Adult Sex Toys<\/a><\/li><li class=\"elementor-sitemap-item elementor-sitemap-item-post page_item page-item-22849\"><a href=\"https:\/\/sextoysproductstore.com\/fr\/about-brand-pretty-love-adult-sex-toys\/\">\u00c0 propos de la marque Pretty Love Adult Sex Toys<\/a><\/li><li class=\"elementor-sitemap-item elementor-sitemap-item-post page_item page-item-22671\"><a href=\"https:\/\/sextoysproductstore.com\/fr\/are-you-kinky\/\">C'est ton histoire sur le fait d'\u00eatre pervers ?<\/a><\/li><li class=\"elementor-sitemap-item elementor-sitemap-item-post page_item page-item-20923\"><a href=\"https:\/\/sextoysproductstore.com\/fr\/luvkis-new-oral-clit-lick-sex-simulator\/\">Luvkis New Oral Clit Lick Sex Simulator<\/a><\/li><li class=\"elementor-sitemap-item elementor-sitemap-item-post page_item page-item-20875\"><a href=\"https:\/\/sextoysproductstore.com\/fr\/nalone-vaginal-exercise-clitoris-g-spot-stimulator\/\">Nalone Exercices vaginaux Clitoris Stimulateur du point G<\/a><\/li><li class=\"elementor-sitemap-item elementor-sitemap-item-post page_item page-item-20753\"><a href=\"https:\/\/sextoysproductstore.com\/fr\/lovetoy-the-ultra-soft-dude\/\">Lovetoy Le Mec Ultra Doux<\/a><\/li><\/ul><\/div><div class=\"elementor-sitemap-section\"><h2 class=\"elementor-sitemap-title elementor-sitemap-product_cat-title\">Cat\u00e9gories de produits<\/h2><ul class=\"elementor-sitemap-list elementor-sitemap-product_cat-list\">\t<li class=\"elementor-sitemap-item elementor-sitemap-item-product_cat cat-item cat-item-3685\"><a href=\"https:\/\/sextoysproductstore.com\/fr\/categorie-produit\/anal-butt-plugs\/\">Bouchons de fesses anales<\/a>\n<\/li>\n\t<li class=\"elementor-sitemap-item elementor-sitemap-item-product_cat cat-item cat-item-3352\"><a href=\"https:\/\/sextoysproductstore.com\/fr\/categorie-produit\/cock-rings\/\">Anneaux de bite<\/a>\n<\/li>\n\t<li class=\"elementor-sitemap-item elementor-sitemap-item-product_cat cat-item cat-item-3697\"><a href=\"https:\/\/sextoysproductstore.com\/fr\/categorie-produit\/handcuffs-and-restraints\/\">Menottes et entraves<\/a>\n<\/li>\n\t<li class=\"elementor-sitemap-item elementor-sitemap-item-product_cat cat-item cat-item-3420\"><a href=\"https:\/\/sextoysproductstore.com\/fr\/categorie-produit\/kegel-balls\/\">Boules de Kegel<\/a>\n<\/li>\n\t<li class=\"elementor-sitemap-item elementor-sitemap-item-product_cat cat-item cat-item-3373\"><a href=\"https:\/\/sextoysproductstore.com\/fr\/categorie-produit\/magic-wand\/\">Baguette magique<\/a>\n<\/li>\n\t<li class=\"elementor-sitemap-item elementor-sitemap-item-product_cat cat-item cat-item-3450\"><a href=\"https:\/\/sextoysproductstore.com\/fr\/categorie-produit\/male-masturbators\/\">Masturbateurs masculins<\/a>\n<\/li>\n\t<li class=\"elementor-sitemap-item elementor-sitemap-item-product_cat cat-item cat-item-3621\"><a href=\"https:\/\/sextoysproductstore.com\/fr\/categorie-produit\/realistic-dildo-penis\/\">P\u00e9nis gode r\u00e9aliste<\/a>\n<\/li>\n\t<li class=\"elementor-sitemap-item elementor-sitemap-item-product_cat cat-item cat-item-3673\"><a href=\"https:\/\/sextoysproductstore.com\/fr\/categorie-produit\/sex-dices\/\">D\u00e9s de sexe<\/a>\n<\/li>\n\t<li class=\"elementor-sitemap-item elementor-sitemap-item-product_cat cat-item cat-item-3856\"><a href=\"https:\/\/sextoysproductstore.com\/fr\/categorie-produit\/sexy-outfits\/\">Tenues sexy<\/a>\n<ul class='children'>\n\t<li class=\"elementor-sitemap-item elementor-sitemap-item-product_cat cat-item cat-item-3933\"><a href=\"https:\/\/sextoysproductstore.com\/fr\/categorie-produit\/sexy-outfits\/cop-costumes\/\">Flic<\/a>\n<\/li>\n\t<li class=\"elementor-sitemap-item elementor-sitemap-item-product_cat cat-item cat-item-3930\"><a href=\"https:\/\/sextoysproductstore.com\/fr\/categorie-produit\/sexy-outfits\/corsets\/\">Corsets<\/a>\n<\/li>\n\t<li class=\"elementor-sitemap-item elementor-sitemap-item-product_cat cat-item cat-item-3858\"><a href=\"https:\/\/sextoysproductstore.com\/fr\/categorie-produit\/sexy-outfits\/costumes\/\">Costumes<\/a>\n<\/li>\n\t<li class=\"elementor-sitemap-item elementor-sitemap-item-product_cat cat-item cat-item-3932\"><a href=\"https:\/\/sextoysproductstore.com\/fr\/categorie-produit\/sexy-outfits\/kinky-outfits\/\">Tenues coquines<\/a>\n<\/li>\n<\/ul>\n<\/li>\n\t<li class=\"elementor-sitemap-item elementor-sitemap-item-product_cat cat-item cat-item-3661\"><a href=\"https:\/\/sextoysproductstore.com\/fr\/categorie-produit\/strap-on-dildos\/\">Godes \u00e0 lani\u00e8res<\/a>\n<\/li>\n\t<li class=\"elementor-sitemap-item elementor-sitemap-item-product_cat cat-item cat-item-15\"><a href=\"https:\/\/sextoysproductstore.com\/fr\/categorie-produit\/uncategorized\/\">Uncategorized<\/a>\n<\/li>\n\t<li class=\"elementor-sitemap-item elementor-sitemap-item-product_cat cat-item cat-item-3305\"><a href=\"https:\/\/sextoysproductstore.com\/fr\/categorie-produit\/vibrators\/\">Vibrateurs<\/a>\n<ul class='children'>\n\t<li class=\"elementor-sitemap-item elementor-sitemap-item-product_cat cat-item cat-item-3306\"><a href=\"https:\/\/sextoysproductstore.com\/fr\/categorie-produit\/vibrators\/bullet-vibrators\/\">Vibrateurs \u00e0 balles<\/a>\n<\/li>\n\t<li class=\"elementor-sitemap-item elementor-sitemap-item-product_cat cat-item cat-item-3788\"><a href=\"https:\/\/sextoysproductstore.com\/fr\/categorie-produit\/vibrators\/clitoral-vibrators\/\">Vibrateurs clitoridiens<\/a>\n<\/li>\n\t<li class=\"elementor-sitemap-item elementor-sitemap-item-product_cat cat-item cat-item-3741\"><a href=\"https:\/\/sextoysproductstore.com\/fr\/categorie-produit\/vibrators\/g-spot-vibrators\/\">Vibrateurs pour le point G<\/a>\n<\/li>\n\t<li class=\"elementor-sitemap-item elementor-sitemap-item-product_cat cat-item cat-item-3607\"><a href=\"https:\/\/sextoysproductstore.com\/fr\/categorie-produit\/vibrators\/rabbit-vibrators\/\">Vibrateurs pour lapins<\/a>\n<\/li>\n<\/ul>\n<\/li>\n\t<li class=\"elementor-sitemap-item elementor-sitemap-item-product_cat cat-item cat-item-4228\"><a href=\"https:\/\/sextoysproductstore.com\/fr\/categorie-produit\/wireless-sex-toys\/\">Jouets sexuels sans fil<\/a>\n<\/li>\n<\/ul><\/div><div class=\"elementor-sitemap-section\"><h2 class=\"elementor-sitemap-title elementor-sitemap-store-title\">Marques de produits<\/h2><ul class=\"elementor-sitemap-list elementor-sitemap-store-list\">\t<li class=\"elementor-sitemap-item elementor-sitemap-item-store cat-item cat-item-3849\"><a href=\"https:\/\/sextoysproductstore.com\/fr\/brandstore\/baile\/\">Baile<\/a>\n<\/li>\n\t<li class=\"elementor-sitemap-item elementor-sitemap-item-store cat-item cat-item-3846\"><a href=\"https:\/\/sextoysproductstore.com\/fr\/brandstore\/chialstar\/\">Chialstar<\/a>\n<\/li>\n\t<li class=\"elementor-sitemap-item elementor-sitemap-item-store cat-item cat-item-3320\"><a href=\"https:\/\/sextoysproductstore.com\/fr\/brandstore\/green-baby\/\">B\u00e9b\u00e9 vert<\/a>\n<\/li>\n\t<li class=\"elementor-sitemap-item elementor-sitemap-item-store cat-item cat-item-4242\"><a href=\"https:\/\/sextoysproductstore.com\/fr\/brandstore\/levett\/\">Levett<\/a>\n<\/li>\n\t<li class=\"elementor-sitemap-item elementor-sitemap-item-store cat-item cat-item-3847\"><a href=\"https:\/\/sextoysproductstore.com\/fr\/brandstore\/lovetoy\/\">Lovetoy<\/a>\n<\/li>\n\t<li class=\"elementor-sitemap-item elementor-sitemap-item-store cat-item cat-item-3307\"><a href=\"https:\/\/sextoysproductstore.com\/fr\/brandstore\/nalone\/\">Nalone<\/a>\n<\/li>\n\t<li class=\"elementor-sitemap-item elementor-sitemap-item-store cat-item cat-item-3948\"><a href=\"https:\/\/sextoysproductstore.com\/fr\/brandstore\/otouch\/\">Otouch<\/a>\n<\/li>\n\t<li class=\"elementor-sitemap-item elementor-sitemap-item-store cat-item cat-item-3848\"><a href=\"https:\/\/sextoysproductstore.com\/fr\/brandstore\/pretty-love\/\">Pretty Love<\/a>\n<\/li>\n\t<li class=\"elementor-sitemap-item elementor-sitemap-item-store cat-item cat-item-4032\"><a href=\"https:\/\/sextoysproductstore.com\/fr\/brandstore\/safiman\/\">Safiman<\/a>\n<\/li>\n\t<li class=\"elementor-sitemap-item elementor-sitemap-item-store cat-item cat-item-4025\"><a href=\"https:\/\/sextoysproductstore.com\/fr\/brandstore\/tenga\/\">Tenga<\/a>\n<\/li>\n\t<li class=\"elementor-sitemap-item elementor-sitemap-item-store cat-item cat-item-3845\"><a href=\"https:\/\/sextoysproductstore.com\/fr\/brandstore\/umania\/\">Umania<\/a>\n<\/li>\n\t<li class=\"elementor-sitemap-item elementor-sitemap-item-store cat-item cat-item-4658\"><a href=\"https:\/\/sextoysproductstore.com\/fr\/brandstore\/xbelo\/\">Xbelo<\/a>\n<\/li>\n\t<li class=\"elementor-sitemap-item elementor-sitemap-item-store cat-item cat-item-4215\"><a href=\"https:\/\/sextoysproductstore.com\/fr\/brandstore\/yafei\/\">Yafei<\/a>\n<\/li>\n<\/ul><\/div><\/div>\t\t\t\t<\/div>\n\t\t\t\t\t<\/div>\n\t\t<\/div>\n\t\t\t\t\t<\/div>\n\t\t<\/section>\n\t\t\t\t<\/div>","protected":false},"excerpt":{"rendered":"","protected":false},"author":3,"featured_media":0,"parent":0,"menu_order":222,"comment_status":"closed","ping_status":"closed","template":"elementor_header_footer","meta":{"_seopress_robots_primary_cat":"","_seopress_titles_title":"%%sitetitle%% %%sep%% %%post_title%% website content overview","_seopress_titles_desc":"Sex Toys Product Store Sitemap provides a full page listing, news items, product categories and product brands that our site contains.","_seopress_robots_index":"","footnotes":""},"class_list":["post-7563","page","type-page","status-publish","hentry"],"_links":{"self":[{"href":"https:\/\/sextoysproductstore.com\/fr\/wp-json\/wp\/v2\/pages\/7563","targetHints":{"allow":["GET"]}}],"collection":[{"href":"https:\/\/sextoysproductstore.com\/fr\/wp-json\/wp\/v2\/pages"}],"about":[{"href":"https:\/\/sextoysproductstore.com\/fr\/wp-json\/wp\/v2\/types\/page"}],"author":[{"embeddable":true,"href":"https:\/\/sextoysproductstore.com\/fr\/wp-json\/wp\/v2\/users\/3"}],"replies":[{"embeddable":true,"href":"https:\/\/sextoysproductstore.com\/fr\/wp-json\/wp\/v2\/comments?post=7563"}],"version-history":[{"count":0,"href":"https:\/\/sextoysproductstore.com\/fr\/wp-json\/wp\/v2\/pages\/7563\/revisions"}],"wp:attachment":[{"href":"https:\/\/sextoysproductstore.com\/fr\/wp-json\/wp\/v2\/media?parent=7563"}],"curies":[{"name":"wp","href":"https:\/\/api.w.org\/{rel}","templated":true}]}}