{"id":3,"date":"2020-03-15T17:04:23","date_gmt":"2020-03-15T17:04:23","guid":{"rendered":"https:\/\/pricelikeit.com\/?page_id=3"},"modified":"2022-12-21T06:01:10","modified_gmt":"2022-12-21T05:01:10","slug":"privacy-policy","status":"publish","type":"page","link":"https:\/\/sextoysproductstore.com\/fr\/privacy-policy\/","title":{"rendered":"Politique de confidentialit\u00e9"},"content":{"rendered":"<p><strong>Politique de confidentialit\u00e9 de SexToys Productstore<\/strong><\/p>\n<p>SexToys Productstore exploite le site web https:\/\/sextoysproductstore.com, qui fournit le SERVICE.<\/p>\n<p>Cette page est utilis\u00e9e pour informer les visiteurs du site Web de nos politiques en mati\u00e8re de collecte, d'utilisation et de divulgation des informations personnelles si quelqu'un d\u00e9cide d'utiliser notre service, le site Web sextoysproductstore.com.<\/p>\n<p>Si vous choisissez d'utiliser notre service, vous acceptez la collecte et l'utilisation d'informations en relation avec cette politique. Les informations personnelles que nous recueillons sont utilis\u00e9es pour fournir et am\u00e9liorer le service. Nous n'utiliserons ni ne partagerons vos informations avec quiconque, sauf dans les cas d\u00e9crits dans la pr\u00e9sente politique de confidentialit\u00e9.<\/p>\n<p>Les termes utilis\u00e9s dans la pr\u00e9sente politique de confidentialit\u00e9 ont la m\u00eame signification que dans nos conditions g\u00e9n\u00e9rales, qui sont accessibles \u00e0 l'adresse https:\/\/sextoysproductstore.com, sauf d\u00e9finition contraire dans la pr\u00e9sente politique de confidentialit\u00e9.<\/p>\n<h2>Collecte et utilisation des informations<\/h2>\n<p>Pour une meilleure exp\u00e9rience lors de l'utilisation de notre service, nous pouvons vous demander de nous fournir certaines informations personnelles identifiables, y compris, mais sans s'y limiter, votre nom, votre num\u00e9ro de t\u00e9l\u00e9phone et votre adresse postale. Les informations que nous recueillons seront utilis\u00e9es pour vous contacter ou vous identifier.<\/p>\n<h2>Donn\u00e9es du journal<\/h2>\n<p>Nous souhaitons vous informer que chaque fois que vous visitez notre Service, nous recueillons des informations que votre navigateur nous envoie et qui sont appel\u00e9es Donn\u00e9es de journal. Ces donn\u00e9es peuvent inclure des informations telles que l'adresse IP de votre ordinateur, la version du navigateur, les pages de notre service que vous visitez, l'heure et la date de votre visite, le temps pass\u00e9 sur ces pages et d'autres statistiques.<\/p>\n<h2>Cookies<\/h2>\n<p>Les cookies sont des fichiers contenant une petite quantit\u00e9 de donn\u00e9es qui sont g\u00e9n\u00e9ralement utilis\u00e9es comme identifiant unique anonyme. Ils sont envoy\u00e9s \u00e0 votre navigateur par le site web que vous visitez et sont stock\u00e9s sur le disque dur de votre ordinateur.<\/p>\n<p>Notre site web utilise ces \"cookies\" pour collecter des informations et am\u00e9liorer notre service. Vous avez la possibilit\u00e9 d'accepter ou de refuser ces cookies, et de savoir quand un cookie est envoy\u00e9 \u00e0 votre ordinateur. Si vous choisissez de refuser nos cookies, il se peut que vous ne puissiez pas utiliser certaines parties de notre service.<\/p>\n<p>Pour des informations plus g\u00e9n\u00e9rales sur les cookies, veuillez lire <a href=\"https:\/\/www.cookieconsent.com\/what-are-cookies\/\">\"Que sont les cookies\"<\/a>.<\/p>\n<h2>Fournisseurs de services<\/h2>\n<p>Nous pouvons employer des soci\u00e9t\u00e9s et des personnes tierces pour les raisons suivantes :<\/p>\n<ul>\n<li>Pour faciliter notre service ;<\/li>\n<li>Pour fournir le service en notre nom ;<\/li>\n<li>pour fournir des services li\u00e9s au service ; ou<\/li>\n<li>Pour nous aider \u00e0 analyser la fa\u00e7on dont notre service est utilis\u00e9.<\/li>\n<\/ul>\n<p>Nous souhaitons informer les utilisateurs de nos services que ces tiers ont acc\u00e8s \u00e0 vos informations personnelles. La raison en est l'ex\u00e9cution des t\u00e2ches qui leur sont confi\u00e9es en notre nom. Toutefois, ils sont tenus de ne pas divulguer ou utiliser ces informations \u00e0 d'autres fins.<\/p>\n<h2>S\u00e9curit\u00e9<\/h2>\n<p>Nous appr\u00e9cions la confiance que vous nous accordez en nous fournissant vos informations personnelles et nous nous effor\u00e7ons donc d'utiliser des moyens commercialement acceptables pour les prot\u00e9ger. Mais n'oubliez pas qu'aucune m\u00e9thode de transmission sur Internet ou de stockage \u00e9lectronique n'est 100% s\u00fbre et fiable, et que nous ne pouvons pas en garantir la s\u00e9curit\u00e9 absolue.<\/p>\n<h2>Liens vers d'autres sites<\/h2>\n<p>Notre service peut contenir des liens vers d'autres sites. Si vous cliquez sur un lien tiers, vous serez dirig\u00e9 vers ce site. Notez que ces sites externes ne sont pas exploit\u00e9s par nous. Par cons\u00e9quent, nous vous conseillons vivement de consulter la politique de confidentialit\u00e9 de ces sites. Nous n'avons aucun contr\u00f4le et n'assumons aucune responsabilit\u00e9 quant au contenu, aux politiques de confidentialit\u00e9 ou aux pratiques de tout site ou service tiers.<\/p>\n<p>La vie priv\u00e9e des enfants<\/p>\n<p>Nos services ne s'adressent pas aux personnes \u00e2g\u00e9es de moins de 13 ans. Nous ne recueillons pas sciemment d'informations personnelles identifiables aupr\u00e8s d'enfants de moins de 13 ans. Si nous d\u00e9couvrons qu'un enfant de moins de 13 ans nous a fourni des informations personnelles, nous les supprimons imm\u00e9diatement de nos serveurs. Si vous \u00eates un parent ou un tuteur et que vous savez que votre enfant nous a fourni des informations personnelles, veuillez nous contacter afin que nous puissions prendre les mesures n\u00e9cessaires.<\/p>\n<h2>Modifications de la pr\u00e9sente politique de confidentialit\u00e9<\/h2>\n<p>Nous pouvons mettre \u00e0 jour notre politique de confidentialit\u00e9 de temps \u00e0 autre. Nous vous conseillons donc de consulter r\u00e9guli\u00e8rement cette page pour prendre connaissance des \u00e9ventuelles modifications. Nous vous informerons de toute modification en publiant la nouvelle politique de confidentialit\u00e9 sur cette page. Ces modifications entrent en vigueur imm\u00e9diatement, apr\u00e8s leur publication sur cette page.<\/p>\n<h2>Nous contacter<\/h2>\n<p>Si vous avez des questions ou des suggestions concernant notre politique de confidentialit\u00e9, n'h\u00e9sitez pas \u00e0 <a href=\"https:\/\/sextoysproductstore.com\/contact\/\">contactez-nous<\/a>.<\/p>","protected":false},"excerpt":{"rendered":"<p>Privacy Policy of SexToys Productstore SexToys Productstore operates the https:\/\/sextoysproductstore.com website, which provides the SERVICE. This page is used to inform website visitors regarding our policies with the collection, use, and disclosure of Personal Information if anyone decided to use our Service, the sextoysproductstore.com website. If you choose to use our Service, then you agree [&hellip;]<\/p>\n","protected":false},"author":3,"featured_media":0,"parent":0,"menu_order":62,"comment_status":"closed","ping_status":"closed","template":"","meta":{"_seopress_robots_primary_cat":"","_seopress_titles_title":"%%sitetitle%% %%sep%% %%post_title%% sextoysproductstore.com","_seopress_titles_desc":"Privacy Policy, use, and disclosure of Personal Information if anyone decided to use our Service, the sextoysproductstore.com website.","_seopress_robots_index":"yes","footnotes":""},"class_list":["post-3","page","type-page","status-publish","hentry"],"_links":{"self":[{"href":"https:\/\/sextoysproductstore.com\/fr\/wp-json\/wp\/v2\/pages\/3","targetHints":{"allow":["GET"]}}],"collection":[{"href":"https:\/\/sextoysproductstore.com\/fr\/wp-json\/wp\/v2\/pages"}],"about":[{"href":"https:\/\/sextoysproductstore.com\/fr\/wp-json\/wp\/v2\/types\/page"}],"author":[{"embeddable":true,"href":"https:\/\/sextoysproductstore.com\/fr\/wp-json\/wp\/v2\/users\/3"}],"replies":[{"embeddable":true,"href":"https:\/\/sextoysproductstore.com\/fr\/wp-json\/wp\/v2\/comments?post=3"}],"version-history":[{"count":0,"href":"https:\/\/sextoysproductstore.com\/fr\/wp-json\/wp\/v2\/pages\/3\/revisions"}],"wp:attachment":[{"href":"https:\/\/sextoysproductstore.com\/fr\/wp-json\/wp\/v2\/media?parent=3"}],"curies":[{"name":"wp","href":"https:\/\/api.w.org\/{rel}","templated":true}]}}