{"id":1668,"date":"2020-03-24T16:46:48","date_gmt":"2020-03-24T16:46:48","guid":{"rendered":"https:\/\/pricelikeit.com\/?page_id=1668"},"modified":"2021-02-23T04:05:22","modified_gmt":"2021-02-23T03:05:22","slug":"disclaimer","status":"publish","type":"page","link":"https:\/\/sextoysproductstore.com\/fr\/disclaimer\/","title":{"rendered":"Avis de non-responsabilit\u00e9"},"content":{"rendered":"<p><strong>Avis de non-responsabilit\u00e9 pour SexToys Productstore<\/strong><br \/>\nSi vous souhaitez obtenir de plus amples informations ou si vous avez des questions concernant la clause de non-responsabilit\u00e9 de notre site, n'h\u00e9sitez pas \u00e0 nous contacter par courrier \u00e9lectronique \u00e0 l'adresse support@sextoysproductstore.com.<\/p>\n<h2>Avis de non-responsabilit\u00e9 pour sextoysproductstore.com<\/h2>\n<p>Toutes les informations sur ce site - https:\/\/sextoysproductstore.com - sont publi\u00e9es de bonne foi et \u00e0 des fins d'information g\u00e9n\u00e9rale uniquement. sextoysproductstore.com ne donne aucune garantie quant \u00e0 l'exhaustivit\u00e9, la fiabilit\u00e9 et l'exactitude de ces informations. Toute action que vous entreprenez sur la base des informations que vous trouvez sur ce site Web (sextoysproductstore.com) est strictement \u00e0 vos propres risques. sextoysproductstore.com ne sera pas responsable des pertes et\/ou dommages li\u00e9s \u00e0 l'utilisation de notre site Web.<\/p>\n<p>\u00c0 partir de notre site web, vous pouvez visiter d'autres sites web en suivant les hyperliens vers ces sites externes. Bien que nous nous efforcions de ne fournir que des liens de qualit\u00e9 vers des sites utiles et \u00e9thiques, nous n'avons aucun contr\u00f4le sur le contenu et la nature de ces sites. Ces liens vers d'autres sites web n'impliquent pas une recommandation pour tout le contenu trouv\u00e9 sur ces sites. Les propri\u00e9taires des sites et leur contenu peuvent changer sans pr\u00e9avis, et ce, avant que nous ayons la possibilit\u00e9 de supprimer un lien qui aurait mal tourn\u00e9.<\/p>\n<p>Sachez \u00e9galement que lorsque vous quittez notre site web, d'autres sites peuvent avoir des politiques de confidentialit\u00e9 et des conditions diff\u00e9rentes qui \u00e9chappent \u00e0 notre contr\u00f4le. Veillez \u00e0 v\u00e9rifier les politiques de confidentialit\u00e9 de ces sites ainsi que leurs \"conditions de service\" avant de vous engager dans une activit\u00e9 commerciale ou de t\u00e9l\u00e9charger des informations.<\/p>\n<h2>Consentement<\/h2>\n<p>En utilisant notre site web, vous consentez \u00e0 notre clause de non-responsabilit\u00e9 et en acceptez les termes.<\/p>\n<h2>Mise \u00e0 jour<\/h2>\n<p>Si nous mettons \u00e0 jour, modifions ou apportons des changements \u00e0 ce document, ces changements seront affich\u00e9s ici de mani\u00e8re bien visible.<\/p>","protected":false},"excerpt":{"rendered":"<p>Disclaimer for SexToys Productstore If you require any more information or have any questions about our site&#8217;s disclaimer, please feel free to contact us by email at support@sextoysproductstore.com Disclaimers for sextoysproductstore.com All the information on this website &#8211; https:\/\/sextoysproductstore.com &#8211; is published in good faith and for general information purpose only. sextoysproductstore.com does not make [&hellip;]<\/p>\n","protected":false},"author":3,"featured_media":0,"parent":0,"menu_order":70,"comment_status":"closed","ping_status":"closed","template":"","meta":{"_seopress_robots_primary_cat":"","_seopress_titles_title":"","_seopress_titles_desc":"","_seopress_robots_index":"","footnotes":""},"class_list":["post-1668","page","type-page","status-publish","hentry"],"_links":{"self":[{"href":"https:\/\/sextoysproductstore.com\/fr\/wp-json\/wp\/v2\/pages\/1668","targetHints":{"allow":["GET"]}}],"collection":[{"href":"https:\/\/sextoysproductstore.com\/fr\/wp-json\/wp\/v2\/pages"}],"about":[{"href":"https:\/\/sextoysproductstore.com\/fr\/wp-json\/wp\/v2\/types\/page"}],"author":[{"embeddable":true,"href":"https:\/\/sextoysproductstore.com\/fr\/wp-json\/wp\/v2\/users\/3"}],"replies":[{"embeddable":true,"href":"https:\/\/sextoysproductstore.com\/fr\/wp-json\/wp\/v2\/comments?post=1668"}],"version-history":[{"count":0,"href":"https:\/\/sextoysproductstore.com\/fr\/wp-json\/wp\/v2\/pages\/1668\/revisions"}],"wp:attachment":[{"href":"https:\/\/sextoysproductstore.com\/fr\/wp-json\/wp\/v2\/media?parent=1668"}],"curies":[{"name":"wp","href":"https:\/\/api.w.org\/{rel}","templated":true}]}}