{"id":1666,"date":"2020-03-24T16:44:54","date_gmt":"2020-03-24T16:44:54","guid":{"rendered":"https:\/\/pricelikeit.com\/?page_id=1666"},"modified":"2022-12-21T06:01:08","modified_gmt":"2022-12-21T05:01:08","slug":"terms-and-conditions","status":"publish","type":"page","link":"https:\/\/sextoysproductstore.com\/fr\/terms-and-conditions\/","title":{"rendered":"Modalit\u00e9s et conditions"},"content":{"rendered":"<p><strong>Bienvenue sur sextoysproductstore.com !<\/strong><\/p>\n<p>Les pr\u00e9sentes conditions g\u00e9n\u00e9rales d\u00e9finissent les r\u00e8gles et r\u00e8glements relatifs \u00e0 l'utilisation du site web de Sex Toys Product Store, situ\u00e9 \u00e0 l'adresse https:\/\/sextoysproductstore.com.<\/p>\n<p>En acc\u00e9dant \u00e0 ce site web, nous supposons que vous acceptez ces termes et conditions. Ne continuez pas \u00e0 utiliser sextoysproductstore.com si vous n'acceptez pas de prendre toutes les conditions \u00e9nonc\u00e9es sur cette page.<\/p>\n<p>La terminologie suivante s'applique aux pr\u00e9sentes conditions g\u00e9n\u00e9rales, \u00e0 la d\u00e9claration de confidentialit\u00e9 et \u00e0 l'avis de non-responsabilit\u00e9 ainsi qu'\u00e0 tous les accords : \"Client\", \"Vous\" et \"Votre\" font r\u00e9f\u00e9rence \u00e0 vous, la personne qui se connecte \u00e0 ce site web et qui respecte les conditions g\u00e9n\u00e9rales de la Soci\u00e9t\u00e9. \"La Soci\u00e9t\u00e9\", \"Nous\", \"Notre\", \"Nos\" et \"Nous\", d\u00e9signe notre Soci\u00e9t\u00e9. \"Partie\", \"Parties\", ou \"Nous\", d\u00e9signe \u00e0 la fois le client et nous-m\u00eames. Tous les termes font r\u00e9f\u00e9rence \u00e0 l'offre, \u00e0 l'acceptation et \u00e0 la prise en compte du paiement n\u00e9cessaire pour entreprendre le processus de notre assistance au Client de la mani\u00e8re la plus appropri\u00e9e dans le but expr\u00e8s de r\u00e9pondre aux besoins du Client en ce qui concerne la fourniture des services d\u00e9clar\u00e9s de la Soci\u00e9t\u00e9, conform\u00e9ment et sous r\u00e9serve de la loi en vigueur aux Pays-Bas. Toute utilisation de la terminologie ci-dessus ou d'autres mots au singulier, au pluriel, en majuscules et\/ou il\/elle ou ils\/elles, sont consid\u00e9r\u00e9s comme interchangeables et donc comme se r\u00e9f\u00e9rant au m\u00eame.<\/p>\n<h3><strong>Cookies<\/strong><\/h3>\n<p>Nous utilisons des cookies. En acc\u00e9dant \u00e0 sextoysproductstore.com, vous acceptez d'utiliser les cookies en accord avec la politique de confidentialit\u00e9 de Sex Toys Product Store.<\/p>\n<p>La plupart des sites web interactifs utilisent des cookies pour nous permettre de r\u00e9cup\u00e9rer les donn\u00e9es de l'utilisateur \u00e0 chaque visite. Les cookies sont utilis\u00e9s par notre site web pour permettre la fonctionnalit\u00e9 de certaines zones afin de faciliter la t\u00e2che des personnes qui visitent notre site web. Certains de nos partenaires affili\u00e9s\/publicitaires peuvent \u00e9galement utiliser des cookies.<\/p>\n<h3><strong>Licence<\/strong><\/h3>\n<p>Sauf indication contraire, Sex Toys Product Store et\/ou ses conc\u00e9dants de licence d\u00e9tiennent les droits de propri\u00e9t\u00e9 intellectuelle de tout le mat\u00e9riel pr\u00e9sent sur sextoysproductstore.com. Tous les droits de propri\u00e9t\u00e9 intellectuelle sont r\u00e9serv\u00e9s. Vous pouvez acc\u00e9der au site sextoysproductstore.com pour votre usage personnel, sous r\u00e9serve des restrictions d\u00e9finies dans les pr\u00e9sentes conditions g\u00e9n\u00e9rales.<\/p>\n<p>Vous ne devez pas :<\/p>\n<ul>\n<li>Republier du mat\u00e9riel provenant de sextoysproductstore.com<\/li>\n<li>Vendre, louer ou accorder des sous-licences pour le mat\u00e9riel de sextoysproductstore.com.<\/li>\n<li>Reproduire, dupliquer ou copier le mat\u00e9riel de sextoysproductstore.com<\/li>\n<li>Redistribuer le contenu de sextoysproductstore.com<\/li>\n<\/ul>\n<p>Le pr\u00e9sent accord prend effet \u00e0 la date du pr\u00e9sent document.<\/p>\n<p>Certaines parties de ce site Web offrent aux utilisateurs la possibilit\u00e9 de publier et d'\u00e9changer des opinions et des informations dans certaines zones du site. Sex Toys Product Store ne filtre pas, n'\u00e9dite pas, ne publie pas et ne r\u00e9vise pas les Commentaires avant leur pr\u00e9sence sur le site web. Les commentaires ne refl\u00e8tent pas les points de vue et les opinions de Sex Toys Product Store, de ses agents et\/ou de ses affili\u00e9s. Les commentaires refl\u00e8tent les vues et les opinions de la personne qui les publie. Dans la mesure o\u00f9 les lois applicables le permettent, Sex Toys Product Store ne sera pas responsable des Commentaires ou de toute responsabilit\u00e9, de tout dommage ou de toute d\u00e9pense caus\u00e9s et\/ou subis \u00e0 la suite de l'utilisation et\/ou de l'affichage et\/ou de l'apparition des Commentaires sur ce site web.<\/p>\n<p>Sex Toys Product Store se r\u00e9serve le droit de surveiller tous les commentaires et de supprimer tout commentaire qui peut \u00eatre consid\u00e9r\u00e9 comme inappropri\u00e9, offensant ou qui constitue une violation des pr\u00e9sentes conditions g\u00e9n\u00e9rales.<\/p>\n<p>Vous garantissez et d\u00e9clarez que :<\/p>\n<ul>\n<li>Vous \u00eates autoris\u00e9 \u00e0 publier les Commentaires sur notre site web et disposez de toutes les licences et autorisations n\u00e9cessaires pour le faire ;<\/li>\n<li>Les Commentaires ne portent atteinte \u00e0 aucun droit de propri\u00e9t\u00e9 intellectuelle, y compris, sans s'y limiter, les droits d'auteur, les brevets ou les marques de commerce d'un tiers ;<\/li>\n<li>Les commentaires ne contiennent aucun \u00e9l\u00e9ment diffamatoire, calomnieux, offensant, ind\u00e9cent ou autrement ill\u00e9gal qui constitue une atteinte \u00e0 la vie priv\u00e9e.<\/li>\n<li>Les commentaires ne seront pas utilis\u00e9s pour solliciter ou promouvoir des affaires ou des coutumes ou pr\u00e9senter des activit\u00e9s commerciales ou des activit\u00e9s ill\u00e9gales.<\/li>\n<\/ul>\n<p>Vous accordez par la pr\u00e9sente \u00e0 Sex Toys Product Store une licence non exclusive pour utiliser, reproduire, \u00e9diter et autoriser d'autres personnes \u00e0 utiliser, reproduire et \u00e9diter l'un quelconque de vos commentaires sous toutes les formes, tous les formats ou tous les m\u00e9dias.<\/p>\n<h3><strong>Hyperliens vers notre contenu<\/strong><\/h3>\n<p>Les organisations suivantes peuvent \u00e9tablir un lien avec notre site web sans autorisation \u00e9crite pr\u00e9alable :<\/p>\n<ul>\n<li>Les agences gouvernementales ;<\/li>\n<li>Moteurs de recherche ;<\/li>\n<li>Organismes de presse ;<\/li>\n<li>Les distributeurs d'annuaires en ligne peuvent cr\u00e9er des liens vers notre site Web de la m\u00eame mani\u00e8re qu'ils cr\u00e9ent des hyperliens vers les sites Web d'autres entreprises r\u00e9pertori\u00e9es ; et<\/li>\n<li>Les entreprises accr\u00e9dit\u00e9es \u00e0 l'\u00e9chelle du syst\u00e8me, \u00e0 l'exception des organisations \u00e0 but non lucratif, des centres commerciaux caritatifs et des groupes de collecte de fonds caritatifs, qui ne peuvent pas \u00e9tablir d'hyperlien vers notre site Web.<\/li>\n<\/ul>\n<p>Ces organisations peuvent cr\u00e9er des liens vers notre page d'accueil, vers des publications ou vers d'autres informations du site Web, \u00e0 condition que le lien ne soit pas trompeur : (a) n'est en aucun cas trompeur ; (b) n'implique pas faussement le parrainage, l'approbation ou le soutien de la partie li\u00e9e et de ses produits et\/ou services ; et (c) s'inscrit dans le contexte du site de la partie li\u00e9e.<\/p>\n<p>Nous pouvons prendre en consid\u00e9ration et approuver d'autres demandes de liens \u00e9manant des types d'organisations suivants :<\/p>\n<ul>\n<li>des sources d'information connues des consommateurs et\/ou des entreprises ;<\/li>\n<li>sites communautaires point.com ;<\/li>\n<li>les associations ou autres groupes repr\u00e9sentant les organismes de bienfaisance ;<\/li>\n<li>distributeurs d'annuaires en ligne ;<\/li>\n<li>portails Internet ;<\/li>\n<li>les cabinets de comptabilit\u00e9, d'avocats et de consultants<\/li>\n<li>les \u00e9tablissements d'enseignement et les associations professionnelles.<\/li>\n<\/ul>\n<p>Nous approuverons les demandes de liens de ces organisations si nous d\u00e9cidons que : (a) le lien ne nous donnera pas une image d\u00e9favorable de nous-m\u00eames ou de nos entreprises accr\u00e9dit\u00e9es ; (b) l'organisation n'a pas d'ant\u00e9c\u00e9dents n\u00e9gatifs avec nous ; (c) l'avantage pour nous de la visibilit\u00e9 de l'hyperlien compense l'absence de Sex Toys Product Store ; et (d) le lien est dans le contexte d'informations g\u00e9n\u00e9rales sur les ressources.<\/p>\n<p>Ces organisations peuvent cr\u00e9er un lien vers notre page d'accueil \u00e0 condition que ce lien : (a) ne soit pas trompeur de quelque mani\u00e8re que ce soit ; (b) n'implique pas faussement le parrainage, l'approbation ou le soutien de la partie liante et de ses produits ou services ; et (c) s'inscrive dans le contexte du site de la partie liante.<\/p>\n<p>Si vous \u00eates l'une des organisations \u00e9num\u00e9r\u00e9es au paragraphe 2 ci-dessus et que vous souhaitez \u00e9tablir un lien avec notre site web, vous devez nous en informer en envoyant un courrier \u00e9lectronique \u00e0 Sex Toys Product Store. Veuillez inclure votre nom, le nom de votre organisation, vos coordonn\u00e9es ainsi que l'URL de votre site, une liste de toutes les URL \u00e0 partir desquelles vous avez l'intention de cr\u00e9er un lien vers notre site Web, et une liste des URL de notre site vers lesquelles vous souhaitez cr\u00e9er un lien. Attendez 2 \u00e0 3 semaines pour recevoir une r\u00e9ponse.<\/p>\n<p>Les organisations approuv\u00e9es peuvent \u00e9tablir un hyperlien vers notre site Web de la mani\u00e8re suivante :<\/p>\n<ul>\n<li>par l'utilisation de notre d\u00e9nomination sociale ; ou<\/li>\n<li>par l'utilisation du localisateur de ressources uniformes vers lequel le lien est \u00e9tabli ; ou<\/li>\n<li>par l'utilisation de toute autre description de notre site Internet faisant l'objet d'un lien qui a un sens dans le contexte et le format du contenu du site de la partie liante.<\/li>\n<\/ul>\n<p>Aucune utilisation du logo ou d'autres illustrations de Sex Toys Product Store ne sera autoris\u00e9e pour la cr\u00e9ation de liens en l'absence d'un accord de licence de marque.<\/p>\n<h3><strong>iFrames<\/strong><\/h3>\n<p>Sans autorisation pr\u00e9alable et \u00e9crite, vous ne pouvez pas cr\u00e9er de cadres autour de nos pages Web qui modifient de quelque mani\u00e8re que ce soit la pr\u00e9sentation visuelle ou l'apparence de notre site Web.<\/p>\n<h3><strong>Responsabilit\u00e9 du contenu<\/strong><\/h3>\n<p>Nous ne serons pas tenus responsables du contenu qui appara\u00eet sur votre site web. Vous acceptez de nous prot\u00e9ger et de nous d\u00e9fendre contre toutes les r\u00e9clamations qui s'\u00e9l\u00e8vent sur votre site Web. Aucun lien ne doit appara\u00eetre sur un site Web qui pourrait \u00eatre interpr\u00e9t\u00e9 comme \u00e9tant diffamatoire, obsc\u00e8ne ou criminel, ou qui enfreint, viole ou pr\u00e9conise l'enfreinte ou toute autre violation des droits d'un tiers.<\/p>\n<h3><strong>Your Privacy<\/strong><\/h3>\n<p>Please read Privacy Policy<\/p>\n<h3><strong>Reservation of Rights<\/strong><\/h3>\n<p>We reserve the right to request that you remove all links or any particular link to our Website. You approve to immediately remove all links to our Website upon request. We also reserve the right to amen these terms and conditions and it\u2019s linking policy at any time. By continuously linking to our Website, you agree to be bound to and follow these linking terms and conditions.<\/p>\n<h3><strong>Removal of links from our website<\/strong><\/h3>\n<p>If you find any link on our Website that is offensive for any reason, you are free to contact and inform us any moment. We will consider requests to remove links but we are not obligated to or so or to respond to you directly.<\/p>\n<p>We do not ensure that the information on this website is correct, we do not warrant its completeness or accuracy; nor do we promise to ensure that the website remains available or that the material on the website is kept up to date.<\/p>\n<h3><strong>Avis de non-responsabilit\u00e9<\/strong><\/h3>\n<p>To the maximum extent permitted by applicable law, we exclude all representations, warranties and conditions relating to our website and the use of this website. Nothing in this disclaimer will:<\/p>\n<ul>\n<li>limit or exclude our or your liability for death or personal injury;<\/li>\n<li>limit or exclude our or your liability for fraud or fraudulent misrepresentation;<\/li>\n<li>limit any of our or your liabilities in any way that is not permitted under applicable law; or<\/li>\n<li>exclude any of our or your liabilities that may not be excluded under applicable law.<\/li>\n<\/ul>\n<p>The limitations and prohibitions of liability set in this Section and elsewhere in this disclaimer: (a) are subject to the preceding paragraph; and (b) govern all liabilities arising under the disclaimer, including liabilities arising in contract, in tort and for breach of statutory duty.<\/p>\n<p>As long as the website and the information and services on the website are provided free of charge, we will not be liable for any loss or damage of any nature.<\/p>","protected":false},"excerpt":{"rendered":"<p>Welcome to sextoysproductstore.com! These terms and conditions outline the rules and regulations for the use of Sex Toys Product Store&#8217;s Website, located at https:\/\/sextoysproductstore.com. By accessing this website we assume you accept these terms and conditions. Do not continue to use sextoysproductstore.com if you do not agree to take all of the terms and conditions [&hellip;]<\/p>\n","protected":false},"author":3,"featured_media":0,"parent":0,"menu_order":60,"comment_status":"closed","ping_status":"closed","template":"","meta":{"_seopress_robots_primary_cat":"","_seopress_titles_title":"%%sitetitle%% %%sep%% %%post_title%% sextoysproductstore.com","_seopress_titles_desc":"These terms and conditions outline the rules and regulations for the use of Sex Toys Product Store&#039;s Website.","_seopress_robots_index":"yes","footnotes":""},"class_list":["post-1666","page","type-page","status-publish","hentry"],"_links":{"self":[{"href":"https:\/\/sextoysproductstore.com\/fr\/wp-json\/wp\/v2\/pages\/1666","targetHints":{"allow":["GET"]}}],"collection":[{"href":"https:\/\/sextoysproductstore.com\/fr\/wp-json\/wp\/v2\/pages"}],"about":[{"href":"https:\/\/sextoysproductstore.com\/fr\/wp-json\/wp\/v2\/types\/page"}],"author":[{"embeddable":true,"href":"https:\/\/sextoysproductstore.com\/fr\/wp-json\/wp\/v2\/users\/3"}],"replies":[{"embeddable":true,"href":"https:\/\/sextoysproductstore.com\/fr\/wp-json\/wp\/v2\/comments?post=1666"}],"version-history":[{"count":0,"href":"https:\/\/sextoysproductstore.com\/fr\/wp-json\/wp\/v2\/pages\/1666\/revisions"}],"wp:attachment":[{"href":"https:\/\/sextoysproductstore.com\/fr\/wp-json\/wp\/v2\/media?parent=1666"}],"curies":[{"name":"wp","href":"https:\/\/api.w.org\/{rel}","templated":true}]}}