{"id":33213,"date":"2022-05-25T06:12:00","date_gmt":"2022-05-25T04:12:00","guid":{"rendered":"https:\/\/sextoysproductstore.com\/store\/uncategorized\/wireless-app-sucking-vibrators-sex-toys-for-women-sucker-g-spot-clitoris-stimulator-vibrating-dildo-oral-licking-masturbator-toy\/"},"modified":"2026-04-10T04:03:03","modified_gmt":"2026-04-10T02:03:03","slug":"levett-wireless-app-sucking-vibrator-sucker-g-spot-clitoris-stimulator","status":"publish","type":"product","link":"https:\/\/sextoysproductstore.com\/es\/store\/wireless-sex-toys\/levett-wireless-app-sucking-vibrator-sucker-g-spot-clitoris-stimulator\/","title":{"rendered":"Levett Vibrador Succionador Inal\u00e1mbrico APP Estimulador del Punto G del Cl\u00edtoris"},"content":{"rendered":"<p class=\"detail-desc-decorate-content\" align=\"start\">Funci\u00f3n de la versi\u00f3n de control de la APP:<\/p>\n<ol>\n<li class=\"detail-desc-decorate-content\">Modo cl\u00e1sico: 6 frecuencias de vibraci\u00f3n y 6 de succi\u00f3n;<\/li>\n<li class=\"detail-desc-decorate-content\">Modo m\u00fasica: Puedes reproducir m\u00fasica mientras usas los juguetes. La frecuencia de vibraci\u00f3n cambiar\u00e1 seg\u00fan la melod\u00eda de la m\u00fasica;<\/li>\n<li class=\"detail-desc-decorate-content\">Modo Shake: Agitando el tel\u00e9fono para controlar la frecuencia e intensidad de la vibraci\u00f3n;<\/li>\n<li class=\"detail-desc-decorate-content\">Modo t\u00e1ctil: Deslizando el dedo sobre la pantalla del tel\u00e9fono para controlar la frecuencia e intensidad de la vibraci\u00f3n;<\/li>\n<li class=\"detail-desc-decorate-content\">Modo interactivo: A\u00f1ade amigos para controlar los vibradores de los dem\u00e1s y puedes hacer videollamadas. \u00a1Ser\u00e1 m\u00e1s divertido!<\/li>\n<\/ol>","protected":false},"excerpt":{"rendered":"<ul>\n<li class=\"detail-desc-decorate-content\">Funci\u00f3n: 6 modos de vibraci\u00f3n y 6 modos de succi\u00f3n<\/li>\n<li class=\"detail-desc-decorate-content\">Material: Silicona m\u00e9dica y ABS<\/li>\n<li class=\"detail-desc-decorate-content\">Caracter\u00edsticas: Resistente al agua, sin ftalatos<\/li>\n<li class=\"detail-desc-decorate-content\">Tama\u00f1o: 100mm*77mm*70mm<\/li>\n<li class=\"detail-desc-decorate-content\">Bater\u00eda: Carga magn\u00e9tica USB<\/li>\n<\/ul>","protected":false},"featured_media":33237,"comment_status":"open","ping_status":"closed","template":"","meta":{"_seopress_robots_primary_cat":"","_seopress_titles_title":"","_seopress_titles_desc":"","_seopress_robots_index":""},"store":[4242],"product_brand":[],"product_cat":[4228],"product_tag":[3936],"class_list":{"0":"post-33213","1":"product","2":"type-product","3":"status-publish","4":"has-post-thumbnail","6":"store-levett","7":"product_cat-wireless-sex-toys","8":"product_tag-for-women","10":"first","11":"outofstock","12":"taxable","13":"shipping-taxable","14":"product-type-variable"},"_links":{"self":[{"href":"https:\/\/sextoysproductstore.com\/es\/wp-json\/wp\/v2\/product\/33213","targetHints":{"allow":["GET"]}}],"collection":[{"href":"https:\/\/sextoysproductstore.com\/es\/wp-json\/wp\/v2\/product"}],"about":[{"href":"https:\/\/sextoysproductstore.com\/es\/wp-json\/wp\/v2\/types\/product"}],"replies":[{"embeddable":true,"href":"https:\/\/sextoysproductstore.com\/es\/wp-json\/wp\/v2\/comments?post=33213"}],"version-history":[{"count":0,"href":"https:\/\/sextoysproductstore.com\/es\/wp-json\/wp\/v2\/product\/33213\/revisions"}],"wp:featuredmedia":[{"embeddable":true,"href":"https:\/\/sextoysproductstore.com\/es\/wp-json\/wp\/v2\/media\/33237"}],"wp:attachment":[{"href":"https:\/\/sextoysproductstore.com\/es\/wp-json\/wp\/v2\/media?parent=33213"}],"wp:term":[{"taxonomy":"store","embeddable":true,"href":"https:\/\/sextoysproductstore.com\/es\/wp-json\/wp\/v2\/store?post=33213"},{"taxonomy":"product_brand","embeddable":true,"href":"https:\/\/sextoysproductstore.com\/es\/wp-json\/wp\/v2\/product_brand?post=33213"},{"taxonomy":"product_cat","embeddable":true,"href":"https:\/\/sextoysproductstore.com\/es\/wp-json\/wp\/v2\/product_cat?post=33213"},{"taxonomy":"product_tag","embeddable":true,"href":"https:\/\/sextoysproductstore.com\/es\/wp-json\/wp\/v2\/product_tag?post=33213"}],"curies":[{"name":"wp","href":"https:\/\/api.w.org\/{rel}","templated":true}]}}