{"id":33094,"date":"2022-05-25T04:27:52","date_gmt":"2022-05-25T02:27:52","guid":{"rendered":"https:\/\/sextoysproductstore.com\/store\/uncategorized\/wireless-app-control-vibrating-egg-vibrator-wearable-panties-vibrators-g-spot-stimulator-vaginal-kegel-ball-sex-toy-for-women\/"},"modified":"2026-04-11T17:32:25","modified_gmt":"2026-04-11T15:32:25","slug":"levett-wireless-app-control-vibrating-egg-g-spot-stimulator-kegel-ball","status":"publish","type":"product","link":"https:\/\/sextoysproductstore.com\/es\/store\/wireless-sex-toys\/levett-wireless-app-control-vibrating-egg-g-spot-stimulator-kegel-ball\/","title":{"rendered":"LEVETT Control APP Inal\u00e1mbrico Huevo Vibrador Punto G Bola Kegel"},"content":{"rendered":"<p>Versi\u00f3n APP:<\/p>\n<ol>\n<li>Modo cl\u00e1sico: 9 frecuencias de vibraci\u00f3n<\/li>\n<li>Modo m\u00fasica: Puedes reproducir m\u00fasica mientras usas los juguetes. La frecuencia de vibraci\u00f3n cambiar\u00e1 seg\u00fan la melod\u00eda de la m\u00fasica<\/li>\n<li>Modo Shake: Al agitar el tel\u00e9fono para controlar la frecuencia e intensidad de la vibraci\u00f3n<\/li>\n<li>Modo interactivo: A\u00f1ade amigos para controlar los vibradores de los dem\u00e1s y puedes hacer videollamadas. \u00a1Lo har\u00e1 m\u00e1s divertido!<\/li>\n<\/ol>","protected":false},"excerpt":{"rendered":"<p>\u00a1SIN L\u00cdMITE DE DISTANCIA! Puede controlar en una ciudad diferente. \u00a1Divi\u00e9rtete m\u00e1s!<\/p>\n<ul>\n<li>Caracter\u00edsticas: Resistente al agua, sin ftalatos, carga magn\u00e9tica<\/li>\n<li>Material: Silicona m\u00e9dica<\/li>\n<li>Modos: 16 frecuencias de vibraci\u00f3n diferentes<\/li>\n<li>Tama\u00f1o: 180*38mm<\/li>\n<li>Alimentaci\u00f3n: Carga magn\u00e9tica USB<\/li>\n<li>Tiempo de carga: 2-3 horas<\/li>\n<li>Tiempo de uso: 1,5-2 horas<\/li>\n<li>Distancia a distancia: 10 metros<\/li>\n<\/ul>","protected":false},"featured_media":33147,"comment_status":"open","ping_status":"closed","template":"","meta":{"_seopress_robots_primary_cat":"","_seopress_titles_title":"","_seopress_titles_desc":"","_seopress_robots_index":""},"store":[4242],"product_brand":[],"product_cat":[4228],"product_tag":[3936],"class_list":{"0":"post-33094","1":"product","2":"type-product","3":"status-publish","4":"has-post-thumbnail","6":"store-levett","7":"product_cat-wireless-sex-toys","8":"product_tag-for-women","10":"first","11":"instock","12":"sale","13":"taxable","14":"shipping-taxable","15":"purchasable","16":"product-type-variable"},"_links":{"self":[{"href":"https:\/\/sextoysproductstore.com\/es\/wp-json\/wp\/v2\/product\/33094","targetHints":{"allow":["GET"]}}],"collection":[{"href":"https:\/\/sextoysproductstore.com\/es\/wp-json\/wp\/v2\/product"}],"about":[{"href":"https:\/\/sextoysproductstore.com\/es\/wp-json\/wp\/v2\/types\/product"}],"replies":[{"embeddable":true,"href":"https:\/\/sextoysproductstore.com\/es\/wp-json\/wp\/v2\/comments?post=33094"}],"version-history":[{"count":0,"href":"https:\/\/sextoysproductstore.com\/es\/wp-json\/wp\/v2\/product\/33094\/revisions"}],"wp:featuredmedia":[{"embeddable":true,"href":"https:\/\/sextoysproductstore.com\/es\/wp-json\/wp\/v2\/media\/33147"}],"wp:attachment":[{"href":"https:\/\/sextoysproductstore.com\/es\/wp-json\/wp\/v2\/media?parent=33094"}],"wp:term":[{"taxonomy":"store","embeddable":true,"href":"https:\/\/sextoysproductstore.com\/es\/wp-json\/wp\/v2\/store?post=33094"},{"taxonomy":"product_brand","embeddable":true,"href":"https:\/\/sextoysproductstore.com\/es\/wp-json\/wp\/v2\/product_brand?post=33094"},{"taxonomy":"product_cat","embeddable":true,"href":"https:\/\/sextoysproductstore.com\/es\/wp-json\/wp\/v2\/product_cat?post=33094"},{"taxonomy":"product_tag","embeddable":true,"href":"https:\/\/sextoysproductstore.com\/es\/wp-json\/wp\/v2\/product_tag?post=33094"}],"curies":[{"name":"wp","href":"https:\/\/api.w.org\/{rel}","templated":true}]}}