{"id":32803,"date":"2022-05-22T16:07:53","date_gmt":"2022-05-22T14:07:53","guid":{"rendered":"https:\/\/sextoysproductstore.com\/store\/uncategorized\/clitoral-sucking-vibrator-app-control-sex-toys-for-women-clit-sucker-dildo-vibrator-g-spot-nipple-vacuum-stimulator-sex-products\/"},"modified":"2026-04-10T03:59:42","modified_gmt":"2026-04-10T01:59:42","slug":"levett-app-control-clitoral-sucking-dildo-g-spot-vacuum-stimulator","status":"publish","type":"product","link":"https:\/\/sextoysproductstore.com\/es\/store\/wireless-sex-toys\/levett-app-control-clitoral-sucking-dildo-g-spot-vacuum-stimulator\/","title":{"rendered":"LEVETT App Control Cl\u00edtoris Chupar Consolador Punto G Estimulador al Vac\u00edo"},"content":{"rendered":"<p class=\"detail-desc-decorate-content\" align=\"start\">Funci\u00f3n de la versi\u00f3n de control de la APP:<\/p>\n<ol>\n<li class=\"detail-desc-decorate-content\">Modo cl\u00e1sico: 6 frecuencias de vibraci\u00f3n y 6 de succi\u00f3n<\/li>\n<li class=\"detail-desc-decorate-content\">Modo m\u00fasica: Puedes reproducir m\u00fasica mientras usas los juguetes. La melod\u00eda musical cambiar\u00e1 la frecuencia de vibraci\u00f3n<\/li>\n<li class=\"detail-desc-decorate-content\">Modo Shake: Al agitar el tel\u00e9fono para controlar la frecuencia e intensidad de la vibraci\u00f3n<\/li>\n<li class=\"detail-desc-decorate-content\" data-spm-anchor-id=\"a2g0o.detail.1000023.i0.51bad361OlbpZm\">Modo t\u00e1ctil: Deslizando el dedo sobre la pantalla del tel\u00e9fono para controlar la frecuencia e intensidad de la vibraci\u00f3n<\/li>\n<li class=\"detail-desc-decorate-content\" data-spm-anchor-id=\"a2g0o.detail.1000023.i0.51bad361OlbpZm\">Modo interactivo: A\u00f1ade a tus amigos para que controlen los vibradores de los dem\u00e1s y puedan hacer videollamadas. \u00a1Lo har\u00e1 m\u00e1s divertido!<\/li>\n<\/ol>","protected":false},"excerpt":{"rendered":"<ul>\n<li class=\"detail-desc-decorate-content\">Tipo: Vibrador de estimulaci\u00f3n de succi\u00f3n<\/li>\n<li class=\"detail-desc-decorate-content\">Funci\u00f3n: 6 modos de vibraci\u00f3n y 6 modos de succi\u00f3n<\/li>\n<li class=\"detail-desc-decorate-content\">Material: Silicona m\u00e9dica y ABS<\/li>\n<li class=\"detail-desc-decorate-content\">Caracter\u00edsticas: Resistente al agua y sin ftalatos<\/li>\n<li class=\"detail-desc-decorate-content\">Tama\u00f1o: 100mm*77mm*70mm<\/li>\n<li class=\"detail-desc-decorate-content\">Bater\u00eda: Carga magn\u00e9tica USB<\/li>\n<\/ul>","protected":false},"featured_media":33014,"comment_status":"open","ping_status":"closed","template":"","meta":{"_seopress_robots_primary_cat":"","_seopress_titles_title":"","_seopress_titles_desc":"","_seopress_robots_index":""},"store":[4242],"product_brand":[],"product_cat":[4228],"product_tag":[3936],"class_list":{"0":"post-32803","1":"product","2":"type-product","3":"status-publish","4":"has-post-thumbnail","6":"store-levett","7":"product_cat-wireless-sex-toys","8":"product_tag-for-women","10":"first","11":"outofstock","12":"taxable","13":"shipping-taxable","14":"product-type-variable"},"_links":{"self":[{"href":"https:\/\/sextoysproductstore.com\/es\/wp-json\/wp\/v2\/product\/32803","targetHints":{"allow":["GET"]}}],"collection":[{"href":"https:\/\/sextoysproductstore.com\/es\/wp-json\/wp\/v2\/product"}],"about":[{"href":"https:\/\/sextoysproductstore.com\/es\/wp-json\/wp\/v2\/types\/product"}],"replies":[{"embeddable":true,"href":"https:\/\/sextoysproductstore.com\/es\/wp-json\/wp\/v2\/comments?post=32803"}],"version-history":[{"count":0,"href":"https:\/\/sextoysproductstore.com\/es\/wp-json\/wp\/v2\/product\/32803\/revisions"}],"wp:featuredmedia":[{"embeddable":true,"href":"https:\/\/sextoysproductstore.com\/es\/wp-json\/wp\/v2\/media\/33014"}],"wp:attachment":[{"href":"https:\/\/sextoysproductstore.com\/es\/wp-json\/wp\/v2\/media?parent=32803"}],"wp:term":[{"taxonomy":"store","embeddable":true,"href":"https:\/\/sextoysproductstore.com\/es\/wp-json\/wp\/v2\/store?post=32803"},{"taxonomy":"product_brand","embeddable":true,"href":"https:\/\/sextoysproductstore.com\/es\/wp-json\/wp\/v2\/product_brand?post=32803"},{"taxonomy":"product_cat","embeddable":true,"href":"https:\/\/sextoysproductstore.com\/es\/wp-json\/wp\/v2\/product_cat?post=32803"},{"taxonomy":"product_tag","embeddable":true,"href":"https:\/\/sextoysproductstore.com\/es\/wp-json\/wp\/v2\/product_tag?post=32803"}],"curies":[{"name":"wp","href":"https:\/\/api.w.org\/{rel}","templated":true}]}}