{"id":32795,"date":"2022-05-22T16:07:50","date_gmt":"2022-05-22T14:07:50","guid":{"rendered":"https:\/\/sextoysproductstore.com\/store\/uncategorized\/electric-shock-pulse-man-prostate-massage-vibrators-sex-toy-for-men-wireless-rotation-male-anal-butt-plug-stimulator-masturbator\/"},"modified":"2026-04-11T17:31:19","modified_gmt":"2026-04-11T15:31:19","slug":"levett-wireless-rotation-electric-pulse-prostate-massager-butt-plug-masturbator","status":"publish","type":"product","link":"https:\/\/sextoysproductstore.com\/es\/store\/wireless-sex-toys\/levett-wireless-rotation-electric-pulse-prostate-massager-butt-plug-masturbator\/","title":{"rendered":"LEVETT Rotaci\u00f3n inal\u00e1mbrica Pulso el\u00e9ctrico Masajeador de pr\u00f3stata Tap\u00f3n de culo Masturbador"},"content":{"rendered":"<p align=\"start\">Funci\u00f3n de la versi\u00f3n APP (no para la versi\u00f3n del controlador):<\/p>\n<ol>\n<li>Modo cl\u00e1sico: 9 frecuencias de vibraci\u00f3n<\/li>\n<li>Modo m\u00fasica: Puedes reproducir m\u00fasica mientras usas los juguetes. La melod\u00eda musical cambiar\u00e1 la frecuencia de vibraci\u00f3n<\/li>\n<li data-spm-anchor-id=\"a2g0o.detail.1000023.i0.5ab71530HPdtkU\">Modo t\u00e1ctil:  Deslizando el dedo sobre la pantalla del tel\u00e9fono para controlar la frecuencia e intensidad de la vibraci\u00f3n<\/li>\n<li data-spm-anchor-id=\"a2g0o.detail.1000023.i0.5ab71530HPdtkU\">Modo Shake: Al agitar el tel\u00e9fono para controlar la frecuencia e intensidad de la vibraci\u00f3n<\/li>\n<li data-spm-anchor-id=\"a2g0o.detail.1000023.i0.5ab71530HPdtkU\">Modo interactivo: A\u00f1ade amigos para controlar los vibradores de los dem\u00e1s y puedes hacer videollamadas. \u00a1Esto har\u00e1 que sea m\u00e1s divertido!<\/li>\n<\/ol>","protected":false},"excerpt":{"rendered":"<ul>\n<li class=\"detail-desc-decorate-content\">Funci\u00f3n: 2 motores, 3 rotaciones \/ 16 modos de vibraci\u00f3n (versi\u00f3n App 9 modos de vibraci\u00f3n) \/ 16 modos de estimulaci\u00f3n el\u00e9ctrica \/ Calefacci\u00f3n<\/li>\n<li class=\"detail-desc-decorate-content\">Material: Silicona de grado m\u00e9dico &amp; ABS &amp; Metal<\/li>\n<li class=\"detail-desc-decorate-content\">Caracter\u00edsticas: Resistente al agua y sin ftalatos<\/li>\n<li class=\"detail-desc-decorate-content\">Bater\u00eda: Carga por USB<\/li>\n<li class=\"detail-desc-decorate-content\">Color: Negro<\/li>\n<\/ul>","protected":false},"featured_media":33015,"comment_status":"open","ping_status":"closed","template":"","meta":{"_seopress_robots_primary_cat":"","_seopress_titles_title":"","_seopress_titles_desc":"","_seopress_robots_index":""},"store":[4242],"product_brand":[],"product_cat":[4228],"product_tag":[3935],"class_list":{"0":"post-32795","1":"product","2":"type-product","3":"status-publish","4":"has-post-thumbnail","6":"store-levett","7":"product_cat-wireless-sex-toys","8":"product_tag-for-men","10":"first","11":"outofstock","12":"taxable","13":"shipping-taxable","14":"product-type-variable"},"_links":{"self":[{"href":"https:\/\/sextoysproductstore.com\/es\/wp-json\/wp\/v2\/product\/32795","targetHints":{"allow":["GET"]}}],"collection":[{"href":"https:\/\/sextoysproductstore.com\/es\/wp-json\/wp\/v2\/product"}],"about":[{"href":"https:\/\/sextoysproductstore.com\/es\/wp-json\/wp\/v2\/types\/product"}],"replies":[{"embeddable":true,"href":"https:\/\/sextoysproductstore.com\/es\/wp-json\/wp\/v2\/comments?post=32795"}],"version-history":[{"count":0,"href":"https:\/\/sextoysproductstore.com\/es\/wp-json\/wp\/v2\/product\/32795\/revisions"}],"wp:featuredmedia":[{"embeddable":true,"href":"https:\/\/sextoysproductstore.com\/es\/wp-json\/wp\/v2\/media\/33015"}],"wp:attachment":[{"href":"https:\/\/sextoysproductstore.com\/es\/wp-json\/wp\/v2\/media?parent=32795"}],"wp:term":[{"taxonomy":"store","embeddable":true,"href":"https:\/\/sextoysproductstore.com\/es\/wp-json\/wp\/v2\/store?post=32795"},{"taxonomy":"product_brand","embeddable":true,"href":"https:\/\/sextoysproductstore.com\/es\/wp-json\/wp\/v2\/product_brand?post=32795"},{"taxonomy":"product_cat","embeddable":true,"href":"https:\/\/sextoysproductstore.com\/es\/wp-json\/wp\/v2\/product_cat?post=32795"},{"taxonomy":"product_tag","embeddable":true,"href":"https:\/\/sextoysproductstore.com\/es\/wp-json\/wp\/v2\/product_tag?post=32795"}],"curies":[{"name":"wp","href":"https:\/\/api.w.org\/{rel}","templated":true}]}}