{"id":31222,"date":"2021-12-13T17:17:31","date_gmt":"2021-12-13T16:17:31","guid":{"rendered":"https:\/\/sextoysproductstore.com\/store\/uncategorized\/sucking-licking-vibrator-sex-toys-for-woman-adults-couples-nipples-tongue-clitoris-sucker-stimulator-for-oral-sex-cunnilingus\/"},"modified":"2026-04-11T17:27:10","modified_gmt":"2026-04-11T15:27:10","slug":"safiman-sucking-licking-clitoris-g-spot-sucker-stimulator-woman-vibrator","status":"publish","type":"product","link":"https:\/\/sextoysproductstore.com\/es\/store\/vibrators\/g-spot-vibrators\/safiman-sucking-licking-clitoris-g-spot-sucker-stimulator-woman-vibrator\/","title":{"rendered":"Safiman Chupar Lamer Cl\u00edtoris Punto G Estimulador Mujer Vibrador"},"content":{"rendered":"","protected":false},"excerpt":{"rendered":"<p>El vibrador Safiman 2 en 1 para chupar el cl\u00edtoris maximiza el placer m\u00e1s que el sexo oral real. Este exclusivo juguete sexual 2 en 1 para chupar y lamer est\u00e1 dise\u00f1ado para estimular y satisfacer los deseos sexuales femeninos. El flujo de aire generado por la t\u00e9cnica de vibraci\u00f3n burbujeante envuelve sus partes sensibles como un peque\u00f1o torbellino. Esta maravillosa sensaci\u00f3n es como el verdadero sexo oral.<\/p>\n<ul>\n<li>7 Modo de frecuencia<\/li>\n<li>Vibrador 2 en 1 para chupar y lamer<\/li>\n<li>\u00a1Ruido s\u00faper bajo!<\/li>\n<li>Silicona respetuosa con la piel<\/li>\n<li>100% Dise\u00f1o impermeable<\/li>\n<\/ul>","protected":false},"featured_media":31252,"comment_status":"open","ping_status":"closed","template":"","meta":{"_seopress_robots_primary_cat":"","_seopress_titles_title":"","_seopress_titles_desc":"","_seopress_robots_index":""},"store":[4032],"product_brand":[],"product_cat":[3741,3305],"product_tag":[3936],"class_list":{"0":"post-31222","1":"product","2":"type-product","3":"status-publish","4":"has-post-thumbnail","6":"store-safiman","7":"product_cat-g-spot-vibrators","8":"product_cat-vibrators","9":"product_tag-for-women","11":"first","12":"outofstock","13":"taxable","14":"shipping-taxable","15":"product-type-variable"},"_links":{"self":[{"href":"https:\/\/sextoysproductstore.com\/es\/wp-json\/wp\/v2\/product\/31222","targetHints":{"allow":["GET"]}}],"collection":[{"href":"https:\/\/sextoysproductstore.com\/es\/wp-json\/wp\/v2\/product"}],"about":[{"href":"https:\/\/sextoysproductstore.com\/es\/wp-json\/wp\/v2\/types\/product"}],"replies":[{"embeddable":true,"href":"https:\/\/sextoysproductstore.com\/es\/wp-json\/wp\/v2\/comments?post=31222"}],"version-history":[{"count":0,"href":"https:\/\/sextoysproductstore.com\/es\/wp-json\/wp\/v2\/product\/31222\/revisions"}],"wp:featuredmedia":[{"embeddable":true,"href":"https:\/\/sextoysproductstore.com\/es\/wp-json\/wp\/v2\/media\/31252"}],"wp:attachment":[{"href":"https:\/\/sextoysproductstore.com\/es\/wp-json\/wp\/v2\/media?parent=31222"}],"wp:term":[{"taxonomy":"store","embeddable":true,"href":"https:\/\/sextoysproductstore.com\/es\/wp-json\/wp\/v2\/store?post=31222"},{"taxonomy":"product_brand","embeddable":true,"href":"https:\/\/sextoysproductstore.com\/es\/wp-json\/wp\/v2\/product_brand?post=31222"},{"taxonomy":"product_cat","embeddable":true,"href":"https:\/\/sextoysproductstore.com\/es\/wp-json\/wp\/v2\/product_cat?post=31222"},{"taxonomy":"product_tag","embeddable":true,"href":"https:\/\/sextoysproductstore.com\/es\/wp-json\/wp\/v2\/product_tag?post=31222"}],"curies":[{"name":"wp","href":"https:\/\/api.w.org\/{rel}","templated":true}]}}