{"id":31173,"date":"2021-12-13T17:17:07","date_gmt":"2021-12-13T16:17:07","guid":{"rendered":"https:\/\/sextoysproductstore.com\/store\/uncategorized\/sucking-g-spot-vibrator-sex-toys-for-woman-adults-clit-sucker-nipple-clitoris-stimulator-dildo-vaginal-massage-masturbator\/"},"modified":"2026-04-11T17:26:57","modified_gmt":"2026-04-11T15:26:57","slug":"safiman-sucking-g-spot-nipple-clitoris-stimulator-woman-vibrator","status":"publish","type":"product","link":"https:\/\/sextoysproductstore.com\/es\/store\/vibrators\/clitoral-vibrators\/safiman-sucking-g-spot-nipple-clitoris-stimulator-woman-vibrator\/","title":{"rendered":"Safiman Chupar Punto G Pez\u00f3n Cl\u00edtoris Estimulador Mujer Vibrador"},"content":{"rendered":"","protected":false},"excerpt":{"rendered":"<p>Puedes construir tu orgasmo lentamente o encontrar la combinaci\u00f3n perfecta para un placer alucinante.<\/p>\n<ul>\n<li>Controles independientes para las funciones de succi\u00f3n y vibraci\u00f3n,<\/li>\n<li>6 modos de succi\u00f3n er\u00f3tica<\/li>\n<li>8 modos de vibraci\u00f3n<\/li>\n<li>\u00a1para proporcionar un placer a\u00fan m\u00e1s incre\u00edble!<\/li>\n<li>Silicona de alta calidad, flexible y suave como la seda<\/li>\n<li>USB recargable, para no tener que cambiar nunca las pilas<\/li>\n<li>Resistente al agua IPX7, te permite disfrutar de un cl\u00edmax fant\u00e1stico en la ba\u00f1era o la ducha<\/li>\n<\/ul>","protected":false},"featured_media":31188,"comment_status":"open","ping_status":"closed","template":"","meta":{"_seopress_robots_primary_cat":"","_seopress_titles_title":"","_seopress_titles_desc":"","_seopress_robots_index":""},"store":[4032],"product_brand":[],"product_cat":[3788,3741,3305],"product_tag":[3936],"class_list":{"0":"post-31173","1":"product","2":"type-product","3":"status-publish","4":"has-post-thumbnail","6":"store-safiman","7":"product_cat-clitoral-vibrators","8":"product_cat-g-spot-vibrators","9":"product_cat-vibrators","10":"product_tag-for-women","12":"first","13":"outofstock","14":"taxable","15":"shipping-taxable","16":"product-type-variable"},"_links":{"self":[{"href":"https:\/\/sextoysproductstore.com\/es\/wp-json\/wp\/v2\/product\/31173","targetHints":{"allow":["GET"]}}],"collection":[{"href":"https:\/\/sextoysproductstore.com\/es\/wp-json\/wp\/v2\/product"}],"about":[{"href":"https:\/\/sextoysproductstore.com\/es\/wp-json\/wp\/v2\/types\/product"}],"replies":[{"embeddable":true,"href":"https:\/\/sextoysproductstore.com\/es\/wp-json\/wp\/v2\/comments?post=31173"}],"version-history":[{"count":0,"href":"https:\/\/sextoysproductstore.com\/es\/wp-json\/wp\/v2\/product\/31173\/revisions"}],"wp:featuredmedia":[{"embeddable":true,"href":"https:\/\/sextoysproductstore.com\/es\/wp-json\/wp\/v2\/media\/31188"}],"wp:attachment":[{"href":"https:\/\/sextoysproductstore.com\/es\/wp-json\/wp\/v2\/media?parent=31173"}],"wp:term":[{"taxonomy":"store","embeddable":true,"href":"https:\/\/sextoysproductstore.com\/es\/wp-json\/wp\/v2\/store?post=31173"},{"taxonomy":"product_brand","embeddable":true,"href":"https:\/\/sextoysproductstore.com\/es\/wp-json\/wp\/v2\/product_brand?post=31173"},{"taxonomy":"product_cat","embeddable":true,"href":"https:\/\/sextoysproductstore.com\/es\/wp-json\/wp\/v2\/product_cat?post=31173"},{"taxonomy":"product_tag","embeddable":true,"href":"https:\/\/sextoysproductstore.com\/es\/wp-json\/wp\/v2\/product_tag?post=31173"}],"curies":[{"name":"wp","href":"https:\/\/api.w.org\/{rel}","templated":true}]}}