{"id":30767,"date":"2021-10-23T17:42:51","date_gmt":"2021-10-23T15:42:51","guid":{"rendered":"https:\/\/sextoysproductstore.com\/store\/uncategorized\/blowjob-masturbator-for-men-sex-shop-intimate-goods-automatic-heating-dick-deep-throate-vagina-erotic-sex-toys-for-adults\/"},"modified":"2026-04-10T03:50:58","modified_gmt":"2026-04-10T01:50:58","slug":"otouch-chiven2-hands-free-male-blowjob-masturbator-machine","status":"publish","type":"product","link":"https:\/\/sextoysproductstore.com\/es\/store\/male-masturbators\/otouch-chiven2-hands-free-male-blowjob-masturbator-machine\/","title":{"rendered":"OTOUCH CHIVEN2 M\u00e1quina masturbadora masculina de manos libres"},"content":{"rendered":"","protected":false},"excerpt":{"rendered":"<p>Un motor silencioso y potente le permite sumergirse en sus fantas\u00edas m\u00e1s salvajes sin molestar a los dem\u00e1s ni ser molestado.<\/p>\n<ul>\n<li>Funci\u00f3n de calefacci\u00f3n inteligente<\/li>\n<li>6 Modo de vibraci\u00f3n<\/li>\n<li>3 tipos de resistencia<\/li>\n<li>Carga USB<\/li>\n<li>Bajo nivel de ruido, menos de 60dB<\/li>\n<li>100% Impermeable<\/li>\n<\/ul>","protected":false},"featured_media":30923,"comment_status":"open","ping_status":"closed","template":"","meta":{"_seopress_robots_primary_cat":"","_seopress_titles_title":"","_seopress_titles_desc":"","_seopress_robots_index":""},"store":[3948],"product_brand":[],"product_cat":[3450],"product_tag":[],"class_list":{"0":"post-30767","1":"product","2":"type-product","3":"status-publish","4":"has-post-thumbnail","6":"store-otouch","7":"product_cat-male-masturbators","9":"first","10":"outofstock","11":"taxable","12":"shipping-taxable","13":"purchasable","14":"product-type-variable"},"_links":{"self":[{"href":"https:\/\/sextoysproductstore.com\/es\/wp-json\/wp\/v2\/product\/30767","targetHints":{"allow":["GET"]}}],"collection":[{"href":"https:\/\/sextoysproductstore.com\/es\/wp-json\/wp\/v2\/product"}],"about":[{"href":"https:\/\/sextoysproductstore.com\/es\/wp-json\/wp\/v2\/types\/product"}],"replies":[{"embeddable":true,"href":"https:\/\/sextoysproductstore.com\/es\/wp-json\/wp\/v2\/comments?post=30767"}],"version-history":[{"count":0,"href":"https:\/\/sextoysproductstore.com\/es\/wp-json\/wp\/v2\/product\/30767\/revisions"}],"wp:featuredmedia":[{"embeddable":true,"href":"https:\/\/sextoysproductstore.com\/es\/wp-json\/wp\/v2\/media\/30923"}],"wp:attachment":[{"href":"https:\/\/sextoysproductstore.com\/es\/wp-json\/wp\/v2\/media?parent=30767"}],"wp:term":[{"taxonomy":"store","embeddable":true,"href":"https:\/\/sextoysproductstore.com\/es\/wp-json\/wp\/v2\/store?post=30767"},{"taxonomy":"product_brand","embeddable":true,"href":"https:\/\/sextoysproductstore.com\/es\/wp-json\/wp\/v2\/product_brand?post=30767"},{"taxonomy":"product_cat","embeddable":true,"href":"https:\/\/sextoysproductstore.com\/es\/wp-json\/wp\/v2\/product_cat?post=30767"},{"taxonomy":"product_tag","embeddable":true,"href":"https:\/\/sextoysproductstore.com\/es\/wp-json\/wp\/v2\/product_tag?post=30767"}],"curies":[{"name":"wp","href":"https:\/\/api.w.org\/{rel}","templated":true}]}}