{"id":30724,"date":"2021-10-23T17:42:32","date_gmt":"2021-10-23T15:42:32","guid":{"rendered":"https:\/\/sextoysproductstore.com\/store\/uncategorized\/otouch-lisa-male-masturbator-cup-for-men-silicone-automatic-sucking-vagina-sex-vibrator-cup-adult-intimate-toys-blowjob-machine\/"},"modified":"2026-04-10T03:48:30","modified_gmt":"2026-04-10T01:48:30","slug":"otouch-lisa-male-masturbator-cup-for-men-silicone-automatic-sucking-vagina-sex-vibrator-cup-adult-intimate-toys-blowjob-machine","status":"publish","type":"product","link":"https:\/\/sextoysproductstore.com\/es\/store\/male-masturbators\/otouch-lisa-male-masturbator-cup-for-men-silicone-automatic-sucking-vagina-sex-vibrator-cup-adult-intimate-toys-blowjob-machine\/","title":{"rendered":"OTOUCH Lisa Vaso Masturbador Masculino Para Hombres Vaso Vibrador Sexual de Silicona Autom\u00e1tico para Chupar la Vagina Juguetes \u00cdntimos para Adultos M\u00e1quina de Mamadas"},"content":{"rendered":"","protected":false},"excerpt":{"rendered":"","protected":false},"featured_media":30825,"comment_status":"open","ping_status":"closed","template":"","meta":{"_seopress_robots_primary_cat":"","_seopress_titles_title":"","_seopress_titles_desc":"","_seopress_robots_index":""},"store":[3948],"product_brand":[],"product_cat":[3450],"product_tag":[],"class_list":{"0":"post-30724","1":"product","2":"type-product","3":"status-publish","4":"has-post-thumbnail","6":"store-otouch","7":"product_cat-male-masturbators","9":"first","10":"outofstock","11":"taxable","12":"shipping-taxable","13":"product-type-variable"},"_links":{"self":[{"href":"https:\/\/sextoysproductstore.com\/es\/wp-json\/wp\/v2\/product\/30724","targetHints":{"allow":["GET"]}}],"collection":[{"href":"https:\/\/sextoysproductstore.com\/es\/wp-json\/wp\/v2\/product"}],"about":[{"href":"https:\/\/sextoysproductstore.com\/es\/wp-json\/wp\/v2\/types\/product"}],"replies":[{"embeddable":true,"href":"https:\/\/sextoysproductstore.com\/es\/wp-json\/wp\/v2\/comments?post=30724"}],"version-history":[{"count":0,"href":"https:\/\/sextoysproductstore.com\/es\/wp-json\/wp\/v2\/product\/30724\/revisions"}],"wp:featuredmedia":[{"embeddable":true,"href":"https:\/\/sextoysproductstore.com\/es\/wp-json\/wp\/v2\/media\/30825"}],"wp:attachment":[{"href":"https:\/\/sextoysproductstore.com\/es\/wp-json\/wp\/v2\/media?parent=30724"}],"wp:term":[{"taxonomy":"store","embeddable":true,"href":"https:\/\/sextoysproductstore.com\/es\/wp-json\/wp\/v2\/store?post=30724"},{"taxonomy":"product_brand","embeddable":true,"href":"https:\/\/sextoysproductstore.com\/es\/wp-json\/wp\/v2\/product_brand?post=30724"},{"taxonomy":"product_cat","embeddable":true,"href":"https:\/\/sextoysproductstore.com\/es\/wp-json\/wp\/v2\/product_cat?post=30724"},{"taxonomy":"product_tag","embeddable":true,"href":"https:\/\/sextoysproductstore.com\/es\/wp-json\/wp\/v2\/product_tag?post=30724"}],"curies":[{"name":"wp","href":"https:\/\/api.w.org\/{rel}","templated":true}]}}