{"id":30708,"date":"2021-10-23T17:42:19","date_gmt":"2021-10-23T15:42:19","guid":{"rendered":"https:\/\/sextoysproductstore.com\/store\/uncategorized\/air-pump-penis-masturbator-for-men-blowjob-machine-automatic-vacuum-vibrating-male-masturbator-penis-pump-oral-sex-toys-for-men\/"},"modified":"2026-04-10T03:47:45","modified_gmt":"2026-04-10T01:47:45","slug":"otouch-ninja2-squeeze-vibration-masturbator","status":"publish","type":"product","link":"https:\/\/sextoysproductstore.com\/es\/store\/male-masturbators\/otouch-ninja2-squeeze-vibration-masturbator\/","title":{"rendered":"OTOUCH NINJA2 - Masturbador con vibraci\u00f3n"},"content":{"rendered":"","protected":false},"excerpt":{"rendered":"<p>La sujeci\u00f3n mientras vibra puede ser controlada manualmente. Con la vibraci\u00f3n multifrecuencia, la sensaci\u00f3n de relajaci\u00f3n es evidente.<\/p>\n<ul>\n<li class=\"p1\">Fuerte vibraci\u00f3n y m\u00faltiples modos de masaje<\/li>\n<li class=\"p1\">La extrusi\u00f3n de silicona suave puede ajustar autom\u00e1ticamente el tama\u00f1o, disfrutar plenamente de la sensaci\u00f3n de estar envuelto<\/li>\n<li class=\"p1\">Vibraci\u00f3n lateral del motor<\/li>\n<li class=\"p1\">Adecuado para diferentes tama\u00f1os<\/li>\n<li class=\"p1\">El inflado manual en la cavidad, independientemente del tama\u00f1o, siempre puede controlarse<\/li>\n<li class=\"p1\">Potente rendimiento, carga c\u00f3moda por USB<\/li>\n<\/ul>","protected":false},"featured_media":30777,"comment_status":"open","ping_status":"closed","template":"","meta":{"_seopress_robots_primary_cat":"","_seopress_titles_title":"","_seopress_titles_desc":"","_seopress_robots_index":""},"store":[3948],"product_brand":[],"product_cat":[3450],"product_tag":[],"class_list":{"0":"post-30708","1":"product","2":"type-product","3":"status-publish","4":"has-post-thumbnail","6":"store-otouch","7":"product_cat-male-masturbators","9":"first","10":"outofstock","11":"taxable","12":"shipping-taxable","13":"product-type-variable"},"_links":{"self":[{"href":"https:\/\/sextoysproductstore.com\/es\/wp-json\/wp\/v2\/product\/30708","targetHints":{"allow":["GET"]}}],"collection":[{"href":"https:\/\/sextoysproductstore.com\/es\/wp-json\/wp\/v2\/product"}],"about":[{"href":"https:\/\/sextoysproductstore.com\/es\/wp-json\/wp\/v2\/types\/product"}],"replies":[{"embeddable":true,"href":"https:\/\/sextoysproductstore.com\/es\/wp-json\/wp\/v2\/comments?post=30708"}],"version-history":[{"count":0,"href":"https:\/\/sextoysproductstore.com\/es\/wp-json\/wp\/v2\/product\/30708\/revisions"}],"wp:featuredmedia":[{"embeddable":true,"href":"https:\/\/sextoysproductstore.com\/es\/wp-json\/wp\/v2\/media\/30777"}],"wp:attachment":[{"href":"https:\/\/sextoysproductstore.com\/es\/wp-json\/wp\/v2\/media?parent=30708"}],"wp:term":[{"taxonomy":"store","embeddable":true,"href":"https:\/\/sextoysproductstore.com\/es\/wp-json\/wp\/v2\/store?post=30708"},{"taxonomy":"product_brand","embeddable":true,"href":"https:\/\/sextoysproductstore.com\/es\/wp-json\/wp\/v2\/product_brand?post=30708"},{"taxonomy":"product_cat","embeddable":true,"href":"https:\/\/sextoysproductstore.com\/es\/wp-json\/wp\/v2\/product_cat?post=30708"},{"taxonomy":"product_tag","embeddable":true,"href":"https:\/\/sextoysproductstore.com\/es\/wp-json\/wp\/v2\/product_tag?post=30708"}],"curies":[{"name":"wp","href":"https:\/\/api.w.org\/{rel}","templated":true}]}}