{"id":30579,"date":"2021-10-23T14:06:53","date_gmt":"2021-10-23T12:06:53","guid":{"rendered":"https:\/\/sextoysproductstore.com\/store\/uncategorized\/kegel-balls-vibrator-vaginal-tighten-exercise-ben-wa-ball-silicone-wireless-control-16-speeds-vibrating-eggs-sex-toy-for-women\/"},"modified":"2026-04-10T03:46:23","modified_gmt":"2026-04-10T01:46:23","slug":"levett-16-speed-wireless-vibrating-ben-wa-kegel-ball-eggs-vibrator","status":"publish","type":"product","link":"https:\/\/sextoysproductstore.com\/es\/store\/wireless-sex-toys\/levett-16-speed-wireless-vibrating-ben-wa-kegel-ball-eggs-vibrator\/","title":{"rendered":"LEVETT 16 Velocidades Vibrador Inal\u00e1mbrico Ben Wa Kegel Ball Eggs Vibrator"},"content":{"rendered":"<p>\u00bfPor qu\u00e9 nuestro juego de bolas de Kegel es especial para usted?<\/p>\n<ul>\n<li>Un m\u00e9dico autorizado recomienda nuestra bola de Kegel para que sea fiable, segura y de confianza.<\/li>\n<li>Cada bola de pesas est\u00e1 equipada con un cord\u00f3n de silicona para facilitar el manejo y el ejercicio de forma m\u00e1s accesible y limpia.<\/li>\n<li>Distancias de control remoto inal\u00e1mbrico de hasta 10 metros, f\u00e1cil de disfrutar en cualquier momento y lugar.<\/li>\n<li>Su dise\u00f1o sutil y sus avanzadas caracter\u00edsticas de impermeabilidad le permiten disfrutar del ba\u00f1o, de la ducha y de la piscina, sin tener que preocuparse por los secretos.<\/li>\n<li>Ya sea joven, de mediana edad o anciana, embarazada o convaleciente, necesita nuestro bal\u00f3n de kegel ben wa, que siempre es un espacio de mejora.<\/li>\n<\/ul>\n<p>Pasos para el uso<\/p>\n<ul>\n<li>Nivel 1: Pelota individual 45g, 30 minutos, adecuado para 1-2 semanas<\/li>\n<li>Nivel 2: Bola \u00fanica 55g\/65g (vibrando) al d\u00eda, 30 minutos, 2-3 semanas<\/li>\n<li>Nivel 3: Bal\u00f3n doble 80g, 30 minutos al d\u00eda, 1 mes<\/li>\n<li>Bolas de masaje, vibrador de 16 velocidades, masaje del suelo p\u00e9lvico femenino<\/li>\n<\/ul>","protected":false},"excerpt":{"rendered":"<p>Caracter\u00edsticas del producto<\/p>\n<ul>\n<li>Modelo: 16 vibraciones diferentes<\/li>\n<li>5 bolas de peso Kegel diferentes<\/li>\n<li>Material: Silicona m\u00e9dica<\/li>\n<li>Ruido m\u00e1ximo: \u226450db<\/li>\n<li>Color: Rosa intenso<\/li>\n<li>Grado de impermeabilidad: IPX7<\/li>\n<\/ul>\n<p>Las ventajas de elegir nuestra bola de Kegel<\/p>\n<ul>\n<li>Utiliza los ejercicios de Kegel y pesa 30 minutos al d\u00eda. Puede obtener resultados satisfactorios<\/li>\n<li>M\u00e1s resistentes, m\u00e1s compactos, evitan el estiramiento y evitan las fugas<\/li>\n<\/ul>","protected":false},"featured_media":30678,"comment_status":"open","ping_status":"closed","template":"","meta":{"_seopress_robots_primary_cat":"","_seopress_titles_title":"","_seopress_titles_desc":"","_seopress_robots_index":""},"store":[4242],"product_brand":[],"product_cat":[4228],"product_tag":[3936],"class_list":{"0":"post-30579","1":"product","2":"type-product","3":"status-publish","4":"has-post-thumbnail","6":"store-levett","7":"product_cat-wireless-sex-toys","8":"product_tag-for-women","10":"first","11":"outofstock","12":"sale","13":"taxable","14":"shipping-taxable","15":"purchasable","16":"product-type-variable"},"_links":{"self":[{"href":"https:\/\/sextoysproductstore.com\/es\/wp-json\/wp\/v2\/product\/30579","targetHints":{"allow":["GET"]}}],"collection":[{"href":"https:\/\/sextoysproductstore.com\/es\/wp-json\/wp\/v2\/product"}],"about":[{"href":"https:\/\/sextoysproductstore.com\/es\/wp-json\/wp\/v2\/types\/product"}],"replies":[{"embeddable":true,"href":"https:\/\/sextoysproductstore.com\/es\/wp-json\/wp\/v2\/comments?post=30579"}],"version-history":[{"count":0,"href":"https:\/\/sextoysproductstore.com\/es\/wp-json\/wp\/v2\/product\/30579\/revisions"}],"wp:featuredmedia":[{"embeddable":true,"href":"https:\/\/sextoysproductstore.com\/es\/wp-json\/wp\/v2\/media\/30678"}],"wp:attachment":[{"href":"https:\/\/sextoysproductstore.com\/es\/wp-json\/wp\/v2\/media?parent=30579"}],"wp:term":[{"taxonomy":"store","embeddable":true,"href":"https:\/\/sextoysproductstore.com\/es\/wp-json\/wp\/v2\/store?post=30579"},{"taxonomy":"product_brand","embeddable":true,"href":"https:\/\/sextoysproductstore.com\/es\/wp-json\/wp\/v2\/product_brand?post=30579"},{"taxonomy":"product_cat","embeddable":true,"href":"https:\/\/sextoysproductstore.com\/es\/wp-json\/wp\/v2\/product_cat?post=30579"},{"taxonomy":"product_tag","embeddable":true,"href":"https:\/\/sextoysproductstore.com\/es\/wp-json\/wp\/v2\/product_tag?post=30579"}],"curies":[{"name":"wp","href":"https:\/\/api.w.org\/{rel}","templated":true}]}}