{"id":30575,"date":"2021-10-23T14:06:48","date_gmt":"2021-10-23T12:06:48","guid":{"rendered":"https:\/\/sextoysproductstore.com\/store\/uncategorized\/electric-shock-vibrating-egg-vibrators-for-women-wireless-g-spot-clitoris-stimulator-sex-toy-massager-vagina-exercise-kegel-ball\/"},"modified":"2026-04-10T03:45:56","modified_gmt":"2026-04-10T01:45:56","slug":"levett-pulse-shock-g-spot-clitoris-stimulator-kegel-ball-egg-vibrator","status":"publish","type":"product","link":"https:\/\/sextoysproductstore.com\/es\/store\/wireless-sex-toys\/levett-pulse-shock-g-spot-clitoris-stimulator-kegel-ball-egg-vibrator\/","title":{"rendered":"LEVETT Pulse Shock Punto G Estimulador de Cl\u00edtoris Bola de Kegel Huevo Vibrador"},"content":{"rendered":"<p>\u00bfPor qu\u00e9 elegir nuestro Vibrador de Huevo con Bola de Kegel?<\/p>\n<ol>\n<li>Un pulso de frecuencia de baja intensidad puede promover la curaci\u00f3n de los nervios lesionados, reducir el dolor y tener un efecto terap\u00e9utico en la recuperaci\u00f3n de la funci\u00f3n de conducci\u00f3n. Muchas mujeres, especialmente las mujeres despu\u00e9s del parto, tendr\u00e1n el problema de la relajaci\u00f3n vaginal, y nuestra bola de kegel es para resolver el problema de la relajaci\u00f3n vaginal de las mujeres a trav\u00e9s del ejercicio f\u00edsico.<\/li>\n<li>Utiliza nuestro vibrador de huevos para relajar el m\u00fasculo vaginal y aumentar la lubricaci\u00f3n vaginal, facilitando la consecuci\u00f3n del orgasmo. La estimulaci\u00f3n el\u00e9ctrica mejora la circulaci\u00f3n sangu\u00ednea en la vagina y la har\u00e1 m\u00e1s tensa.<\/li>\n<li>El vibrador est\u00e1 fabricado con silicona m\u00e9dica de alta calidad. El huevo vibrador es ideal para la estimulaci\u00f3n externa y apto para llevarlo internamente.<\/li>\n<li>\u00bfPor qu\u00e9 no pruebas a usar este huevo estimulante durante los juegos preliminares con tu pareja? Los patrones de vibraci\u00f3n de 16 velocidades y las descargas el\u00e9ctricas que env\u00edan sensaciones intensas a todo el cuerpo son ideales para un juguete de primera vez.<\/li>\n<\/ol>","protected":false},"excerpt":{"rendered":"<ul>\n<li>Caracter\u00edsticas: Resistente al agua, sin ftalatos<\/li>\n<li>Alimentaci\u00f3n: Carga magn\u00e9tica USB<\/li>\n<li>Material: Silicona m\u00e9dica<\/li>\n<li>Modos: 16 frecuencias de vibraci\u00f3n diferentes<\/li>\n<li>Tama\u00f1o:180*30mm<\/li>\n<li>Tiempo de carga: 2-3 horas<\/li>\n<li>Tiempo de uso: &gt;2 horas<\/li>\n<li>Distancia a distancia: 10 metros<\/li>\n<\/ul>","protected":false},"featured_media":30679,"comment_status":"open","ping_status":"closed","template":"","meta":{"_seopress_robots_primary_cat":"","_seopress_titles_title":"","_seopress_titles_desc":"","_seopress_robots_index":""},"store":[4242],"product_brand":[],"product_cat":[4228],"product_tag":[3936],"class_list":{"0":"post-30575","1":"product","2":"type-product","3":"status-publish","4":"has-post-thumbnail","6":"store-levett","7":"product_cat-wireless-sex-toys","8":"product_tag-for-women","10":"first","11":"outofstock","12":"sale","13":"taxable","14":"shipping-taxable","15":"purchasable","16":"product-type-variable"},"_links":{"self":[{"href":"https:\/\/sextoysproductstore.com\/es\/wp-json\/wp\/v2\/product\/30575","targetHints":{"allow":["GET"]}}],"collection":[{"href":"https:\/\/sextoysproductstore.com\/es\/wp-json\/wp\/v2\/product"}],"about":[{"href":"https:\/\/sextoysproductstore.com\/es\/wp-json\/wp\/v2\/types\/product"}],"replies":[{"embeddable":true,"href":"https:\/\/sextoysproductstore.com\/es\/wp-json\/wp\/v2\/comments?post=30575"}],"version-history":[{"count":0,"href":"https:\/\/sextoysproductstore.com\/es\/wp-json\/wp\/v2\/product\/30575\/revisions"}],"wp:featuredmedia":[{"embeddable":true,"href":"https:\/\/sextoysproductstore.com\/es\/wp-json\/wp\/v2\/media\/30679"}],"wp:attachment":[{"href":"https:\/\/sextoysproductstore.com\/es\/wp-json\/wp\/v2\/media?parent=30575"}],"wp:term":[{"taxonomy":"store","embeddable":true,"href":"https:\/\/sextoysproductstore.com\/es\/wp-json\/wp\/v2\/store?post=30575"},{"taxonomy":"product_brand","embeddable":true,"href":"https:\/\/sextoysproductstore.com\/es\/wp-json\/wp\/v2\/product_brand?post=30575"},{"taxonomy":"product_cat","embeddable":true,"href":"https:\/\/sextoysproductstore.com\/es\/wp-json\/wp\/v2\/product_cat?post=30575"},{"taxonomy":"product_tag","embeddable":true,"href":"https:\/\/sextoysproductstore.com\/es\/wp-json\/wp\/v2\/product_tag?post=30575"}],"curies":[{"name":"wp","href":"https:\/\/api.w.org\/{rel}","templated":true}]}}