{"id":30534,"date":"2021-10-16T02:19:41","date_gmt":"2021-10-16T00:19:41","guid":{"rendered":"https:\/\/sextoysproductstore.com\/store\/uncategorized\/male-penis-ring-cock-rings-silicone-lock-ejaculation-sex-toys-for-men-adult-ball-stretcher-anillo-hombre-cockring-sex-products\/"},"modified":"2026-04-11T17:23:18","modified_gmt":"2026-04-11T15:23:18","slug":"levett-penis-cock-ring-from-top-grade-quality-silicone","status":"publish","type":"product","link":"https:\/\/sextoysproductstore.com\/es\/store\/cock-rings\/levett-penis-cock-ring-from-top-grade-quality-silicone\/","title":{"rendered":"LEVETT Penis Cock Ring de silicona de alta calidad"},"content":{"rendered":"","protected":false},"excerpt":{"rendered":"<p>A diferencia de otros productos baratos, los productos de LEVETT est\u00e1n hechos de silicona de primera calidad, no t\u00f3xica y muy segura para tus partes \u00edntimas. La calidad primero es el prop\u00f3sito de LEVETT.<\/p>\n<ul>\n<li>Dise\u00f1o grueso. M\u00e1s c\u00f3modos y eficaces que otros anillos para el pene finos<\/li>\n<li>Estirado y el\u00e1stico para todas las tallas.<\/li>\n<li>Inhibe eficazmente la eyaculaci\u00f3n, ayuda a la erecci\u00f3n f\u00edsica.<\/li>\n<li>Para el manejo o control de la impotencia por disfunci\u00f3n er\u00e9ctil.<\/li>\n<li>Material: Silicona m\u00e9dica.<\/li>\n<\/ul>","protected":false},"featured_media":30680,"comment_status":"open","ping_status":"closed","template":"","meta":{"_seopress_robots_primary_cat":"","_seopress_titles_title":"","_seopress_titles_desc":"","_seopress_robots_index":""},"store":[4242],"product_brand":[],"product_cat":[3352],"product_tag":[3935],"class_list":{"0":"post-30534","1":"product","2":"type-product","3":"status-publish","4":"has-post-thumbnail","6":"store-levett","7":"product_cat-cock-rings","8":"product_tag-for-men","10":"first","11":"outofstock","12":"sale","13":"taxable","14":"shipping-taxable","15":"purchasable","16":"product-type-variable"},"_links":{"self":[{"href":"https:\/\/sextoysproductstore.com\/es\/wp-json\/wp\/v2\/product\/30534","targetHints":{"allow":["GET"]}}],"collection":[{"href":"https:\/\/sextoysproductstore.com\/es\/wp-json\/wp\/v2\/product"}],"about":[{"href":"https:\/\/sextoysproductstore.com\/es\/wp-json\/wp\/v2\/types\/product"}],"replies":[{"embeddable":true,"href":"https:\/\/sextoysproductstore.com\/es\/wp-json\/wp\/v2\/comments?post=30534"}],"version-history":[{"count":0,"href":"https:\/\/sextoysproductstore.com\/es\/wp-json\/wp\/v2\/product\/30534\/revisions"}],"wp:featuredmedia":[{"embeddable":true,"href":"https:\/\/sextoysproductstore.com\/es\/wp-json\/wp\/v2\/media\/30680"}],"wp:attachment":[{"href":"https:\/\/sextoysproductstore.com\/es\/wp-json\/wp\/v2\/media?parent=30534"}],"wp:term":[{"taxonomy":"store","embeddable":true,"href":"https:\/\/sextoysproductstore.com\/es\/wp-json\/wp\/v2\/store?post=30534"},{"taxonomy":"product_brand","embeddable":true,"href":"https:\/\/sextoysproductstore.com\/es\/wp-json\/wp\/v2\/product_brand?post=30534"},{"taxonomy":"product_cat","embeddable":true,"href":"https:\/\/sextoysproductstore.com\/es\/wp-json\/wp\/v2\/product_cat?post=30534"},{"taxonomy":"product_tag","embeddable":true,"href":"https:\/\/sextoysproductstore.com\/es\/wp-json\/wp\/v2\/product_tag?post=30534"}],"curies":[{"name":"wp","href":"https:\/\/api.w.org\/{rel}","templated":true}]}}