{"id":29349,"date":"2021-06-11T04:15:18","date_gmt":"2021-06-11T02:15:18","guid":{"rendered":"https:\/\/sextoysproductstore.com\/store\/uncategorized\/new-app-control-vibrating-egg-vibrators-sex-toys-for-women-wireless-g-spot-stimulator-panties-vibrator-ben-wa-vaginal-kegel-ball\/"},"modified":"2026-04-10T03:38:00","modified_gmt":"2026-04-10T01:38:00","slug":"levett-app-control-waterproof-ben-wa-kegel-ball-g-spot-vibrator","status":"publish","type":"product","link":"https:\/\/sextoysproductstore.com\/es\/store\/wireless-sex-toys\/levett-app-control-waterproof-ben-wa-kegel-ball-g-spot-vibrator\/","title":{"rendered":"LEVETT App Control Ben Wa Kegel Ball Vibrador Punto G"},"content":{"rendered":"<p>Funci\u00f3n de la APP: Interfaz de operaci\u00f3n simple<\/p>\n<ol>\n<li>Modo cl\u00e1sico: 9 frecuencias de vibraci\u00f3n<\/li>\n<li>Modo m\u00fasica: Puedes reproducir m\u00fasica mientras usas los juguetes. La melod\u00eda musical cambiar\u00e1 la frecuencia de vibraci\u00f3n<\/li>\n<li>Modo Shake: Al agitar el tel\u00e9fono para controlar la frecuencia e intensidad de la vibraci\u00f3n<\/li>\n<li>Modo interactivo: A\u00f1ade amigos para controlar los vibradores de los dem\u00e1s y puedes hacer videollamadas. \u00a1Esto har\u00e1 que sea m\u00e1s divertido!<\/li>\n<\/ol>","protected":false},"excerpt":{"rendered":"<ul>\n<li>Tipo: Vibrador de juguete sexual de carga magn\u00e9tica con control de aplicaci\u00f3n<\/li>\n<li>Modos: 9 frecuencias diferentes de vibraci\u00f3n<\/li>\n<li>Caracter\u00edsticas: Resistente al agua, sin ftalatos<\/li>\n<li>Material: Silicona m\u00e9dica<\/li>\n<li>Tama\u00f1o:180*30mm<\/li>\n<li>Alimentaci\u00f3n: Carga por USB<\/li>\n<li>Tiempo de carga: 2-3 horas<\/li>\n<li>Tiempo de uso: &gt;2 horas<\/li>\n<\/ul>","protected":false},"featured_media":30683,"comment_status":"open","ping_status":"closed","template":"","meta":{"_seopress_robots_primary_cat":"","_seopress_titles_title":"","_seopress_titles_desc":"LEVETT 9 vibration frequency Ben Wa Kegel Ball G Spot Vibrator with App Control. Add friends to control each other's vibrators.","_seopress_robots_index":""},"store":[4242],"product_brand":[],"product_cat":[4228],"product_tag":[3936],"class_list":{"0":"post-29349","1":"product","2":"type-product","3":"status-publish","4":"has-post-thumbnail","6":"store-levett","7":"product_cat-wireless-sex-toys","8":"product_tag-for-women","10":"first","11":"outofstock","12":"sale","13":"taxable","14":"shipping-taxable","15":"purchasable","16":"product-type-variable"},"_links":{"self":[{"href":"https:\/\/sextoysproductstore.com\/es\/wp-json\/wp\/v2\/product\/29349","targetHints":{"allow":["GET"]}}],"collection":[{"href":"https:\/\/sextoysproductstore.com\/es\/wp-json\/wp\/v2\/product"}],"about":[{"href":"https:\/\/sextoysproductstore.com\/es\/wp-json\/wp\/v2\/types\/product"}],"replies":[{"embeddable":true,"href":"https:\/\/sextoysproductstore.com\/es\/wp-json\/wp\/v2\/comments?post=29349"}],"version-history":[{"count":0,"href":"https:\/\/sextoysproductstore.com\/es\/wp-json\/wp\/v2\/product\/29349\/revisions"}],"wp:featuredmedia":[{"embeddable":true,"href":"https:\/\/sextoysproductstore.com\/es\/wp-json\/wp\/v2\/media\/30683"}],"wp:attachment":[{"href":"https:\/\/sextoysproductstore.com\/es\/wp-json\/wp\/v2\/media?parent=29349"}],"wp:term":[{"taxonomy":"store","embeddable":true,"href":"https:\/\/sextoysproductstore.com\/es\/wp-json\/wp\/v2\/store?post=29349"},{"taxonomy":"product_brand","embeddable":true,"href":"https:\/\/sextoysproductstore.com\/es\/wp-json\/wp\/v2\/product_brand?post=29349"},{"taxonomy":"product_cat","embeddable":true,"href":"https:\/\/sextoysproductstore.com\/es\/wp-json\/wp\/v2\/product_cat?post=29349"},{"taxonomy":"product_tag","embeddable":true,"href":"https:\/\/sextoysproductstore.com\/es\/wp-json\/wp\/v2\/product_tag?post=29349"}],"curies":[{"name":"wp","href":"https:\/\/api.w.org\/{rel}","templated":true}]}}