{"id":28052,"date":"2021-02-15T11:17:31","date_gmt":"2021-02-15T10:17:31","guid":{"rendered":"https:\/\/sextoysproductstore.com\/store\/uncategorized\/sucking-vibrator-clit-nipple-sucker-for-women-men-dildo-clitoris-stimulator-pussy-oral-blowjob-etotic-sex-toys-for-adult-couple\/"},"modified":"2026-04-25T10:50:39","modified_gmt":"2026-04-25T08:50:39","slug":"safiman-sucking-clit-nipple-vibrator-clitoris-stimulator","status":"publish","type":"product","link":"https:\/\/sextoysproductstore.com\/es\/store\/vibrators\/clitoral-vibrators\/safiman-sucking-clit-nipple-vibrator-clitoris-stimulator\/","title":{"rendered":"Safiman Vibrador de Cl\u00edtoris y Pez\u00f3n Estimulador de Cl\u00edtoris"},"content":{"rendered":"<ul>\n<li>Chupador de cl\u00edtoris de vac\u00edo: El masajeador de chupar est\u00e1 dise\u00f1ado para simular el placer oral realista, chupa y vibra el cl\u00edtoris o los pezones con 10 modos diferentes de suave a salvaje, le permiten tener la nueva experiencia de cl\u00edmax<\/li>\n<li>100% CUERPO SEGURO, F\u00c1CIL DE LIMPIAR: S\u00f3lo utilizamos silicona de primera calidad, suave y sedosa, aprobada por la FDA en todos nuestros productos, es hipoalerg\u00e9nica, sedosa, saludable, inodora y f\u00e1cil de limpiar<\/li>\n<li>RECARGABLE: Viene con un cable de carga USB para que puedas cargarlo en cualquier lugar, \u00a1una sola carga funciona 1+ horas!<\/li>\n<\/ul>","protected":false},"excerpt":{"rendered":"<ul>\n<li>Modo de funcionamiento: 10 frecuencias<\/li>\n<li>Color: Rojo rosado, p\u00farpura, carne<\/li>\n<li>Producto Meterial: Silicona<\/li>\n<li>Nivel de ruido: &lt;50 db<\/li>\n<li>Alimentaci\u00f3n: Bater\u00eda incorporada, recargable por USB<\/li>\n<\/ul>","protected":false},"featured_media":28151,"comment_status":"open","ping_status":"closed","template":"","meta":{"_seopress_robots_primary_cat":"","_seopress_titles_title":"","_seopress_titles_desc":"","_seopress_robots_index":""},"store":[4032],"product_brand":[],"product_cat":[3788,3305],"product_tag":[3936],"class_list":{"0":"post-28052","1":"product","2":"type-product","3":"status-publish","4":"has-post-thumbnail","6":"store-safiman","7":"product_cat-clitoral-vibrators","8":"product_cat-vibrators","9":"product_tag-for-women","11":"first","12":"instock","13":"sale","14":"taxable","15":"shipping-taxable","16":"purchasable","17":"product-type-simple"},"_links":{"self":[{"href":"https:\/\/sextoysproductstore.com\/es\/wp-json\/wp\/v2\/product\/28052","targetHints":{"allow":["GET"]}}],"collection":[{"href":"https:\/\/sextoysproductstore.com\/es\/wp-json\/wp\/v2\/product"}],"about":[{"href":"https:\/\/sextoysproductstore.com\/es\/wp-json\/wp\/v2\/types\/product"}],"replies":[{"embeddable":true,"href":"https:\/\/sextoysproductstore.com\/es\/wp-json\/wp\/v2\/comments?post=28052"}],"version-history":[{"count":0,"href":"https:\/\/sextoysproductstore.com\/es\/wp-json\/wp\/v2\/product\/28052\/revisions"}],"wp:featuredmedia":[{"embeddable":true,"href":"https:\/\/sextoysproductstore.com\/es\/wp-json\/wp\/v2\/media\/28151"}],"wp:attachment":[{"href":"https:\/\/sextoysproductstore.com\/es\/wp-json\/wp\/v2\/media?parent=28052"}],"wp:term":[{"taxonomy":"store","embeddable":true,"href":"https:\/\/sextoysproductstore.com\/es\/wp-json\/wp\/v2\/store?post=28052"},{"taxonomy":"product_brand","embeddable":true,"href":"https:\/\/sextoysproductstore.com\/es\/wp-json\/wp\/v2\/product_brand?post=28052"},{"taxonomy":"product_cat","embeddable":true,"href":"https:\/\/sextoysproductstore.com\/es\/wp-json\/wp\/v2\/product_cat?post=28052"},{"taxonomy":"product_tag","embeddable":true,"href":"https:\/\/sextoysproductstore.com\/es\/wp-json\/wp\/v2\/product_tag?post=28052"}],"curies":[{"name":"wp","href":"https:\/\/api.w.org\/{rel}","templated":true}]}}